{"id":1223,"date":"2025-04-01T11:44:13","date_gmt":"2025-04-01T15:44:13","guid":{"rendered":"https:\/\/www.scribecanada.com\/blog\/"},"modified":"2025-04-01T11:56:48","modified_gmt":"2025-04-01T15:56:48","slug":"blog-posts","status":"publish","type":"page","link":"https:\/\/www.scribecanada.com\/fr\/blog-posts\/","title":{"rendered":"Articles De Blog"},"content":{"rendered":"\n<div class=\"wp-block-query is-content-justification-left is-layout-constrained wp-container-core-query-is-layout-4160d5b2 wp-block-query-is-layout-constrained\"><ul class=\"wp-block-post-template is-layout-flow wp-block-post-template-is-layout-flow\"><li class=\"wp-block-post post-1217 education_post type-education_post status-publish has-post-thumbnail hentry\">\n\n<div class=\"wp-block-columns are-vertically-aligned-center has-base-background-color has-background has-small-font-size is-layout-flex wp-container-core-columns-is-layout-9d6595d7 wp-block-columns-is-layout-flex\" style=\"box-shadow:var(--wp--preset--shadow--natural)\">\n<div class=\"wp-block-column is-vertically-aligned-center is-layout-flow wp-block-column-is-layout-flow\" style=\"flex-basis:25%\"><figure class=\"wp-block-post-featured-image\"><a href=\"https:\/\/www.scribecanada.com\/fr\/blog-post\/les-scribes-approfondissent-les-pratiques-dermatologiques\/\" target=\"_self\"  ><img loading=\"lazy\" decoding=\"async\" width=\"650\" height=\"412\" src=\"https:\/\/www.scribecanada.com\/wp-content\/uploads\/2025\/04\/iStock-1205364922-1024x649-1-650x412.jpg\" class=\"attachment-post-thumbnail size-post-thumbnail wp-post-image\" alt=\"Les scribes approfondissent les pratiques dermatologiques\" style=\"object-fit:cover;\" srcset=\"https:\/\/www.scribecanada.com\/wp-content\/uploads\/2025\/04\/iStock-1205364922-1024x649-1-650x412.jpg 650w, https:\/\/www.scribecanada.com\/wp-content\/uploads\/2025\/04\/iStock-1205364922-1024x649-1-300x190.jpg 300w, https:\/\/www.scribecanada.com\/wp-content\/uploads\/2025\/04\/iStock-1205364922-1024x649-1-768x487.jpg 768w, https:\/\/www.scribecanada.com\/wp-content\/uploads\/2025\/04\/iStock-1205364922-1024x649-1.jpg 1024w\" sizes=\"auto, (max-width: 650px) 100vw, 650px\" \/><\/a><\/figure><\/div>\n\n\n\n<div class=\"wp-block-column is-vertically-aligned-center is-layout-flow wp-block-column-is-layout-flow\" style=\"flex-basis:75%\"><h2 class=\"wp-block-post-title\"><a href=\"https:\/\/www.scribecanada.com\/fr\/blog-post\/les-scribes-approfondissent-les-pratiques-dermatologiques\/\" target=\"_self\" >Les scribes approfondissent les pratiques dermatologiques<\/a><\/h2><\/div>\n<\/div>\n\n<\/li><li class=\"wp-block-post post-1218 education_post type-education_post status-publish has-post-thumbnail hentry\">\n\n<div class=\"wp-block-columns are-vertically-aligned-center has-base-background-color has-background has-small-font-size is-layout-flex wp-container-core-columns-is-layout-9d6595d7 wp-block-columns-is-layout-flex\" style=\"box-shadow:var(--wp--preset--shadow--natural)\">\n<div class=\"wp-block-column is-vertically-aligned-center is-layout-flow wp-block-column-is-layout-flow\" style=\"flex-basis:25%\"><figure class=\"wp-block-post-featured-image\"><a href=\"https:\/\/www.scribecanada.com\/fr\/blog-post\/les-donnees-relatives-a-limpact-des-scribes-sur-les-charges-liees-au-dse\/\" target=\"_self\"  ><img loading=\"lazy\" decoding=\"async\" width=\"650\" height=\"342\" src=\"https:\/\/www.scribecanada.com\/wp-content\/uploads\/2025\/04\/Untitled-design-12-1024x538-1-650x342.png\" class=\"attachment-post-thumbnail size-post-thumbnail wp-post-image\" alt=\"Les donn\u00e9es relatives \u00e0 l&#8217;impact des scribes sur les charges li\u00e9es au DSE\" style=\"object-fit:cover;\" srcset=\"https:\/\/www.scribecanada.com\/wp-content\/uploads\/2025\/04\/Untitled-design-12-1024x538-1-650x342.png 650w, https:\/\/www.scribecanada.com\/wp-content\/uploads\/2025\/04\/Untitled-design-12-1024x538-1-300x158.png 300w, https:\/\/www.scribecanada.com\/wp-content\/uploads\/2025\/04\/Untitled-design-12-1024x538-1-768x404.png 768w, https:\/\/www.scribecanada.com\/wp-content\/uploads\/2025\/04\/Untitled-design-12-1024x538-1.png 1024w\" sizes=\"auto, (max-width: 650px) 100vw, 650px\" \/><\/a><\/figure><\/div>\n\n\n\n<div class=\"wp-block-column is-vertically-aligned-center is-layout-flow wp-block-column-is-layout-flow\" style=\"flex-basis:75%\"><h2 class=\"wp-block-post-title\"><a href=\"https:\/\/www.scribecanada.com\/fr\/blog-post\/les-donnees-relatives-a-limpact-des-scribes-sur-les-charges-liees-au-dse\/\" target=\"_self\" >Les donn\u00e9es relatives \u00e0 l&#8217;impact des scribes sur les charges li\u00e9es au DSE<\/a><\/h2><\/div>\n<\/div>\n\n<\/li><li class=\"wp-block-post post-1216 education_post type-education_post status-publish has-post-thumbnail hentry\">\n\n<div class=\"wp-block-columns are-vertically-aligned-center has-base-background-color has-background has-small-font-size is-layout-flex wp-container-core-columns-is-layout-9d6595d7 wp-block-columns-is-layout-flex\" style=\"box-shadow:var(--wp--preset--shadow--natural)\">\n<div class=\"wp-block-column is-vertically-aligned-center is-layout-flow wp-block-column-is-layout-flow\" style=\"flex-basis:25%\"><figure class=\"wp-block-post-featured-image\"><a href=\"https:\/\/www.scribecanada.com\/fr\/blog-post\/les-scribes-humains-restent-la-cle-des-technologies-de-pointe-mais-ne-negligez-pas-lia\/\" target=\"_self\"  ><img loading=\"lazy\" decoding=\"async\" width=\"650\" height=\"434\" src=\"https:\/\/www.scribecanada.com\/wp-content\/uploads\/2025\/04\/iStock-1397713455-1024x683-1-650x434.jpg\" class=\"attachment-post-thumbnail size-post-thumbnail wp-post-image\" alt=\"Les scribes humains restent la cl\u00e9 des technologies de pointe, mais ne n\u00e9gligez pas l&#8217;IA\" style=\"object-fit:cover;\" srcset=\"https:\/\/www.scribecanada.com\/wp-content\/uploads\/2025\/04\/iStock-1397713455-1024x683-1-650x434.jpg 650w, https:\/\/www.scribecanada.com\/wp-content\/uploads\/2025\/04\/iStock-1397713455-1024x683-1-300x200.jpg 300w, https:\/\/www.scribecanada.com\/wp-content\/uploads\/2025\/04\/iStock-1397713455-1024x683-1-768x512.jpg 768w, https:\/\/www.scribecanada.com\/wp-content\/uploads\/2025\/04\/iStock-1397713455-1024x683-1-375x250.jpg 375w, https:\/\/www.scribecanada.com\/wp-content\/uploads\/2025\/04\/iStock-1397713455-1024x683-1-750x500.jpg 750w, https:\/\/www.scribecanada.com\/wp-content\/uploads\/2025\/04\/iStock-1397713455-1024x683-1.jpg 1024w\" sizes=\"auto, (max-width: 650px) 100vw, 650px\" \/><\/a><\/figure><\/div>\n\n\n\n<div class=\"wp-block-column is-vertically-aligned-center is-layout-flow wp-block-column-is-layout-flow\" style=\"flex-basis:75%\"><h2 class=\"wp-block-post-title\"><a href=\"https:\/\/www.scribecanada.com\/fr\/blog-post\/les-scribes-humains-restent-la-cle-des-technologies-de-pointe-mais-ne-negligez-pas-lia\/\" target=\"_self\" >Les scribes humains restent la cl\u00e9 des technologies de pointe, mais ne n\u00e9gligez pas l&#8217;IA<\/a><\/h2><\/div>\n<\/div>\n\n<\/li><li class=\"wp-block-post post-1219 education_post type-education_post status-publish has-post-thumbnail hentry\">\n\n<div class=\"wp-block-columns are-vertically-aligned-center has-base-background-color has-background has-small-font-size is-layout-flex wp-container-core-columns-is-layout-9d6595d7 wp-block-columns-is-layout-flex\" style=\"box-shadow:var(--wp--preset--shadow--natural)\">\n<div class=\"wp-block-column is-vertically-aligned-center is-layout-flow wp-block-column-is-layout-flow\" style=\"flex-basis:25%\"><figure class=\"wp-block-post-featured-image\"><a href=\"https:\/\/www.scribecanada.com\/fr\/blog-post\/les-donnees-ne-changeront-pas-cessez-de-sonder-vos-prestataires-sur-lepuisement-professionnel\/\" target=\"_self\"  ><img loading=\"lazy\" decoding=\"async\" width=\"650\" height=\"422\" src=\"https:\/\/www.scribecanada.com\/wp-content\/uploads\/2025\/04\/iStock-2032134276-650x422.jpg\" class=\"attachment-post-thumbnail size-post-thumbnail wp-post-image\" alt=\"Les donn\u00e9es ne changeront pas. Cessez de sonder vos prestataires sur l&#8217;\u00e9puisement professionnel.\" style=\"object-fit:cover;\" srcset=\"https:\/\/www.scribecanada.com\/wp-content\/uploads\/2025\/04\/iStock-2032134276-650x422.jpg 650w, https:\/\/www.scribecanada.com\/wp-content\/uploads\/2025\/04\/iStock-2032134276-300x195.jpg 300w, https:\/\/www.scribecanada.com\/wp-content\/uploads\/2025\/04\/iStock-2032134276-1024x664.jpg 1024w, https:\/\/www.scribecanada.com\/wp-content\/uploads\/2025\/04\/iStock-2032134276-768x498.jpg 768w, https:\/\/www.scribecanada.com\/wp-content\/uploads\/2025\/04\/iStock-2032134276-1141x740.jpg 1141w, https:\/\/www.scribecanada.com\/wp-content\/uploads\/2025\/04\/iStock-2032134276-800x520.jpg 800w, https:\/\/www.scribecanada.com\/wp-content\/uploads\/2025\/04\/iStock-2032134276.jpg 1500w\" sizes=\"auto, (max-width: 650px) 100vw, 650px\" \/><\/a><\/figure><\/div>\n\n\n\n<div class=\"wp-block-column is-vertically-aligned-center is-layout-flow wp-block-column-is-layout-flow\" style=\"flex-basis:75%\"><h2 class=\"wp-block-post-title\"><a href=\"https:\/\/www.scribecanada.com\/fr\/blog-post\/les-donnees-ne-changeront-pas-cessez-de-sonder-vos-prestataires-sur-lepuisement-professionnel\/\" target=\"_self\" >Les donn\u00e9es ne changeront pas. Cessez de sonder vos prestataires sur l&#8217;\u00e9puisement professionnel.<\/a><\/h2><\/div>\n<\/div>\n\n<\/li><li class=\"wp-block-post post-1220 education_post type-education_post status-publish has-post-thumbnail hentry\">\n\n<div class=\"wp-block-columns are-vertically-aligned-center has-base-background-color has-background has-small-font-size is-layout-flex wp-container-core-columns-is-layout-9d6595d7 wp-block-columns-is-layout-flex\" style=\"box-shadow:var(--wp--preset--shadow--natural)\">\n<div class=\"wp-block-column is-vertically-aligned-center is-layout-flow wp-block-column-is-layout-flow\" style=\"flex-basis:25%\"><figure class=\"wp-block-post-featured-image\"><a href=\"https:\/\/www.scribecanada.com\/fr\/blog-post\/comment-lia-peut-vous-sauver-dans-la-crise-veterinaire-qui-sannonce\/\" target=\"_self\"  ><img loading=\"lazy\" decoding=\"async\" width=\"650\" height=\"520\" src=\"https:\/\/www.scribecanada.com\/wp-content\/uploads\/2025\/04\/Email-Campaign-Headers-3-650x520.png\" class=\"attachment-post-thumbnail size-post-thumbnail wp-post-image\" alt=\"Comment l&#8217;IA peut vous sauver dans la crise v\u00e9t\u00e9rinaire qui s&#8217;annonce\" style=\"object-fit:cover;\" srcset=\"https:\/\/www.scribecanada.com\/wp-content\/uploads\/2025\/04\/Email-Campaign-Headers-3-650x520.png 650w, https:\/\/www.scribecanada.com\/wp-content\/uploads\/2025\/04\/Email-Campaign-Headers-3-300x240.png 300w, https:\/\/www.scribecanada.com\/wp-content\/uploads\/2025\/04\/Email-Campaign-Headers-3-1024x819.png 1024w, https:\/\/www.scribecanada.com\/wp-content\/uploads\/2025\/04\/Email-Campaign-Headers-3-768x614.png 768w, https:\/\/www.scribecanada.com\/wp-content\/uploads\/2025\/04\/Email-Campaign-Headers-3-925x740.png 925w, https:\/\/www.scribecanada.com\/wp-content\/uploads\/2025\/04\/Email-Campaign-Headers-3-375x300.png 375w, https:\/\/www.scribecanada.com\/wp-content\/uploads\/2025\/04\/Email-Campaign-Headers-3-750x600.png 750w, https:\/\/www.scribecanada.com\/wp-content\/uploads\/2025\/04\/Email-Campaign-Headers-3.png 1500w\" sizes=\"auto, (max-width: 650px) 100vw, 650px\" \/><\/a><\/figure><\/div>\n\n\n\n<div class=\"wp-block-column is-vertically-aligned-center is-layout-flow wp-block-column-is-layout-flow\" style=\"flex-basis:75%\"><h2 class=\"wp-block-post-title\"><a href=\"https:\/\/www.scribecanada.com\/fr\/blog-post\/comment-lia-peut-vous-sauver-dans-la-crise-veterinaire-qui-sannonce\/\" target=\"_self\" >Comment l&#8217;IA peut vous sauver dans la crise v\u00e9t\u00e9rinaire qui s&#8217;annonce<\/a><\/h2><\/div>\n<\/div>\n\n<\/li><\/ul><\/div>\n","protected":false},"excerpt":{"rendered":"","protected":false},"author":18,"featured_media":0,"parent":0,"menu_order":0,"comment_status":"closed","ping_status":"closed","template":"templates\/template-resource-center.php","meta":{"content-type":"","inline_featured_image":false,"footnotes":""},"tags":[],"class_list":["post-1223","page","type-page","status-publish","hentry"],"yoast_head":"<!-- This site is optimized with the Yoast SEO plugin v27.3 - https:\/\/yoast.com\/product\/yoast-seo-wordpress\/ -->\n<title>Articles De Blog - ScribeCanada<\/title>\n<meta name=\"robots\" content=\"index, follow, max-snippet:-1, max-image-preview:large, max-video-preview:-1\" \/>\n<link rel=\"canonical\" href=\"https:\/\/www.scribecanada.com\/fr\/blog-posts\/\" \/>\n<meta property=\"og:locale\" content=\"fr_FR\" \/>\n<meta property=\"og:type\" content=\"article\" \/>\n<meta property=\"og:title\" content=\"Articles De Blog - ScribeCanada\" \/>\n<meta property=\"og:url\" content=\"https:\/\/www.scribecanada.com\/fr\/blog-posts\/\" \/>\n<meta property=\"og:site_name\" content=\"ScribeCanada\" \/>\n<meta property=\"article:modified_time\" content=\"2025-04-01T15:56:48+00:00\" \/>\n<meta name=\"twitter:card\" content=\"summary_large_image\" \/>\n<script type=\"application\/ld+json\" class=\"yoast-schema-graph\">{\"@context\":\"https:\\\/\\\/schema.org\",\"@graph\":[{\"@type\":\"WebPage\",\"@id\":\"https:\\\/\\\/www.scribecanada.com\\\/fr\\\/blog-posts\\\/\",\"url\":\"https:\\\/\\\/www.scribecanada.com\\\/fr\\\/blog-posts\\\/\",\"name\":\"Articles De Blog - ScribeCanada\",\"isPartOf\":{\"@id\":\"https:\\\/\\\/www.scribecanada.com\\\/fr\\\/#website\"},\"datePublished\":\"2025-04-01T15:44:13+00:00\",\"dateModified\":\"2025-04-01T15:56:48+00:00\",\"breadcrumb\":{\"@id\":\"https:\\\/\\\/www.scribecanada.com\\\/fr\\\/blog-posts\\\/#breadcrumb\"},\"inLanguage\":\"fr-FR\",\"potentialAction\":[{\"@type\":\"ReadAction\",\"target\":[\"https:\\\/\\\/www.scribecanada.com\\\/fr\\\/blog-posts\\\/\"]}]},{\"@type\":\"BreadcrumbList\",\"@id\":\"https:\\\/\\\/www.scribecanada.com\\\/fr\\\/blog-posts\\\/#breadcrumb\",\"itemListElement\":[{\"@type\":\"ListItem\",\"position\":1,\"name\":\"Home\",\"item\":\"https:\\\/\\\/www.scribecanada.com\\\/fr\\\/\"},{\"@type\":\"ListItem\",\"position\":2,\"name\":\"Articles De Blog\"}]},{\"@type\":\"WebSite\",\"@id\":\"https:\\\/\\\/www.scribecanada.com\\\/fr\\\/#website\",\"url\":\"https:\\\/\\\/www.scribecanada.com\\\/fr\\\/\",\"name\":\"ScribeCanada\",\"description\":\"\",\"publisher\":{\"@id\":\"https:\\\/\\\/www.scribecanada.com\\\/fr\\\/#organization\"},\"potentialAction\":[{\"@type\":\"SearchAction\",\"target\":{\"@type\":\"EntryPoint\",\"urlTemplate\":\"https:\\\/\\\/www.scribecanada.com\\\/fr\\\/?s={search_term_string}\"},\"query-input\":{\"@type\":\"PropertyValueSpecification\",\"valueRequired\":true,\"valueName\":\"search_term_string\"}}],\"inLanguage\":\"fr-FR\"},{\"@type\":\"Organization\",\"@id\":\"https:\\\/\\\/www.scribecanada.com\\\/fr\\\/#organization\",\"name\":\"ScribeCanada Healthcare\",\"url\":\"https:\\\/\\\/www.scribecanada.com\\\/fr\\\/\",\"logo\":{\"@type\":\"ImageObject\",\"inLanguage\":\"fr-FR\",\"@id\":\"https:\\\/\\\/www.scribecanada.com\\\/fr\\\/#\\\/schema\\\/logo\\\/image\\\/\",\"url\":\"https:\\\/\\\/www.scribecanada.com\\\/wp-content\\\/uploads\\\/2020\\\/02\\\/scan_logo.png\",\"contentUrl\":\"https:\\\/\\\/www.scribecanada.com\\\/wp-content\\\/uploads\\\/2020\\\/02\\\/scan_logo.png\",\"width\":512,\"height\":149,\"caption\":\"ScribeCanada Healthcare\"},\"image\":{\"@id\":\"https:\\\/\\\/www.scribecanada.com\\\/fr\\\/#\\\/schema\\\/logo\\\/image\\\/\"}}]}<\/script>\n<!-- \/ Yoast SEO plugin. -->","yoast_head_json":{"title":"Articles De Blog - ScribeCanada","robots":{"index":"index","follow":"follow","max-snippet":"max-snippet:-1","max-image-preview":"max-image-preview:large","max-video-preview":"max-video-preview:-1"},"canonical":"https:\/\/www.scribecanada.com\/fr\/blog-posts\/","og_locale":"fr_FR","og_type":"article","og_title":"Articles De Blog - ScribeCanada","og_url":"https:\/\/www.scribecanada.com\/fr\/blog-posts\/","og_site_name":"ScribeCanada","article_modified_time":"2025-04-01T15:56:48+00:00","twitter_card":"summary_large_image","schema":{"@context":"https:\/\/schema.org","@graph":[{"@type":"WebPage","@id":"https:\/\/www.scribecanada.com\/fr\/blog-posts\/","url":"https:\/\/www.scribecanada.com\/fr\/blog-posts\/","name":"Articles De Blog - ScribeCanada","isPartOf":{"@id":"https:\/\/www.scribecanada.com\/fr\/#website"},"datePublished":"2025-04-01T15:44:13+00:00","dateModified":"2025-04-01T15:56:48+00:00","breadcrumb":{"@id":"https:\/\/www.scribecanada.com\/fr\/blog-posts\/#breadcrumb"},"inLanguage":"fr-FR","potentialAction":[{"@type":"ReadAction","target":["https:\/\/www.scribecanada.com\/fr\/blog-posts\/"]}]},{"@type":"BreadcrumbList","@id":"https:\/\/www.scribecanada.com\/fr\/blog-posts\/#breadcrumb","itemListElement":[{"@type":"ListItem","position":1,"name":"Home","item":"https:\/\/www.scribecanada.com\/fr\/"},{"@type":"ListItem","position":2,"name":"Articles De Blog"}]},{"@type":"WebSite","@id":"https:\/\/www.scribecanada.com\/fr\/#website","url":"https:\/\/www.scribecanada.com\/fr\/","name":"ScribeCanada","description":"","publisher":{"@id":"https:\/\/www.scribecanada.com\/fr\/#organization"},"potentialAction":[{"@type":"SearchAction","target":{"@type":"EntryPoint","urlTemplate":"https:\/\/www.scribecanada.com\/fr\/?s={search_term_string}"},"query-input":{"@type":"PropertyValueSpecification","valueRequired":true,"valueName":"search_term_string"}}],"inLanguage":"fr-FR"},{"@type":"Organization","@id":"https:\/\/www.scribecanada.com\/fr\/#organization","name":"ScribeCanada Healthcare","url":"https:\/\/www.scribecanada.com\/fr\/","logo":{"@type":"ImageObject","inLanguage":"fr-FR","@id":"https:\/\/www.scribecanada.com\/fr\/#\/schema\/logo\/image\/","url":"https:\/\/www.scribecanada.com\/wp-content\/uploads\/2020\/02\/scan_logo.png","contentUrl":"https:\/\/www.scribecanada.com\/wp-content\/uploads\/2020\/02\/scan_logo.png","width":512,"height":149,"caption":"ScribeCanada Healthcare"},"image":{"@id":"https:\/\/www.scribecanada.com\/fr\/#\/schema\/logo\/image\/"}}]}},"_links":{"self":[{"href":"https:\/\/www.scribecanada.com\/fr\/wp-json\/wp\/v2\/pages\/1223","targetHints":{"allow":["GET"]}}],"collection":[{"href":"https:\/\/www.scribecanada.com\/fr\/wp-json\/wp\/v2\/pages"}],"about":[{"href":"https:\/\/www.scribecanada.com\/fr\/wp-json\/wp\/v2\/types\/page"}],"author":[{"embeddable":true,"href":"https:\/\/www.scribecanada.com\/fr\/wp-json\/wp\/v2\/users\/18"}],"replies":[{"embeddable":true,"href":"https:\/\/www.scribecanada.com\/fr\/wp-json\/wp\/v2\/comments?post=1223"}],"version-history":[{"count":2,"href":"https:\/\/www.scribecanada.com\/fr\/wp-json\/wp\/v2\/pages\/1223\/revisions"}],"predecessor-version":[{"id":1230,"href":"https:\/\/www.scribecanada.com\/fr\/wp-json\/wp\/v2\/pages\/1223\/revisions\/1230"}],"wp:attachment":[{"href":"https:\/\/www.scribecanada.com\/fr\/wp-json\/wp\/v2\/media?parent=1223"}],"wp:term":[{"taxonomy":"post_tag","embeddable":true,"href":"https:\/\/www.scribecanada.com\/fr\/wp-json\/wp\/v2\/tags?post=1223"}],"curies":[{"name":"wp","href":"https:\/\/api.w.org\/{rel}","templated":true}]}}