{"id":981,"date":"2019-06-20T16:13:54","date_gmt":"2019-06-20T20:13:54","guid":{"rendered":"https:\/\/dev.scribecanada.com\/qui-sommes-nous\/"},"modified":"2024-04-04T19:52:24","modified_gmt":"2024-04-04T23:52:24","slug":"qui-sommes-nous","status":"publish","type":"page","link":"https:\/\/www.scribecanada.com\/fr\/qui-sommes-nous\/","title":{"rendered":"Qui sommes-nous ?"},"content":{"rendered":"\n<section class=\"is-style-classic wp-block-sa-blocks-heading-w-paragraph\">\n  <div class=\"copy-wrapper\">\n    \n\n<h1 class=\"wp-block-heading\">Qui sommes-nous ?<\/h1>\n\n  <\/div>\n<\/section><section class=\"how-work__inner is-style-plain wp-block-sa-blocks-how-it-works\">\n  <div class=\"wtabs js-tabs\">\n    \n<section class=\"wtabs__nav js-tab-nav wp-block-sa-blocks-how-it-works-tabs\">\n  \n<a href=\"#\" class = \"wtabs-nav-item js-tab-nav-link is-active\" data-index=\"0\">\n      \n    <div class=\"wtabs-nav-item__img\">\n        <img decoding=\"async\" loading=\"lazy\" src=\"https:\/\/www.scribecanada.com\/wp-content\/uploads\/2023\/08\/clock-back-gray.svg\" alt=\"\">\n    <\/div>\n  \n  <span class=\"wtabs-nav-item__text\">Notre histoire et notre mod\u00e8le d&#8217;entreprise<\/span>\n<\/a>\n\n<a href=\"#\" class = \"wtabs-nav-item js-tab-nav-link \" data-index=\"1\">\n      \n    <div class=\"wtabs-nav-item__img\">\n        <img decoding=\"async\" loading=\"lazy\" src=\"https:\/\/www.scribecanada.com\/wp-content\/uploads\/2023\/08\/pie-chart-gray.svg\" alt=\"\">\n    <\/div>\n  \n  <span class=\"wtabs-nav-item__text\">Notre position actuelle sur le march\u00e9 des scribes<\/span>\n<\/a>\n\n<a href=\"#\" class = \"wtabs-nav-item js-tab-nav-link \" data-index=\"2\">\n      \n    <div class=\"wtabs-nav-item__img\">\n        <img decoding=\"async\" loading=\"lazy\" src=\"https:\/\/www.scribecanada.com\/wp-content\/uploads\/2023\/08\/bullseye-gray.svg\" alt=\"\">\n    <\/div>\n  \n  <span class=\"wtabs-nav-item__text\">Ce que l&#8217;avenir nous r\u00e9serve<\/span>\n<\/a>\n<\/section>\n\n<section class=\"wtabs__content js-tabs-content wp-block-sa-blocks-how-it-works-cards\">\n  \n<div class=\"wtabs__item js-tabs-item is-active\" data-index=\"0\">\n\n  <div class=\"wtabs__text-side\">\n    <div class=\"wtabs__text-side-inner\">\n            \n      \n\n<p>ScribeCanada est une nouvelle soci\u00e9t\u00e9 cr\u00e9\u00e9e pour r\u00e9pondre \u00e0 un probl\u00e8me urgent dans le domaine des soins de sant\u00e9 : comment fournir des soins personnalis\u00e9s, de haute qualit\u00e9 et rentables dans un environnement de soins de sant\u00e9 de plus en plus complexe.<\/p>\n\n\n\n<p>Les exigences d&#8217;un syst\u00e8me de soins de sant\u00e9 de plus en plus ax\u00e9 sur les donn\u00e9es et bureaucratiquement responsable font peser une lourde charge administrative et documentaire sur les m\u00e9decins, qui sont eux-m\u00eames une ressource limit\u00e9e et tendue. Cela les \u00e9loigne des soins directs aux patients et rend de plus en plus difficile la fourniture d&#8217;une m\u00e9decine de haute qualit\u00e9 ax\u00e9e sur le patient. Il est clair que cela n\u00e9cessite de nouvelles solutions. Les scribes m\u00e9dicaux sont une solution viable, test\u00e9e et valid\u00e9e cliniquement, et notre soci\u00e9t\u00e9, qui propose des programmes de scribe m\u00e9dical, a \u00e9t\u00e9 cr\u00e9\u00e9e pour ramener les cliniciens au &#8220;chevet du malade&#8221;, pour stimuler la productivit\u00e9 et surtout pour am\u00e9liorer les soins prodigu\u00e9s aux patients.<\/p>\n\n\n\n<p>Afin d&#8217;offrir des programmes de scribe m\u00e9dical de la plus haute qualit\u00e9, ScribeCanada s&#8217;est associ\u00e9 \u00e0 une entreprise am\u00e9ricaine, ScribeAmerica, la plus importante entreprise de services de scribe aux \u00c9tats-Unis. Ils ont plus d&#8217;une douzaine d&#8217;ann\u00e9es de savoir-faire, cr\u00e9ant en fait l&#8217;industrie moderne de la scribe dans ce pays, et nous prenons le meilleur d&#8217;eux et le d\u00e9veloppons et l&#8217;adaptons pour r\u00e9pondre aux besoins locaux au Canada en utilisant nos propres m\u00e9decins experts et notre propre personnel.<\/p>\n\n\n      \n    <\/div>\n  <\/div>\n\n\n<\/div>\n\n<div class=\"wtabs__item js-tabs-item \" data-index=\"1\">\n\n  <div class=\"wtabs__text-side\">\n    <div class=\"wtabs__text-side-inner\">\n            \n      \n\n<p>ScribeCanada est une jeune entreprise passionn\u00e9e par la scribe m\u00e9dicale et nous nous r\u00e9jouissons de travailler avec de nombreux nouveaux clients dans un avenir proche. Au Canada, le scribe m\u00e9dical est un concept relativement nouveau et une industrie naissante. Il s&#8217;agit toutefois d&#8217;un secteur \u00e0 fort potentiel, si l&#8217;on en croit l&#8217;utilisation qui en est faite sur d&#8217;autres march\u00e9s confront\u00e9s \u00e0 des probl\u00e8mes comparables aux n\u00f4tres, et nous sommes fiers d&#8217;\u00eatre \u00e0 l&#8217;avant-garde de cette industrie.<\/p>\n\n\n\n<p>Aux \u00c9tats-Unis, le secteur des scribes m\u00e9dicaux est bien \u00e9tabli, un tiers des m\u00e9decins faisant appel \u00e0 des scribes, et ce chiffre ne cesse de cro\u00eetre. Notre partenaire, ScribeAmerica, dessert \u00e0 lui seul plus de 3 300 \u00e9tablissements m\u00e9dicaux aux \u00c9tats-Unis et emploie quelque 25 000 scribes.<\/p>\n\n\n      \n    <\/div>\n  <\/div>\n\n\n<\/div>\n\n<div class=\"wtabs__item js-tabs-item \" data-index=\"2\">\n\n  <div class=\"wtabs__text-side\">\n    <div class=\"wtabs__text-side-inner\">\n            \n      \n\n<p>Les scribes sont particuli\u00e8rement efficaces pour lib\u00e9rer les m\u00e9decins et les professionnels param\u00e9dicaux du fardeau croissant de la documentation m\u00e9dicale et de l&#8217;administration, ce qui leur redonne du temps pour voir plus de patients et leur permet de leur accorder plus d&#8217;attention. Forts de ces avantages, nous nous r\u00e9jouissons de contribuer \u00e0 la croissance de l&#8217;industrie de la st\u00e9nographie au Canada et de travailler avec nos clients pour offrir les normes les plus \u00e9lev\u00e9es en mati\u00e8re de soins aux patients.<\/p>\n\n\n      \n    <\/div>\n  <\/div>\n\n\n<\/div>\n<\/section>\n  <\/div>\n<\/section>","protected":false},"excerpt":{"rendered":"","protected":false},"author":3,"featured_media":0,"parent":0,"menu_order":0,"comment_status":"closed","ping_status":"closed","template":"templates\/template-gutenberg.php","meta":{"content-type":"","inline_featured_image":false,"footnotes":""},"tags":[],"class_list":["post-981","page","type-page","status-publish","hentry"],"yoast_head":"<!-- This site is optimized with the Yoast SEO plugin v27.3 - https:\/\/yoast.com\/product\/yoast-seo-wordpress\/ -->\n<title>Qui sommes-nous ? - ScribeCanada<\/title>\n<meta name=\"robots\" content=\"index, follow, max-snippet:-1, max-image-preview:large, max-video-preview:-1\" \/>\n<link rel=\"canonical\" href=\"https:\/\/www.scribecanada.com\/fr\/qui-sommes-nous\/\" \/>\n<meta property=\"og:locale\" content=\"fr_FR\" \/>\n<meta property=\"og:type\" content=\"article\" \/>\n<meta property=\"og:title\" content=\"Qui sommes-nous ? - ScribeCanada\" \/>\n<meta property=\"og:url\" content=\"https:\/\/www.scribecanada.com\/fr\/qui-sommes-nous\/\" \/>\n<meta property=\"og:site_name\" content=\"ScribeCanada\" \/>\n<meta property=\"article:modified_time\" content=\"2024-04-04T23:52:24+00:00\" \/>\n<meta name=\"twitter:card\" content=\"summary_large_image\" \/>\n<meta name=\"twitter:label1\" content=\"Est. reading time\" \/>\n\t<meta name=\"twitter:data1\" content=\"2 minutes\" \/>\n<script type=\"application\/ld+json\" class=\"yoast-schema-graph\">{\"@context\":\"https:\\\/\\\/schema.org\",\"@graph\":[{\"@type\":\"WebPage\",\"@id\":\"https:\\\/\\\/www.scribecanada.com\\\/fr\\\/qui-sommes-nous\\\/\",\"url\":\"https:\\\/\\\/www.scribecanada.com\\\/fr\\\/qui-sommes-nous\\\/\",\"name\":\"Qui sommes-nous ? - ScribeCanada\",\"isPartOf\":{\"@id\":\"https:\\\/\\\/www.scribecanada.com\\\/fr\\\/#website\"},\"datePublished\":\"2019-06-20T20:13:54+00:00\",\"dateModified\":\"2024-04-04T23:52:24+00:00\",\"breadcrumb\":{\"@id\":\"https:\\\/\\\/www.scribecanada.com\\\/fr\\\/qui-sommes-nous\\\/#breadcrumb\"},\"inLanguage\":\"fr-FR\",\"potentialAction\":[{\"@type\":\"ReadAction\",\"target\":[\"https:\\\/\\\/www.scribecanada.com\\\/fr\\\/qui-sommes-nous\\\/\"]}]},{\"@type\":\"BreadcrumbList\",\"@id\":\"https:\\\/\\\/www.scribecanada.com\\\/fr\\\/qui-sommes-nous\\\/#breadcrumb\",\"itemListElement\":[{\"@type\":\"ListItem\",\"position\":1,\"name\":\"Home\",\"item\":\"https:\\\/\\\/www.scribecanada.com\\\/fr\\\/\"},{\"@type\":\"ListItem\",\"position\":2,\"name\":\"Qui sommes-nous ?\"}]},{\"@type\":\"WebSite\",\"@id\":\"https:\\\/\\\/www.scribecanada.com\\\/fr\\\/#website\",\"url\":\"https:\\\/\\\/www.scribecanada.com\\\/fr\\\/\",\"name\":\"ScribeCanada\",\"description\":\"\",\"publisher\":{\"@id\":\"https:\\\/\\\/www.scribecanada.com\\\/fr\\\/#organization\"},\"potentialAction\":[{\"@type\":\"SearchAction\",\"target\":{\"@type\":\"EntryPoint\",\"urlTemplate\":\"https:\\\/\\\/www.scribecanada.com\\\/fr\\\/?s={search_term_string}\"},\"query-input\":{\"@type\":\"PropertyValueSpecification\",\"valueRequired\":true,\"valueName\":\"search_term_string\"}}],\"inLanguage\":\"fr-FR\"},{\"@type\":\"Organization\",\"@id\":\"https:\\\/\\\/www.scribecanada.com\\\/fr\\\/#organization\",\"name\":\"ScribeCanada Healthcare\",\"url\":\"https:\\\/\\\/www.scribecanada.com\\\/fr\\\/\",\"logo\":{\"@type\":\"ImageObject\",\"inLanguage\":\"fr-FR\",\"@id\":\"https:\\\/\\\/www.scribecanada.com\\\/fr\\\/#\\\/schema\\\/logo\\\/image\\\/\",\"url\":\"https:\\\/\\\/www.scribecanada.com\\\/wp-content\\\/uploads\\\/2020\\\/02\\\/scan_logo.png\",\"contentUrl\":\"https:\\\/\\\/www.scribecanada.com\\\/wp-content\\\/uploads\\\/2020\\\/02\\\/scan_logo.png\",\"width\":512,\"height\":149,\"caption\":\"ScribeCanada Healthcare\"},\"image\":{\"@id\":\"https:\\\/\\\/www.scribecanada.com\\\/fr\\\/#\\\/schema\\\/logo\\\/image\\\/\"}}]}<\/script>\n<!-- \/ Yoast SEO plugin. -->","yoast_head_json":{"title":"Qui sommes-nous ? - ScribeCanada","robots":{"index":"index","follow":"follow","max-snippet":"max-snippet:-1","max-image-preview":"max-image-preview:large","max-video-preview":"max-video-preview:-1"},"canonical":"https:\/\/www.scribecanada.com\/fr\/qui-sommes-nous\/","og_locale":"fr_FR","og_type":"article","og_title":"Qui sommes-nous ? - ScribeCanada","og_url":"https:\/\/www.scribecanada.com\/fr\/qui-sommes-nous\/","og_site_name":"ScribeCanada","article_modified_time":"2024-04-04T23:52:24+00:00","twitter_card":"summary_large_image","twitter_misc":{"Est. reading time":"2 minutes"},"schema":{"@context":"https:\/\/schema.org","@graph":[{"@type":"WebPage","@id":"https:\/\/www.scribecanada.com\/fr\/qui-sommes-nous\/","url":"https:\/\/www.scribecanada.com\/fr\/qui-sommes-nous\/","name":"Qui sommes-nous ? - ScribeCanada","isPartOf":{"@id":"https:\/\/www.scribecanada.com\/fr\/#website"},"datePublished":"2019-06-20T20:13:54+00:00","dateModified":"2024-04-04T23:52:24+00:00","breadcrumb":{"@id":"https:\/\/www.scribecanada.com\/fr\/qui-sommes-nous\/#breadcrumb"},"inLanguage":"fr-FR","potentialAction":[{"@type":"ReadAction","target":["https:\/\/www.scribecanada.com\/fr\/qui-sommes-nous\/"]}]},{"@type":"BreadcrumbList","@id":"https:\/\/www.scribecanada.com\/fr\/qui-sommes-nous\/#breadcrumb","itemListElement":[{"@type":"ListItem","position":1,"name":"Home","item":"https:\/\/www.scribecanada.com\/fr\/"},{"@type":"ListItem","position":2,"name":"Qui sommes-nous ?"}]},{"@type":"WebSite","@id":"https:\/\/www.scribecanada.com\/fr\/#website","url":"https:\/\/www.scribecanada.com\/fr\/","name":"ScribeCanada","description":"","publisher":{"@id":"https:\/\/www.scribecanada.com\/fr\/#organization"},"potentialAction":[{"@type":"SearchAction","target":{"@type":"EntryPoint","urlTemplate":"https:\/\/www.scribecanada.com\/fr\/?s={search_term_string}"},"query-input":{"@type":"PropertyValueSpecification","valueRequired":true,"valueName":"search_term_string"}}],"inLanguage":"fr-FR"},{"@type":"Organization","@id":"https:\/\/www.scribecanada.com\/fr\/#organization","name":"ScribeCanada Healthcare","url":"https:\/\/www.scribecanada.com\/fr\/","logo":{"@type":"ImageObject","inLanguage":"fr-FR","@id":"https:\/\/www.scribecanada.com\/fr\/#\/schema\/logo\/image\/","url":"https:\/\/www.scribecanada.com\/wp-content\/uploads\/2020\/02\/scan_logo.png","contentUrl":"https:\/\/www.scribecanada.com\/wp-content\/uploads\/2020\/02\/scan_logo.png","width":512,"height":149,"caption":"ScribeCanada Healthcare"},"image":{"@id":"https:\/\/www.scribecanada.com\/fr\/#\/schema\/logo\/image\/"}}]}},"_links":{"self":[{"href":"https:\/\/www.scribecanada.com\/fr\/wp-json\/wp\/v2\/pages\/981","targetHints":{"allow":["GET"]}}],"collection":[{"href":"https:\/\/www.scribecanada.com\/fr\/wp-json\/wp\/v2\/pages"}],"about":[{"href":"https:\/\/www.scribecanada.com\/fr\/wp-json\/wp\/v2\/types\/page"}],"author":[{"embeddable":true,"href":"https:\/\/www.scribecanada.com\/fr\/wp-json\/wp\/v2\/users\/3"}],"replies":[{"embeddable":true,"href":"https:\/\/www.scribecanada.com\/fr\/wp-json\/wp\/v2\/comments?post=981"}],"version-history":[{"count":2,"href":"https:\/\/www.scribecanada.com\/fr\/wp-json\/wp\/v2\/pages\/981\/revisions"}],"predecessor-version":[{"id":1045,"href":"https:\/\/www.scribecanada.com\/fr\/wp-json\/wp\/v2\/pages\/981\/revisions\/1045"}],"wp:attachment":[{"href":"https:\/\/www.scribecanada.com\/fr\/wp-json\/wp\/v2\/media?parent=981"}],"wp:term":[{"taxonomy":"post_tag","embeddable":true,"href":"https:\/\/www.scribecanada.com\/fr\/wp-json\/wp\/v2\/tags?post=981"}],"curies":[{"name":"wp","href":"https:\/\/api.w.org\/{rel}","templated":true}]}}