{"id":982,"date":"2019-06-14T23:15:37","date_gmt":"2019-06-15T03:15:37","guid":{"rendered":"https:\/\/dev.scribecanada.com\/page-daccueil\/"},"modified":"2024-04-04T19:33:59","modified_gmt":"2024-04-04T23:33:59","slug":"page-daccueil","status":"publish","type":"page","link":"https:\/\/www.scribecanada.com\/fr\/","title":{"rendered":"Page d&#8217;accueil"},"content":{"rendered":"<section class=\"wp-block-sa-blocks-homepage-hero\">\n\n  <img decoding=\"async\" class=\"bg-image\" src=\"https:\/\/www.scribecanada.com\/wp-content\/uploads\/2019\/06\/shutterstock_317578751-scaled.jpg\" width=\"100%\" height=\"auto\" srcset=\"https:\/\/www.scribecanada.com\/wp-content\/uploads\/2019\/06\/shutterstock_317578751-scaled.jpg 2560w, https:\/\/www.scribecanada.com\/wp-content\/uploads\/2019\/06\/shutterstock_317578751-300x169.jpg 300w, https:\/\/www.scribecanada.com\/wp-content\/uploads\/2019\/06\/shutterstock_317578751-1024x576.jpg 1024w, https:\/\/www.scribecanada.com\/wp-content\/uploads\/2019\/06\/shutterstock_317578751-768x432.jpg 768w, https:\/\/www.scribecanada.com\/wp-content\/uploads\/2019\/06\/shutterstock_317578751-1536x864.jpg 1536w, https:\/\/www.scribecanada.com\/wp-content\/uploads\/2019\/06\/shutterstock_317578751-2048x1152.jpg 2048w, https:\/\/www.scribecanada.com\/wp-content\/uploads\/2019\/06\/shutterstock_317578751-1200x675.jpg 1200w, https:\/\/www.scribecanada.com\/wp-content\/uploads\/2019\/06\/shutterstock_317578751-1980x1114.jpg 1980w\" sizes=\"100vw\" alt=\"\" \/>\n<div class=\"container\">\n  <div class=\"copy\">\n    \n\n<h1 class=\"wp-block-heading\">Alors que les m\u00e9decins sauvent des vies, nos scribes sauvent les m\u00e9decins de l&#8217;\u00e9puisement professionnel.<\/h1>\n\n\n\n<p>Les m\u00e9decins sont form\u00e9s pour fournir des soins m\u00e9dicaux de qualit\u00e9 et am\u00e9liorer la sant\u00e9 et la vie de leurs patients. Le burn-out, la fatigue et l&#8217;\u00e9puisement sont devenus la norme pour les m\u00e9decins, mais ils ne devraient pas l&#8217;\u00eatre. Notre programme de scribe m\u00e9dical de haut niveau offre un soutien aux m\u00e9decins et aux prestataires de soins, ce qui permet aux m\u00e9decins de se concentrer sur les patients et non sur les t\u00e2ches administratives fastidieuses.<\/p>\n\n\n\n<div class=\"wp-block-buttons is-layout-flex wp-block-buttons-is-layout-flex\">\n<div class=\"wp-block-button\"><a class=\"wp-block-button__link wp-element-button\" href=\"https:\/\/www.scribecanada.com\/fr\/pourquoi-scribecanada\/\">Pourquoi ScribeCanada ?<\/a><\/div>\n<\/div>\n\n\n  <\/div>\n<\/div><\/section><section class=\"wp-block-sa-blocks-signature\">\n\n<div class=\"image-wrapper\">\n      <img class=\"image\" loading=\"lazy\" decoding=\"async\" width=\"574\" height=\"600\" src=\"https:\/\/www.scribecanada.com\/wp-content\/uploads\/2019\/06\/preview-gallery-our_services_01.jpg\" srcset=\"https:\/\/www.scribecanada.com\/wp-content\/uploads\/2019\/06\/preview-gallery-our_services_01.jpg 574w, https:\/\/www.scribecanada.com\/wp-content\/uploads\/2019\/06\/preview-gallery-our_services_01-287x300.jpg 287w\" sizes=\"auto, (max-width: 400px) calc(100vw - 20px), (max-width: 540px) calc(100vw - 32px), (max-width: 660px) calc(100vw - 48px), (max-width: 960px) calc(100vw - 120px), 50vw\" \/>\n  <\/div>\n<div class=\"copy-wrapper\">\n  <div class=\"copy-inner\">\n    \n\n<h2 class=\"wp-block-heading\">Scribes m\u00e9dicaux<\/h2>\n\n\n\n<p>ScribeCanada supplies our clients with a full turn-key medical scribe program designed to improve workflow, increase patient and provider satisfaction, and save healthcare organizations both time and money. ScribeCanada recruits, hires, trains, monitors and manages highly-qualified medical scribes who are committed to achieving results. Our medical scribes are dedicated to doctors, which in turn allows doctors to better care for their patients.<a href=\"https:\/\/www.scribecanada.com\/solutions-medical-scribes\/\"><\/a><\/p>\n\n\n\n<div class=\"wp-block-buttons is-layout-flex wp-block-buttons-is-layout-flex\">\n<div class=\"wp-block-button is-style-line\"><a class=\"wp-block-button__link wp-element-button\" href=\"https:\/\/www.scribecanada.com\/fr\/scribes-medicaux\/\">Lire la suite<\/a><\/div>\n<\/div>\n\n\n  <\/div>\n<\/div><\/section><section class=\"wp-block-sa-blocks-signature\">\n\n<div class=\"image-wrapper\">\n      <img class=\"image\" loading=\"lazy\" decoding=\"async\" width=\"574\" height=\"600\" src=\"https:\/\/www.scribecanada.com\/wp-content\/uploads\/2019\/06\/preview-gallery-our_services_02.jpg\" srcset=\"https:\/\/www.scribecanada.com\/wp-content\/uploads\/2019\/06\/preview-gallery-our_services_02.jpg 574w, https:\/\/www.scribecanada.com\/wp-content\/uploads\/2019\/06\/preview-gallery-our_services_02-287x300.jpg 287w\" sizes=\"auto, (max-width: 400px) calc(100vw - 20px), (max-width: 540px) calc(100vw - 32px), (max-width: 660px) calc(100vw - 48px), (max-width: 960px) calc(100vw - 120px), 50vw\" \/>\n  <\/div>\n<div class=\"copy-wrapper\">\n  <div class=\"copy-inner\">\n    \n\n<h2 class=\"wp-block-heading\">TeleScribes<\/h2>\n\n\n\n<p>TeleScribes service provides our clients with access to renowned ancillary support, regardless of location. TeleScribes connect with providers in rural settings with limited hours, outpatient practices with low FTE demands, and inpatient physicians that need an on-call scribe during their variable hours.<a href=\"https:\/\/www.scribecanada.com\/solutions-telescribes\/\"><\/a><\/p>\n\n\n\n<div class=\"wp-block-buttons is-layout-flex wp-block-buttons-is-layout-flex\">\n<div class=\"wp-block-button is-style-line\"><a class=\"wp-block-button__link wp-element-button\" href=\"https:\/\/www.scribecanada.com\/fr\/telescribes\/\">Lire la suite<\/a><\/div>\n<\/div>\n\n\n  <\/div>\n<\/div><\/section><section class=\"wp-block-sa-blocks-half-and-half\">\n\n\n  <div class='image-wrapper'>\n\n    <img class='image' loading=\"lazy\" decoding=\"async\" width=\"684\" height=\"299\" src=\"https:\/\/www.scribecanada.com\/wp-content\/uploads\/2019\/06\/preview-gallery-career_opportunities-1.jpg\" srcset=\"https:\/\/www.scribecanada.com\/wp-content\/uploads\/2019\/06\/preview-gallery-career_opportunities-1.jpg 684w, https:\/\/www.scribecanada.com\/wp-content\/uploads\/2019\/06\/preview-gallery-career_opportunities-1-300x131.jpg 300w\" sizes=\"auto, (max-width: 767px) 100vw, 50vw\" alt=\"\" \/>\n\n  <\/div>\n\n\n<div class='copy-wrapper'>\n\n  \n\n<h2 class=\"wp-block-heading\">Opportunit\u00e9s de carri\u00e8re<\/h2>\n\n\n\n<p>Build the foundation for an exciting career in medicine. Become a scribe!<a href=\"https:\/\/www.scribecanada.com\/how-to-apply\/\"><\/a><\/p>\n\n\n\n<div class=\"wp-block-buttons is-layout-flex wp-block-buttons-is-layout-flex\">\n<div class=\"wp-block-button\"><a class=\"wp-block-button__link wp-element-button\" href=\"https:\/\/www.scribecanada.com\/fr\/vous-souhaitez-devenir-scribe-pour-scribecanada\/\">En savoir plus<\/a><\/div>\n<\/div>\n\n\n\n<\/div><\/section><section class=\"wp-block-sa-blocks-icon-gallery\">\n\n\n<h2 class=\"wp-block-heading\">Nos succ\u00e8s<\/h2>\n\n\n\n<p>ScribeCanada et la famille d&#8217;entreprises ScribeAmerica ont fait l&#8217;objet de profils dans de nombreuses publications d&#8217;information pour leur leadership et leur croissance. Notre soci\u00e9t\u00e9 m\u00e8re, ScribeAmerica, a \u00e9t\u00e9 nomm\u00e9e sur la liste Inc. 500\/5000 des entreprises \u00e0 la croissance la plus rapide pendant huit ann\u00e9es cons\u00e9cutives. ScribeCanada et ses soci\u00e9t\u00e9s s\u0153urs de ScribeAmerica ont fait l&#8217;objet d&#8217;une couverture m\u00e9diatique importante en raison des r\u00e9sultats transformateurs qu&#8217;elles ont obtenus.<\/p>\n\n\n\n<figure class=\"wp-block-gallery has-nested-images columns-default is-cropped wp-block-gallery-1 is-layout-flex wp-block-gallery-is-layout-flex\">\n<figure class=\"wp-block-image size-large\"><img loading=\"lazy\" decoding=\"async\" width=\"125\" height=\"19\" data-id=\"95\" src=\"https:\/\/www.scribecanada.com\/wp-content\/uploads\/2019\/06\/fast_company.png\" alt=\"\" class=\"wp-image-95\"\/><\/figure>\n\n\n\n<figure class=\"wp-block-image size-large\"><img loading=\"lazy\" decoding=\"async\" width=\"111\" height=\"21\" data-id=\"96\" src=\"https:\/\/www.scribecanada.com\/wp-content\/uploads\/2019\/06\/fortune.png\" alt=\"\" class=\"wp-image-96\"\/><\/figure>\n\n\n\n<figure class=\"wp-block-image size-large\"><img loading=\"lazy\" decoding=\"async\" width=\"80\" height=\"39\" data-id=\"97\" src=\"https:\/\/www.scribecanada.com\/wp-content\/uploads\/2019\/06\/fox_business.png\" alt=\"\" class=\"wp-image-97\"\/><\/figure>\n\n\n\n<figure class=\"wp-block-image size-large\"><img loading=\"lazy\" decoding=\"async\" width=\"61\" height=\"49\" data-id=\"98\" src=\"https:\/\/www.scribecanada.com\/wp-content\/uploads\/2019\/06\/fox_news.png\" alt=\"\" class=\"wp-image-98\"\/><\/figure>\n\n\n\n<figure class=\"wp-block-image size-large\"><img loading=\"lazy\" decoding=\"async\" width=\"120\" height=\"29\" data-id=\"99\" src=\"https:\/\/www.scribecanada.com\/wp-content\/uploads\/2019\/06\/medscape.png\" alt=\"\" class=\"wp-image-99\"\/><\/figure>\n\n\n\n<figure class=\"wp-block-image size-large\"><img loading=\"lazy\" decoding=\"async\" width=\"140\" height=\"26\" data-id=\"100\" src=\"https:\/\/www.scribecanada.com\/wp-content\/uploads\/2019\/06\/usa_today.png\" alt=\"\" class=\"wp-image-100\"\/><\/figure>\n\n\n\n<figure class=\"wp-block-image size-large\"><img loading=\"lazy\" decoding=\"async\" width=\"111\" height=\"41\" data-id=\"101\" src=\"https:\/\/www.scribecanada.com\/wp-content\/uploads\/2019\/06\/wall_street_journal.png\" alt=\"\" class=\"wp-image-101\"\/><\/figure>\n<\/figure>\n\n<\/section>","protected":false},"excerpt":{"rendered":"","protected":false},"author":3,"featured_media":0,"parent":0,"menu_order":0,"comment_status":"closed","ping_status":"closed","template":"templates\/template-gutenberg.php","meta":{"content-type":"","inline_featured_image":false,"footnotes":""},"tags":[],"class_list":["post-982","page","type-page","status-publish","hentry"],"yoast_head":"<!-- This site is optimized with the Yoast SEO plugin v27.3 - https:\/\/yoast.com\/product\/yoast-seo-wordpress\/ -->\n<title>Page d&#039;accueil - ScribeCanada<\/title>\n<meta name=\"robots\" content=\"index, follow, max-snippet:-1, max-image-preview:large, max-video-preview:-1\" \/>\n<link rel=\"canonical\" href=\"https:\/\/www.scribecanada.com\/fr\/\" \/>\n<meta property=\"og:locale\" content=\"fr_FR\" \/>\n<meta property=\"og:type\" content=\"article\" \/>\n<meta property=\"og:title\" content=\"Page d&#039;accueil - ScribeCanada\" \/>\n<meta property=\"og:url\" content=\"https:\/\/www.scribecanada.com\/fr\/\" \/>\n<meta property=\"og:site_name\" content=\"ScribeCanada\" \/>\n<meta property=\"article:modified_time\" content=\"2024-04-04T23:33:59+00:00\" \/>\n<meta property=\"og:image\" content=\"https:\/\/www.scribecanada.com\/wp-content\/uploads\/2019\/06\/fast_company.png\" \/>\n<meta name=\"twitter:card\" content=\"summary_large_image\" \/>\n<meta name=\"twitter:label1\" content=\"Est. reading time\" \/>\n\t<meta name=\"twitter:data1\" content=\"2 minutes\" \/>\n<script type=\"application\/ld+json\" class=\"yoast-schema-graph\">{\"@context\":\"https:\\\/\\\/schema.org\",\"@graph\":[{\"@type\":\"WebPage\",\"@id\":\"https:\\\/\\\/www.scribecanada.com\\\/fr\\\/\",\"url\":\"https:\\\/\\\/www.scribecanada.com\\\/fr\\\/\",\"name\":\"Page d'accueil - ScribeCanada\",\"isPartOf\":{\"@id\":\"https:\\\/\\\/www.scribecanada.com\\\/fr\\\/#website\"},\"primaryImageOfPage\":{\"@id\":\"https:\\\/\\\/www.scribecanada.com\\\/fr\\\/#primaryimage\"},\"image\":{\"@id\":\"https:\\\/\\\/www.scribecanada.com\\\/fr\\\/#primaryimage\"},\"thumbnailUrl\":\"https:\\\/\\\/www.scribecanada.com\\\/wp-content\\\/uploads\\\/2019\\\/06\\\/fast_company.png\",\"datePublished\":\"2019-06-15T03:15:37+00:00\",\"dateModified\":\"2024-04-04T23:33:59+00:00\",\"breadcrumb\":{\"@id\":\"https:\\\/\\\/www.scribecanada.com\\\/fr\\\/#breadcrumb\"},\"inLanguage\":\"fr-FR\",\"potentialAction\":[{\"@type\":\"ReadAction\",\"target\":[\"https:\\\/\\\/www.scribecanada.com\\\/fr\\\/\"]}]},{\"@type\":\"ImageObject\",\"inLanguage\":\"fr-FR\",\"@id\":\"https:\\\/\\\/www.scribecanada.com\\\/fr\\\/#primaryimage\",\"url\":\"https:\\\/\\\/www.scribecanada.com\\\/wp-content\\\/uploads\\\/2019\\\/06\\\/fast_company.png\",\"contentUrl\":\"https:\\\/\\\/www.scribecanada.com\\\/wp-content\\\/uploads\\\/2019\\\/06\\\/fast_company.png\"},{\"@type\":\"BreadcrumbList\",\"@id\":\"https:\\\/\\\/www.scribecanada.com\\\/fr\\\/#breadcrumb\",\"itemListElement\":[{\"@type\":\"ListItem\",\"position\":1,\"name\":\"Home\",\"item\":\"https:\\\/\\\/www.scribecanada.com\\\/fr\\\/\"},{\"@type\":\"ListItem\",\"position\":2,\"name\":\"Page d&rsquo;accueil\"}]},{\"@type\":\"WebSite\",\"@id\":\"https:\\\/\\\/www.scribecanada.com\\\/fr\\\/#website\",\"url\":\"https:\\\/\\\/www.scribecanada.com\\\/fr\\\/\",\"name\":\"ScribeCanada\",\"description\":\"\",\"publisher\":{\"@id\":\"https:\\\/\\\/www.scribecanada.com\\\/fr\\\/#organization\"},\"potentialAction\":[{\"@type\":\"SearchAction\",\"target\":{\"@type\":\"EntryPoint\",\"urlTemplate\":\"https:\\\/\\\/www.scribecanada.com\\\/fr\\\/?s={search_term_string}\"},\"query-input\":{\"@type\":\"PropertyValueSpecification\",\"valueRequired\":true,\"valueName\":\"search_term_string\"}}],\"inLanguage\":\"fr-FR\"},{\"@type\":\"Organization\",\"@id\":\"https:\\\/\\\/www.scribecanada.com\\\/fr\\\/#organization\",\"name\":\"ScribeCanada Healthcare\",\"url\":\"https:\\\/\\\/www.scribecanada.com\\\/fr\\\/\",\"logo\":{\"@type\":\"ImageObject\",\"inLanguage\":\"fr-FR\",\"@id\":\"https:\\\/\\\/www.scribecanada.com\\\/fr\\\/#\\\/schema\\\/logo\\\/image\\\/\",\"url\":\"https:\\\/\\\/www.scribecanada.com\\\/wp-content\\\/uploads\\\/2020\\\/02\\\/scan_logo.png\",\"contentUrl\":\"https:\\\/\\\/www.scribecanada.com\\\/wp-content\\\/uploads\\\/2020\\\/02\\\/scan_logo.png\",\"width\":512,\"height\":149,\"caption\":\"ScribeCanada Healthcare\"},\"image\":{\"@id\":\"https:\\\/\\\/www.scribecanada.com\\\/fr\\\/#\\\/schema\\\/logo\\\/image\\\/\"}}]}<\/script>\n<!-- \/ Yoast SEO plugin. -->","yoast_head_json":{"title":"Page d'accueil - ScribeCanada","robots":{"index":"index","follow":"follow","max-snippet":"max-snippet:-1","max-image-preview":"max-image-preview:large","max-video-preview":"max-video-preview:-1"},"canonical":"https:\/\/www.scribecanada.com\/fr\/","og_locale":"fr_FR","og_type":"article","og_title":"Page d'accueil - ScribeCanada","og_url":"https:\/\/www.scribecanada.com\/fr\/","og_site_name":"ScribeCanada","article_modified_time":"2024-04-04T23:33:59+00:00","og_image":[{"url":"https:\/\/www.scribecanada.com\/wp-content\/uploads\/2019\/06\/fast_company.png","type":"","width":"","height":""}],"twitter_card":"summary_large_image","twitter_misc":{"Est. reading time":"2 minutes"},"schema":{"@context":"https:\/\/schema.org","@graph":[{"@type":"WebPage","@id":"https:\/\/www.scribecanada.com\/fr\/","url":"https:\/\/www.scribecanada.com\/fr\/","name":"Page d'accueil - ScribeCanada","isPartOf":{"@id":"https:\/\/www.scribecanada.com\/fr\/#website"},"primaryImageOfPage":{"@id":"https:\/\/www.scribecanada.com\/fr\/#primaryimage"},"image":{"@id":"https:\/\/www.scribecanada.com\/fr\/#primaryimage"},"thumbnailUrl":"https:\/\/www.scribecanada.com\/wp-content\/uploads\/2019\/06\/fast_company.png","datePublished":"2019-06-15T03:15:37+00:00","dateModified":"2024-04-04T23:33:59+00:00","breadcrumb":{"@id":"https:\/\/www.scribecanada.com\/fr\/#breadcrumb"},"inLanguage":"fr-FR","potentialAction":[{"@type":"ReadAction","target":["https:\/\/www.scribecanada.com\/fr\/"]}]},{"@type":"ImageObject","inLanguage":"fr-FR","@id":"https:\/\/www.scribecanada.com\/fr\/#primaryimage","url":"https:\/\/www.scribecanada.com\/wp-content\/uploads\/2019\/06\/fast_company.png","contentUrl":"https:\/\/www.scribecanada.com\/wp-content\/uploads\/2019\/06\/fast_company.png"},{"@type":"BreadcrumbList","@id":"https:\/\/www.scribecanada.com\/fr\/#breadcrumb","itemListElement":[{"@type":"ListItem","position":1,"name":"Home","item":"https:\/\/www.scribecanada.com\/fr\/"},{"@type":"ListItem","position":2,"name":"Page d&rsquo;accueil"}]},{"@type":"WebSite","@id":"https:\/\/www.scribecanada.com\/fr\/#website","url":"https:\/\/www.scribecanada.com\/fr\/","name":"ScribeCanada","description":"","publisher":{"@id":"https:\/\/www.scribecanada.com\/fr\/#organization"},"potentialAction":[{"@type":"SearchAction","target":{"@type":"EntryPoint","urlTemplate":"https:\/\/www.scribecanada.com\/fr\/?s={search_term_string}"},"query-input":{"@type":"PropertyValueSpecification","valueRequired":true,"valueName":"search_term_string"}}],"inLanguage":"fr-FR"},{"@type":"Organization","@id":"https:\/\/www.scribecanada.com\/fr\/#organization","name":"ScribeCanada Healthcare","url":"https:\/\/www.scribecanada.com\/fr\/","logo":{"@type":"ImageObject","inLanguage":"fr-FR","@id":"https:\/\/www.scribecanada.com\/fr\/#\/schema\/logo\/image\/","url":"https:\/\/www.scribecanada.com\/wp-content\/uploads\/2020\/02\/scan_logo.png","contentUrl":"https:\/\/www.scribecanada.com\/wp-content\/uploads\/2020\/02\/scan_logo.png","width":512,"height":149,"caption":"ScribeCanada Healthcare"},"image":{"@id":"https:\/\/www.scribecanada.com\/fr\/#\/schema\/logo\/image\/"}}]}},"_links":{"self":[{"href":"https:\/\/www.scribecanada.com\/fr\/wp-json\/wp\/v2\/pages\/982","targetHints":{"allow":["GET"]}}],"collection":[{"href":"https:\/\/www.scribecanada.com\/fr\/wp-json\/wp\/v2\/pages"}],"about":[{"href":"https:\/\/www.scribecanada.com\/fr\/wp-json\/wp\/v2\/types\/page"}],"author":[{"embeddable":true,"href":"https:\/\/www.scribecanada.com\/fr\/wp-json\/wp\/v2\/users\/3"}],"replies":[{"embeddable":true,"href":"https:\/\/www.scribecanada.com\/fr\/wp-json\/wp\/v2\/comments?post=982"}],"version-history":[{"count":6,"href":"https:\/\/www.scribecanada.com\/fr\/wp-json\/wp\/v2\/pages\/982\/revisions"}],"predecessor-version":[{"id":1054,"href":"https:\/\/www.scribecanada.com\/fr\/wp-json\/wp\/v2\/pages\/982\/revisions\/1054"}],"wp:attachment":[{"href":"https:\/\/www.scribecanada.com\/fr\/wp-json\/wp\/v2\/media?parent=982"}],"wp:term":[{"taxonomy":"post_tag","embeddable":true,"href":"https:\/\/www.scribecanada.com\/fr\/wp-json\/wp\/v2\/tags?post=982"}],"curies":[{"name":"wp","href":"https:\/\/api.w.org\/{rel}","templated":true}]}}