{"id":983,"date":"2019-07-02T17:46:44","date_gmt":"2019-07-02T21:46:44","guid":{"rendered":"https:\/\/dev.scribecanada.com\/scribes-pour-les-patients-hospitalises\/"},"modified":"2024-04-04T19:50:06","modified_gmt":"2024-04-04T23:50:06","slug":"scribes-pour-les-patients-hospitalises","status":"publish","type":"page","link":"https:\/\/www.scribecanada.com\/fr\/scribes-pour-les-patients-hospitalises\/","title":{"rendered":"Scribes pour les patients hospitalis\u00e9s"},"content":{"rendered":"<section class=\"wp-block-sa-blocks-color-block\">\n  <div class=\"copy-wrapper\">\n    \n\n<h1 class=\"wp-block-heading\">Scribes pour les patients hospitalis\u00e9s<\/h1>\n\n\n\n<hr class=\"wp-block-separator has-alpha-channel-opacity\"\/>\n\n\n\n<p>La premi\u00e8re priorit\u00e9 d&#8217;un m\u00e9decin est de s&#8217;occuper de ses patients, mais il est souvent accapar\u00e9 par d&#8217;autres exigences. Les prestataires de soins font appel \u00e0 notre programme de scribe pour patients hospitalis\u00e9s afin de cr\u00e9er une m\u00e9thode plus rationnelle et plus efficace de saisie des dossiers m\u00e9dicaux \u00e9lectroniques et de gestion des t\u00e2ches administratives.<\/p>\n\n  <\/div>\n<\/section><section class=\"wp-block-sa-blocks-two-column-copy\">\n  <div class=\"copy-wrapper\">\n    \n\n<h2 class=\"wp-block-heading\">Un programme d&#8217;hospitalisation bien g\u00e9r\u00e9 est possible avec des scribes.<\/h2>\n\n\n\n<div class=\"wp-block-columns is-layout-flex wp-container-core-columns-is-layout-9d6595d7 wp-block-columns-is-layout-flex\">\n<div class=\"wp-block-column is-layout-flow wp-block-column-is-layout-flow\">\n<p>ScribeCanada est une ressource essentielle pour les cliniques d&#8217;hospitalisation. Notre programme de scribe m\u00e9dical est con\u00e7u pour r\u00e9pondre aux besoins et aux services vari\u00e9s des prestataires de soins hospitaliers. ScribeCanada aide les fournisseurs \u00e0 d\u00e9terminer comment am\u00e9liorer la productivit\u00e9 et le rendement dans chaque service. Nos scribes sont disponibles 24 heures sur 24, pendant les vacances et par roulement.<\/p>\n<\/div>\n\n\n\n<div class=\"wp-block-column is-layout-flow wp-block-column-is-layout-flow\">\n<p>Notre programme de formation des scribes est compos\u00e9 d&#8217;une \u00e9quipe de sp\u00e9cialistes de la documentation d\u00e9vou\u00e9s et hautement qualifi\u00e9s. Les scribes apprennent les tenants et les aboutissants de votre syst\u00e8me de dossier m\u00e9dical \u00e9lectronique et sont \u00e9galement comp\u00e9tents pour examiner et mettre \u00e0 jour les ant\u00e9c\u00e9dents m\u00e9dicaux d&#8217;un patient, les tests de laboratoire et les dossiers de pr\u00e9paration. ScribeCanada recrute dans tous les territoires afin d&#8217;embaucher le personnel le plus qualifi\u00e9. Gr\u00e2ce \u00e0 un soutien personnalis\u00e9, transformez un environnement hospitalier agit\u00e9 en un lieu de travail ordonn\u00e9 qui fonctionne sans heurts.<\/p>\n<\/div>\n<\/div>\n\n  <\/div>\n<\/section><div class=\"benefits\" data-scroll=\"benefits\">\n  <div class=\"wrap\">\n\t\t<div class=\"benefits__decor\"><\/div>\n    <div class=\"benefits__inner\">\n      \n<div class=\"benefits__text-side wp-block-sa-blocks-benefits-copy\">\n  \n\n<h2 class=\"wp-block-heading\">Avantages<\/h2>\n\n\n\n<p>Transformez votre pratique pour l&#8217;am\u00e9liorer. Le soutien des scribes m\u00e9dicaux stimule la productivit\u00e9 des patients hospitalis\u00e9s pour des soins critiques centr\u00e9s sur le patient.<\/p>\n\n\n\n<div class=\"wp-block-buttons is-layout-flex wp-block-buttons-is-layout-flex\">\n<div class=\"wp-block-button\"><a class=\"wp-block-button__link wp-element-button\" href=\"https:\/\/www.scribecanada.com\/fr\/nous-contacter\/\">Nous contacter<\/a><\/div>\n<\/div>\n\n<\/div>\n\n\n<div class=\"wp-block-sa-blocks-benefits-cards\">\n  <div class=\"benefits__slider-side\">\n    <div class=\"bslider-wrapper js-bslider-wrapper\">\n\t\t\t<div class=\"benefits__decor-mob\"><\/div>\n      <div class=\"bslider simple-slider-dots js-bslider\">\n\n        \n   <div class=\"bslider__slide js-bslider-slide\">\n    <div class=\"benef-card-pate\">\n\n      <div class=\"benef-card\" data-number=\"1\">\n        <span class=\"benef-card__number\">1<\/span>\n        <div class=\"benef-card__inner\">\n          <div class=\"benef-card__text\">\n            \n\n<p>Acc\u00e9l\u00e9rer le codage et le rendre plus pr\u00e9cis<\/p>\n\n\n          <\/div>\n        <\/div>\n      <\/div>\n\n\n\n\n      <div class=\"benef-card\" data-number=\"2\">\n        <span class=\"benef-card__number\">2<\/span>\n        <div class=\"benef-card__inner\">\n          <div class=\"benef-card__text\">\n            \n\n<p>Augmenter l&#8217;efficacit\u00e9 des codeurs, la capacit\u00e9 de facturation et les recettes de l&#8217;h\u00f4pital<\/p>\n\n\n          <\/div>\n        <\/div>\n      <\/div>\n\n\n\n\n      <div class=\"benef-card\" data-number=\"3\">\n        <span class=\"benef-card__number\">3<\/span>\n        <div class=\"benef-card__inner\">\n          <div class=\"benef-card__text\">\n            \n\n<p>Diminuer la dur\u00e9e du s\u00e9jour \u00e0 l&#8217;h\u00f4pital<\/p>\n\n\n          <\/div>\n        <\/div>\n      <\/div>\n\n\n\n\n      <div class=\"benef-card\" data-number=\"4\">\n        <span class=\"benef-card__number\">4<\/span>\n        <div class=\"benef-card__inner\">\n          <div class=\"benef-card__text\">\n            \n\n<p>Am\u00e9liorer les r\u00e9sultats pour les patients et l&#8217;exp\u00e9rience des patients hospitalis\u00e9s<\/p>\n\n\n          <\/div>\n        <\/div>\n      <\/div>\n\n     <\/div>\n  <\/div>\n\n\n   <div class=\"bslider__slide js-bslider-slide\">\n    <div class=\"benef-card-pate\">\n\n      <div class=\"benef-card\" data-number=\"5\">\n        <span class=\"benef-card__number\">5<\/span>\n        <div class=\"benef-card__inner\">\n          <div class=\"benef-card__text\">\n            \n\n<p>Optimiser les codes pour la facturation m\u00e9dicale<\/p>\n\n\n          <\/div>\n        <\/div>\n      <\/div>\n\n\n\n\n      <div class=\"benef-card\" data-number=\"6\">\n        <span class=\"benef-card__number\">6<\/span>\n        <div class=\"benef-card__inner\">\n          <div class=\"benef-card__text\">\n            \n\n<p>Le praticien hospitalier dispose de plus de temps \u00e0 consacrer aux patients<\/p>\n\n\n          <\/div>\n        <\/div>\n      <\/div>\n\n\n\n\n      <div class=\"benef-card\" data-number=\"7\">\n        <span class=\"benef-card__number\">7<\/span>\n        <div class=\"benef-card__inner\">\n          <div class=\"benef-card__text\">\n            \n\n<p>Permet aux m\u00e9decins de s&#8217;absenter sur leur temps de travail et de maintenir un \u00e9quilibre entre vie professionnelle et vie priv\u00e9e.<\/p>\n\n\n          <\/div>\n        <\/div>\n      <\/div>\n\n\n\n\n      <div class=\"benef-card\" data-number=\"8\">\n        <span class=\"benef-card__number\">8<\/span>\n        <div class=\"benef-card__inner\">\n          <div class=\"benef-card__text\">\n            \n\n<p>Am\u00e9liorer la qualit\u00e9 des soins aux patients hospitalis\u00e9s<\/p>\n\n\n          <\/div>\n        <\/div>\n      <\/div>\n\n     <\/div>\n  <\/div>\n\n\n   <div class=\"bslider__slide js-bslider-slide\">\n    <div class=\"benef-card-pate\">\n\n      <div class=\"benef-card\" data-number=\"9\">\n        <span class=\"benef-card__number\">9<\/span>\n        <div class=\"benef-card__inner\">\n          <div class=\"benef-card__text\">\n            \n\n<p>R\u00e9duire les frais g\u00e9n\u00e9raux<\/p>\n\n\n          <\/div>\n        <\/div>\n      <\/div>\n\n\n\n\n      <div class=\"benef-card\" data-number=\"10\">\n        <span class=\"benef-card__number\">10<\/span>\n        <div class=\"benef-card__inner\">\n          <div class=\"benef-card__text\">\n            \n\n<p>Favorise une communication proactive entre les \u00e9quipes de soins<\/p>\n\n\n          <\/div>\n        <\/div>\n      <\/div>\n\n\n\n\n      <div class=\"benef-card\" data-number=\"11\">\n        <span class=\"benef-card__number\">11<\/span>\n        <div class=\"benef-card__inner\">\n          <div class=\"benef-card__text\">\n            \n\n<p>Aide les prestataires \u00e0 suivre les dossiers de laboratoire et de radiologie<\/p>\n\n\n          <\/div>\n        <\/div>\n      <\/div>\n\n\n<\/div><\/div>      <\/div>\n    <\/div>\n  <\/div>\n<\/div> <!-- close benefits -->\n\n    <\/div>\n  <\/div>\n<\/div>\n<section class=\"is-style-classic wp-block-sa-blocks-heading-w-paragraph\">\n  <div class=\"copy-wrapper\">\n    \n\n<h2 class=\"wp-block-heading\">Comment cela fonctionne-t-il ?<\/h2>\n\n\n\n<hr class=\"wp-block-separator has-alpha-channel-opacity\"\/>\n\n\n\n<p>En tant que chef de file dans le domaine des soins de sant\u00e9, ScribeCanada est toujours \u00e0 l&#8217;aff\u00fbt de l&#8217;avenir du mod\u00e8le de prestation de services du Canada. Les scribes m\u00e9dicaux hospitaliers aident \u00e0 lutter contre l&#8217;\u00e9puisement professionnel des m\u00e9decins et contre un syst\u00e8me de sant\u00e9 canadien de plus en plus complexe et num\u00e9ris\u00e9. Au Canada, les exigences administratives et les r\u00e9glementations sont d\u00e9sormais cit\u00e9es comme la principale cause de la baisse de productivit\u00e9 des organismes de soins de sant\u00e9. En travaillant aux c\u00f4t\u00e9s des m\u00e9decins, le programme de scribe m\u00e9dical de ScribeCanada est une solution rentable pour r\u00e9soudre les probl\u00e8mes croissants du Canada en mati\u00e8re de soins de sant\u00e9, notamment le vieillissement de la population, l&#8217;augmentation du nombre de patients et le besoin accru de soutien sp\u00e9cialis\u00e9.<\/p>\n\n  <\/div>\n<\/section><section class=\"how-work__inner is-style-cards wp-block-sa-blocks-how-it-works\">\n  <div class=\"wtabs js-tabs\">\n    \n<section class=\"wtabs__nav js-tab-nav wp-block-sa-blocks-how-it-works-tabs\">\n  \n<a href=\"#\" class = \"wtabs-nav-item js-tab-nav-link is-active\" data-index=\"0\">\n      \n    <div class=\"wtabs-nav-item__img\">\n        <img decoding=\"async\" loading=\"lazy\" src=\"https:\/\/www.scribecanada.com\/wp-content\/uploads\/2023\/08\/tablet-gray.svg\" alt=\"\">\n    <\/div>\n  \n  <span class=\"wtabs-nav-item__text\">Solution cl\u00e9 en main<\/span>\n<\/a>\n\n<a href=\"#\" class = \"wtabs-nav-item js-tab-nav-link \" data-index=\"1\">\n      \n    <div class=\"wtabs-nav-item__img\">\n        <img decoding=\"async\" loading=\"lazy\" src=\"https:\/\/www.scribecanada.com\/wp-content\/uploads\/2023\/08\/chat-gray.svg\" alt=\"\">\n    <\/div>\n  \n  <span class=\"wtabs-nav-item__text\">Int\u00e9gration personnalis\u00e9e du DSE<\/span>\n<\/a>\n\n<a href=\"#\" class = \"wtabs-nav-item js-tab-nav-link \" data-index=\"2\">\n      \n    <div class=\"wtabs-nav-item__img\">\n        <img decoding=\"async\" loading=\"lazy\" src=\"https:\/\/www.scribecanada.com\/wp-content\/uploads\/2023\/08\/calendar-gray.svg\" alt=\"\">\n    <\/div>\n  \n  <span class=\"wtabs-nav-item__text\">Programmation et rapports continus<\/span>\n<\/a>\n<\/section>\n\n<section class=\"wtabs__content js-tabs-content wp-block-sa-blocks-how-it-works-cards\">\n  \n<div class=\"wtabs__item js-tabs-item is-active\" data-index=\"0\">\n\n  <div class=\"wtabs__text-side\">\n    <div class=\"wtabs__text-side-inner\">\n              <h3 class=\"title\">Lorsque les prestataires communiquent avec les patients, notre mod\u00e8le de soutien aux scribes all\u00e8ge le fardeau des t\u00e2ches non essentielles, ce qui permet aux prestataires de se concentrer sur les visites et la coordination des plans de soins avec le personnel infirmier.<\/h3>\n            \n      \n\n<ul class=\"wp-block-list\">\n<li>R\u00e9duire la charge de travail administratif du prestataire<\/li>\n\n\n\n<li>Am\u00e9liorer la documentation<\/li>\n\n\n\n<li>Prendre en charge des volumes de patients fluctuants<\/li>\n<\/ul>\n\n\n      \n    <\/div>\n  <\/div>\n\n    \n  <div class=\"wtabs__img-side\">\n    <img decoding=\"async\" loading=\"lazy\" src=\"https:\/\/www.scribecanada.com\/wp-content\/uploads\/2019\/06\/hosptialist.jpg\" alt=\"\">\n  <\/div>\n\n\n<\/div>\n\n<div class=\"wtabs__item js-tabs-item \" data-index=\"1\">\n\n  <div class=\"wtabs__text-side\">\n    <div class=\"wtabs__text-side-inner\">\n              <h3 class=\"title\">Nous proposons des formations quelle que soit la plateforme de DSE que vous utilisez.<\/h3>\n            \n      \n\n<ul class=\"wp-block-list\">\n<li>R\u00e9duire la charge de travail administratif du prestataire<\/li>\n\n\n\n<li>Am\u00e9liorer la documentation<\/li>\n\n\n\n<li>Prendre en charge des volumes de patients fluctuants<\/li>\n<\/ul>\n\n\n      \n    <\/div>\n  <\/div>\n\n    \n  <div class=\"wtabs__img-side\">\n    <img decoding=\"async\" loading=\"lazy\" src=\"https:\/\/www.scribecanada.com\/wp-content\/uploads\/2019\/06\/male_scribe.jpg\" alt=\"\">\n  <\/div>\n\n\n<\/div>\n\n<div class=\"wtabs__item js-tabs-item \" data-index=\"2\">\n\n  <div class=\"wtabs__text-side\">\n    <div class=\"wtabs__text-side-inner\">\n              <h3 class=\"title\">Notre \u00e9quipe de direction apporte un soutien et un retour d&#8217;information continus.<\/h3>\n            \n      \n\n<ul class=\"wp-block-list\">\n<li>Assurer la couverture des changements d&#8217;\u00e9quipe<\/li>\n\n\n\n<li>\u00c9largir le programme pour atteindre les objectifs de gain de temps<\/li>\n<\/ul>\n\n\n      \n    <\/div>\n  <\/div>\n\n    \n  <div class=\"wtabs__img-side\">\n    <img decoding=\"async\" loading=\"lazy\" src=\"https:\/\/www.scribecanada.com\/wp-content\/uploads\/2019\/06\/integrated_solutions.jpg\" alt=\"\">\n  <\/div>\n\n\n<\/div>\n<\/section>\n  <\/div>\n<\/section>","protected":false},"excerpt":{"rendered":"","protected":false},"author":3,"featured_media":0,"parent":0,"menu_order":0,"comment_status":"closed","ping_status":"closed","template":"templates\/template-gutenberg.php","meta":{"content-type":"","inline_featured_image":false,"footnotes":""},"tags":[],"class_list":["post-983","page","type-page","status-publish","hentry"],"yoast_head":"<!-- This site is optimized with the Yoast SEO plugin v27.3 - https:\/\/yoast.com\/product\/yoast-seo-wordpress\/ -->\n<title>Scribes pour les patients hospitalis\u00e9s - ScribeCanada<\/title>\n<meta name=\"robots\" content=\"index, follow, max-snippet:-1, max-image-preview:large, max-video-preview:-1\" \/>\n<link rel=\"canonical\" href=\"https:\/\/www.scribecanada.com\/fr\/scribes-pour-les-patients-hospitalises\/\" \/>\n<meta property=\"og:locale\" content=\"fr_FR\" \/>\n<meta property=\"og:type\" content=\"article\" \/>\n<meta property=\"og:title\" content=\"Scribes pour les patients hospitalis\u00e9s - ScribeCanada\" \/>\n<meta property=\"og:url\" content=\"https:\/\/www.scribecanada.com\/fr\/scribes-pour-les-patients-hospitalises\/\" \/>\n<meta property=\"og:site_name\" content=\"ScribeCanada\" \/>\n<meta property=\"article:modified_time\" content=\"2024-04-04T23:50:06+00:00\" \/>\n<meta name=\"twitter:card\" content=\"summary_large_image\" \/>\n<meta name=\"twitter:label1\" content=\"Est. reading time\" \/>\n\t<meta name=\"twitter:data1\" content=\"3 minutes\" \/>\n<script type=\"application\/ld+json\" class=\"yoast-schema-graph\">{\"@context\":\"https:\\\/\\\/schema.org\",\"@graph\":[{\"@type\":\"WebPage\",\"@id\":\"https:\\\/\\\/www.scribecanada.com\\\/fr\\\/scribes-pour-les-patients-hospitalises\\\/\",\"url\":\"https:\\\/\\\/www.scribecanada.com\\\/fr\\\/scribes-pour-les-patients-hospitalises\\\/\",\"name\":\"Scribes pour les patients hospitalis\u00e9s - ScribeCanada\",\"isPartOf\":{\"@id\":\"https:\\\/\\\/www.scribecanada.com\\\/fr\\\/#website\"},\"datePublished\":\"2019-07-02T21:46:44+00:00\",\"dateModified\":\"2024-04-04T23:50:06+00:00\",\"breadcrumb\":{\"@id\":\"https:\\\/\\\/www.scribecanada.com\\\/fr\\\/scribes-pour-les-patients-hospitalises\\\/#breadcrumb\"},\"inLanguage\":\"fr-FR\",\"potentialAction\":[{\"@type\":\"ReadAction\",\"target\":[\"https:\\\/\\\/www.scribecanada.com\\\/fr\\\/scribes-pour-les-patients-hospitalises\\\/\"]}]},{\"@type\":\"BreadcrumbList\",\"@id\":\"https:\\\/\\\/www.scribecanada.com\\\/fr\\\/scribes-pour-les-patients-hospitalises\\\/#breadcrumb\",\"itemListElement\":[{\"@type\":\"ListItem\",\"position\":1,\"name\":\"Home\",\"item\":\"https:\\\/\\\/www.scribecanada.com\\\/fr\\\/\"},{\"@type\":\"ListItem\",\"position\":2,\"name\":\"Scribes pour les patients hospitalis\u00e9s\"}]},{\"@type\":\"WebSite\",\"@id\":\"https:\\\/\\\/www.scribecanada.com\\\/fr\\\/#website\",\"url\":\"https:\\\/\\\/www.scribecanada.com\\\/fr\\\/\",\"name\":\"ScribeCanada\",\"description\":\"\",\"publisher\":{\"@id\":\"https:\\\/\\\/www.scribecanada.com\\\/fr\\\/#organization\"},\"potentialAction\":[{\"@type\":\"SearchAction\",\"target\":{\"@type\":\"EntryPoint\",\"urlTemplate\":\"https:\\\/\\\/www.scribecanada.com\\\/fr\\\/?s={search_term_string}\"},\"query-input\":{\"@type\":\"PropertyValueSpecification\",\"valueRequired\":true,\"valueName\":\"search_term_string\"}}],\"inLanguage\":\"fr-FR\"},{\"@type\":\"Organization\",\"@id\":\"https:\\\/\\\/www.scribecanada.com\\\/fr\\\/#organization\",\"name\":\"ScribeCanada Healthcare\",\"url\":\"https:\\\/\\\/www.scribecanada.com\\\/fr\\\/\",\"logo\":{\"@type\":\"ImageObject\",\"inLanguage\":\"fr-FR\",\"@id\":\"https:\\\/\\\/www.scribecanada.com\\\/fr\\\/#\\\/schema\\\/logo\\\/image\\\/\",\"url\":\"https:\\\/\\\/www.scribecanada.com\\\/wp-content\\\/uploads\\\/2020\\\/02\\\/scan_logo.png\",\"contentUrl\":\"https:\\\/\\\/www.scribecanada.com\\\/wp-content\\\/uploads\\\/2020\\\/02\\\/scan_logo.png\",\"width\":512,\"height\":149,\"caption\":\"ScribeCanada Healthcare\"},\"image\":{\"@id\":\"https:\\\/\\\/www.scribecanada.com\\\/fr\\\/#\\\/schema\\\/logo\\\/image\\\/\"}}]}<\/script>\n<!-- \/ Yoast SEO plugin. -->","yoast_head_json":{"title":"Scribes pour les patients hospitalis\u00e9s - ScribeCanada","robots":{"index":"index","follow":"follow","max-snippet":"max-snippet:-1","max-image-preview":"max-image-preview:large","max-video-preview":"max-video-preview:-1"},"canonical":"https:\/\/www.scribecanada.com\/fr\/scribes-pour-les-patients-hospitalises\/","og_locale":"fr_FR","og_type":"article","og_title":"Scribes pour les patients hospitalis\u00e9s - ScribeCanada","og_url":"https:\/\/www.scribecanada.com\/fr\/scribes-pour-les-patients-hospitalises\/","og_site_name":"ScribeCanada","article_modified_time":"2024-04-04T23:50:06+00:00","twitter_card":"summary_large_image","twitter_misc":{"Est. reading time":"3 minutes"},"schema":{"@context":"https:\/\/schema.org","@graph":[{"@type":"WebPage","@id":"https:\/\/www.scribecanada.com\/fr\/scribes-pour-les-patients-hospitalises\/","url":"https:\/\/www.scribecanada.com\/fr\/scribes-pour-les-patients-hospitalises\/","name":"Scribes pour les patients hospitalis\u00e9s - ScribeCanada","isPartOf":{"@id":"https:\/\/www.scribecanada.com\/fr\/#website"},"datePublished":"2019-07-02T21:46:44+00:00","dateModified":"2024-04-04T23:50:06+00:00","breadcrumb":{"@id":"https:\/\/www.scribecanada.com\/fr\/scribes-pour-les-patients-hospitalises\/#breadcrumb"},"inLanguage":"fr-FR","potentialAction":[{"@type":"ReadAction","target":["https:\/\/www.scribecanada.com\/fr\/scribes-pour-les-patients-hospitalises\/"]}]},{"@type":"BreadcrumbList","@id":"https:\/\/www.scribecanada.com\/fr\/scribes-pour-les-patients-hospitalises\/#breadcrumb","itemListElement":[{"@type":"ListItem","position":1,"name":"Home","item":"https:\/\/www.scribecanada.com\/fr\/"},{"@type":"ListItem","position":2,"name":"Scribes pour les patients hospitalis\u00e9s"}]},{"@type":"WebSite","@id":"https:\/\/www.scribecanada.com\/fr\/#website","url":"https:\/\/www.scribecanada.com\/fr\/","name":"ScribeCanada","description":"","publisher":{"@id":"https:\/\/www.scribecanada.com\/fr\/#organization"},"potentialAction":[{"@type":"SearchAction","target":{"@type":"EntryPoint","urlTemplate":"https:\/\/www.scribecanada.com\/fr\/?s={search_term_string}"},"query-input":{"@type":"PropertyValueSpecification","valueRequired":true,"valueName":"search_term_string"}}],"inLanguage":"fr-FR"},{"@type":"Organization","@id":"https:\/\/www.scribecanada.com\/fr\/#organization","name":"ScribeCanada Healthcare","url":"https:\/\/www.scribecanada.com\/fr\/","logo":{"@type":"ImageObject","inLanguage":"fr-FR","@id":"https:\/\/www.scribecanada.com\/fr\/#\/schema\/logo\/image\/","url":"https:\/\/www.scribecanada.com\/wp-content\/uploads\/2020\/02\/scan_logo.png","contentUrl":"https:\/\/www.scribecanada.com\/wp-content\/uploads\/2020\/02\/scan_logo.png","width":512,"height":149,"caption":"ScribeCanada Healthcare"},"image":{"@id":"https:\/\/www.scribecanada.com\/fr\/#\/schema\/logo\/image\/"}}]}},"_links":{"self":[{"href":"https:\/\/www.scribecanada.com\/fr\/wp-json\/wp\/v2\/pages\/983","targetHints":{"allow":["GET"]}}],"collection":[{"href":"https:\/\/www.scribecanada.com\/fr\/wp-json\/wp\/v2\/pages"}],"about":[{"href":"https:\/\/www.scribecanada.com\/fr\/wp-json\/wp\/v2\/types\/page"}],"author":[{"embeddable":true,"href":"https:\/\/www.scribecanada.com\/fr\/wp-json\/wp\/v2\/users\/3"}],"replies":[{"embeddable":true,"href":"https:\/\/www.scribecanada.com\/fr\/wp-json\/wp\/v2\/comments?post=983"}],"version-history":[{"count":4,"href":"https:\/\/www.scribecanada.com\/fr\/wp-json\/wp\/v2\/pages\/983\/revisions"}],"predecessor-version":[{"id":1034,"href":"https:\/\/www.scribecanada.com\/fr\/wp-json\/wp\/v2\/pages\/983\/revisions\/1034"}],"wp:attachment":[{"href":"https:\/\/www.scribecanada.com\/fr\/wp-json\/wp\/v2\/media?parent=983"}],"wp:term":[{"taxonomy":"post_tag","embeddable":true,"href":"https:\/\/www.scribecanada.com\/fr\/wp-json\/wp\/v2\/tags?post=983"}],"curies":[{"name":"wp","href":"https:\/\/api.w.org\/{rel}","templated":true}]}}