{"id":990,"date":"2019-07-02T17:54:10","date_gmt":"2019-07-02T21:54:10","guid":{"rendered":"https:\/\/dev.scribecanada.com\/telescribes\/"},"modified":"2024-04-04T19:52:02","modified_gmt":"2024-04-04T23:52:02","slug":"telescribes","status":"publish","type":"page","link":"https:\/\/www.scribecanada.com\/fr\/telescribes\/","title":{"rendered":"TeleScribes"},"content":{"rendered":"<section class=\"wp-block-sa-blocks-color-block\">\n  <div class=\"copy-wrapper\">\n    \n\n<h1 class=\"wp-block-heading\">TELESCRIBES<\/h1>\n\n\n\n<hr class=\"wp-block-separator has-alpha-channel-opacity\"\/>\n\n\n\n<p>H\u00f4pitaux des grandes villes. Des m\u00e9decins d&#8217;une petite ville qui exercent dans une r\u00e9gion isol\u00e9e. Quel que soit l&#8217;endroit o\u00f9 les m\u00e9decins prodiguent leurs soins, ils ont besoin de la meilleure assistance technique disponible. Les t\u00e9l\u00e9scripteurs permettent \u00e0 tout \u00e9tablissement clinique de devenir un environnement de haute technologie, dot\u00e9 des derni\u00e8res innovations num\u00e9riques.<\/p>\n\n  <\/div>\n<\/section><section class=\"wp-block-sa-blocks-two-column-copy\">\n  <div class=\"copy-wrapper\">\n    \n\n<h2 class=\"wp-block-heading\">L&#8217;avenir des soins de sant\u00e9 passe par des solutions num\u00e9riques \u00e0 port\u00e9e de main<\/h2>\n\n\n\n<div class=\"wp-block-columns is-layout-flex wp-container-core-columns-is-layout-9d6595d7 wp-block-columns-is-layout-flex\">\n<div class=\"wp-block-column is-layout-flow wp-block-column-is-layout-flow\">\n<p>ScribeCanada a \u00e9t\u00e9 l&#8217;un des premiers \u00e0 offrir les services de TeleScribe aux fournisseurs \u00e0 l&#8217;\u00e9chelle nationale. Pour les m\u00e9decins qui pratiquent des soins dans des endroits \u00e9loign\u00e9s, il peut \u00eatre difficile de suivre le rythme de la saisie des donn\u00e9es et de la documentation du dossier m\u00e9dical \u00e9lectronique. Les t\u00e9l\u00e9scripteurs r\u00e9pondent \u00e0 la demande des prestataires de soins en mati\u00e8re d&#8217;outils num\u00e9riques efficaces et faciles \u00e0 utiliser, qui permettent de saisir les dossiers m\u00e9dicaux plus rapidement et avec plus de pr\u00e9cision. Avec ScribeCanada, vos donn\u00e9es et les renseignements sur vos patients sont s\u00e9curis\u00e9s et enti\u00e8rement conformes \u00e0 la Loi sur la protection des renseignements personnels et les documents \u00e9lectroniques (LPRPDE).<\/p>\n<\/div>\n\n\n\n<div class=\"wp-block-column is-layout-flow wp-block-column-is-layout-flow\">\n<p>Notre programme r\u00e9volutionnaire TeleScribe offre un soulagement critique aux m\u00e9decins charg\u00e9s de compl\u00e9ter eux-m\u00eames une documentation m\u00e9dicale \u00e9crasante. Avec TeleScribes, il n&#8217;est pas n\u00e9cessaire de d\u00e9penser des fonds limit\u00e9s pour des mises \u00e0 niveau co\u00fbteuses de l&#8217;\u00e9quipement. Les prestataires utilisent leur propre iPad ou tablette pour se connecter en toute s\u00e9curit\u00e9 \u00e0 un TeleScribe par vid\u00e9o en temps r\u00e9el et se connecter \u00e0 votre portail de documentation. ScribeCanada vous aide \u00e0 mettre en place le soutien et \u00e0 int\u00e9grer notre programme TeleScribe dans votre flux de travail quotidien. Les m\u00e9decins peuvent \u00e9galement dicter des dossiers par t\u00e9l\u00e9phone afin de garantir une documentation m\u00e9ticuleuse, ce qui se traduit par un remboursement plus pr\u00e9cis et une augmentation des revenus. Les t\u00e9l\u00e9scripteurs permettent aux m\u00e9decins d&#8217;am\u00e9liorer les soins aux patients partout et \u00e0 tout moment.<\/p>\n<\/div>\n<\/div>\n\n  <\/div>\n<\/section><div class=\"benefits\" data-scroll=\"benefits\">\n  <div class=\"wrap\">\n\t\t<div class=\"benefits__decor\"><\/div>\n    <div class=\"benefits__inner\">\n      \n<div class=\"benefits__text-side wp-block-sa-blocks-benefits-copy\">\n  \n\n<h2 class=\"wp-block-heading\">Avantages<\/h2>\n\n\n\n<div class=\"wp-block-buttons is-layout-flex wp-block-buttons-is-layout-flex\">\n<div class=\"wp-block-button\"><a class=\"wp-block-button__link wp-element-button\" href=\"https:\/\/www.scribecanada.com\/fr\/nous-contacter\/\">nous contacter<\/a><\/div>\n<\/div>\n\n<\/div>\n\n\n<div class=\"wp-block-sa-blocks-benefits-cards\">\n  <div class=\"benefits__slider-side\">\n    <div class=\"bslider-wrapper js-bslider-wrapper\">\n\t\t\t<div class=\"benefits__decor-mob\"><\/div>\n      <div class=\"bslider simple-slider-dots js-bslider\">\n\n        \n   <div class=\"bslider__slide js-bslider-slide\">\n    <div class=\"benef-card-pate\">\n\n      <div class=\"benef-card\" data-number=\"1\">\n        <span class=\"benef-card__number\">1<\/span>\n        <div class=\"benef-card__inner\">\n          <div class=\"benef-card__text\">\n            \n\n<p>Horaire flexible et sur appel pour les services TeleScribe<\/p>\n\n\n          <\/div>\n        <\/div>\n      <\/div>\n\n\n\n\n      <div class=\"benef-card\" data-number=\"2\">\n        <span class=\"benef-card__number\">2<\/span>\n        <div class=\"benef-card__inner\">\n          <div class=\"benef-card__text\">\n            \n\n<p>\u00c9liminer la n\u00e9cessit\u00e9 de recruter du personnel administratif suppl\u00e9mentaire \u00e0 temps plein<\/p>\n\n\n          <\/div>\n        <\/div>\n      <\/div>\n\n\n\n\n      <div class=\"benef-card\" data-number=\"3\">\n        <span class=\"benef-card__number\">3<\/span>\n        <div class=\"benef-card__inner\">\n          <div class=\"benef-card__text\">\n            \n\n<p>Les m\u00e9decins peuvent voir plus de patients par jour<\/p>\n\n\n          <\/div>\n        <\/div>\n      <\/div>\n\n\n\n\n      <div class=\"benef-card\" data-number=\"4\">\n        <span class=\"benef-card__number\">4<\/span>\n        <div class=\"benef-card__inner\">\n          <div class=\"benef-card__text\">\n            \n\n<p>Permet une documentation en temps r\u00e9el \u00e0 l&#8217;aide d&#8217;outils num\u00e9riques<\/p>\n\n\n          <\/div>\n        <\/div>\n      <\/div>\n\n     <\/div>\n  <\/div>\n\n\n   <div class=\"bslider__slide js-bslider-slide\">\n    <div class=\"benef-card-pate\">\n\n      <div class=\"benef-card\" data-number=\"5\">\n        <span class=\"benef-card__number\">5<\/span>\n        <div class=\"benef-card__inner\">\n          <div class=\"benef-card__text\">\n            \n\n<p>Am\u00e9lioration de la satisfaction des prestataires et des patients<\/p>\n\n\n          <\/div>\n        <\/div>\n      <\/div>\n\n\n\n\n      <div class=\"benef-card\" data-number=\"6\">\n        <span class=\"benef-card__number\">6<\/span>\n        <div class=\"benef-card__inner\">\n          <div class=\"benef-card__text\">\n            \n\n<p>Minimise les risques m\u00e9dico-l\u00e9gaux li\u00e9s \u00e0 la documentation et aux dossiers des patients<\/p>\n\n\n          <\/div>\n        <\/div>\n      <\/div>\n\n\n\n\n      <div class=\"benef-card\" data-number=\"7\">\n        <span class=\"benef-card__number\">7<\/span>\n        <div class=\"benef-card__inner\">\n          <div class=\"benef-card__text\">\n            \n\n<p>Soutien sp\u00e9cialis\u00e9 aux \u00e9quipes de soins dans les zones rurales ou isol\u00e9es<\/p>\n\n\n          <\/div>\n        <\/div>\n      <\/div>\n\n\n\n\n      <div class=\"benef-card\" data-number=\"8\">\n        <span class=\"benef-card__number\">8<\/span>\n        <div class=\"benef-card__inner\">\n          <div class=\"benef-card__text\">\n            \n\n<p>All\u00e8ge la charge de travail des m\u00e9decins lors de la saisie des dossiers m\u00e9dicaux \u00e9lectroniques<\/p>\n\n\n          <\/div>\n        <\/div>\n      <\/div>\n\n     <\/div>\n  <\/div>\n\n\n   <div class=\"bslider__slide js-bslider-slide\">\n    <div class=\"benef-card-pate\">\n\n      <div class=\"benef-card\" data-number=\"9\">\n        <span class=\"benef-card__number\">9<\/span>\n        <div class=\"benef-card__inner\">\n          <div class=\"benef-card__text\">\n            \n\n<p>\u00c9tendre la couverture aux groupes de fournisseurs<\/p>\n\n\n          <\/div>\n        <\/div>\n      <\/div>\n\n\n\n\n      <div class=\"benef-card\" data-number=\"10\">\n        <span class=\"benef-card__number\">10<\/span>\n        <div class=\"benef-card__inner\">\n          <div class=\"benef-card__text\">\n            \n\n<p>Diminuer la rotation des m\u00e9decins et augmenter les taux de r\u00e9tention<\/p>\n\n\n          <\/div>\n        <\/div>\n      <\/div>\n\n\n\n\n      <div class=\"benef-card\" data-number=\"11\">\n        <span class=\"benef-card__number\">11<\/span>\n        <div class=\"benef-card__inner\">\n          <div class=\"benef-card__text\">\n            \n\n<p>Se pr\u00e9parer \u00e0 des changements inattendus dans le nombre de visites de patients, comme une augmentation due aux maladies saisonni\u00e8res.<\/p>\n\n\n          <\/div>\n        <\/div>\n      <\/div>\n\n\n<\/div><\/div>      <\/div>\n    <\/div>\n  <\/div>\n<\/div> <!-- close benefits -->\n\n    <\/div>\n  <\/div>\n<\/div>\n<section class=\"is-style-classic wp-block-sa-blocks-heading-w-paragraph\">\n  <div class=\"copy-wrapper\">\n    \n\n<h2 class=\"wp-block-heading\">Comment cela fonctionne-t-il ?<\/h2>\n\n\n\n<hr class=\"wp-block-separator has-alpha-channel-opacity\"\/>\n\n\n\n<p>Dans le but d&#8217;assurer des soins de haute qualit\u00e9 aux patients et le meilleur flux de travail possible, ScribeCanada continue de d\u00e9velopper de nouvelles technologies num\u00e9riques pour faciliter la vie des m\u00e9decins. D&#8217;autres outils num\u00e9riques de pointe sont en cours d&#8217;\u00e9laboration, con\u00e7us sp\u00e9cifiquement pour les prestataires qui utilisent nos services TeleScribes. La r\u00e9putation de ScribeCanada en tant qu&#8217;expert de l&#8217;industrie fait en sorte que les recrues de TeleScribe sont bien form\u00e9es, capables de s&#8217;adapter rapidement et passionn\u00e9es par les soins aux patients. Les t\u00e9l\u00e9-scripteurs sont un moyen innovant de r\u00e9duire les co\u00fbts, d&#8217;augmenter les revenus et d&#8217;offrir un meilleur mod\u00e8le de soins de sant\u00e9 pour les prestataires et les patients.<\/p>\n\n  <\/div>\n<\/section><section class=\"how-work__inner is-style-cards wp-block-sa-blocks-how-it-works\">\n  <div class=\"wtabs js-tabs\">\n    \n<section class=\"wtabs__nav js-tab-nav wp-block-sa-blocks-how-it-works-tabs\">\n  \n<a href=\"#\" class = \"wtabs-nav-item js-tab-nav-link is-active\" data-index=\"0\">\n      \n    <div class=\"wtabs-nav-item__img\">\n        <img decoding=\"async\" loading=\"lazy\" src=\"https:\/\/www.scribecanada.com\/wp-content\/uploads\/2023\/08\/tablet-gray.svg\" alt=\"\">\n    <\/div>\n  \n  <span class=\"wtabs-nav-item__text\">Soutien conforme<\/span>\n<\/a>\n\n<a href=\"#\" class = \"wtabs-nav-item js-tab-nav-link \" data-index=\"1\">\n      \n    <div class=\"wtabs-nav-item__img\">\n        <img decoding=\"async\" loading=\"lazy\" src=\"https:\/\/www.scribecanada.com\/wp-content\/uploads\/2023\/08\/chat-gray.svg\" alt=\"\">\n    <\/div>\n  \n  <span class=\"wtabs-nav-item__text\">Soutien rural<\/span>\n<\/a>\n\n<a href=\"#\" class = \"wtabs-nav-item js-tab-nav-link \" data-index=\"2\">\n      \n    <div class=\"wtabs-nav-item__img\">\n        <img decoding=\"async\" loading=\"lazy\" src=\"https:\/\/www.scribecanada.com\/wp-content\/uploads\/2023\/08\/calendar-gray.svg\" alt=\"\">\n    <\/div>\n  \n  <span class=\"wtabs-nav-item__text\">Recruter et former des scribes exceptionnels<\/span>\n<\/a>\n<\/section>\n\n<section class=\"wtabs__content js-tabs-content wp-block-sa-blocks-how-it-works-cards\">\n  \n<div class=\"wtabs__item js-tabs-item is-active\" data-index=\"0\">\n\n  <div class=\"wtabs__text-side\">\n    <div class=\"wtabs__text-side-inner\">\n              <h3 class=\"title\">TeleScribes offre une assistance nationale pour am\u00e9liorer la saisie des donn\u00e9es et la documentation.<\/h3>\n            \n      \n\n<ul class=\"wp-block-list\">\n<li>Se connecter au portail s\u00e9curis\u00e9<\/li>\n\n\n\n<li>Parler directement avec le scribe pendant la rencontre avec le patient<\/li>\n\n\n\n<li>Fermer l&#8217;\u00e9cran pour activer l&#8217;audio uniquement pour la protection de la vie priv\u00e9e du patient<\/li>\n<\/ul>\n\n\n      \n    <\/div>\n  <\/div>\n\n    \n  <div class=\"wtabs__img-side\">\n    <img decoding=\"async\" loading=\"lazy\" src=\"https:\/\/www.scribecanada.com\/wp-content\/uploads\/2019\/06\/HIPAA_computer.jpg\" alt=\"\">\n  <\/div>\n\n\n<\/div>\n\n<div class=\"wtabs__item js-tabs-item \" data-index=\"1\">\n\n  <div class=\"wtabs__text-side\">\n    <div class=\"wtabs__text-side-inner\">\n              <h3 class=\"title\">Les t\u00e9l\u00e9scribes veillent \u00e0 ce que les zones rurales et les r\u00e9gions o\u00f9 il est difficile de recruter du personnel soient couvertes.<\/h3>\n            \n      \n\n<ul class=\"wp-block-list\">\n<li>Profitez des avantages d&#8217;un scribe dans n&#8217;importe quel endroit.<\/li>\n\n\n\n<li>Am\u00e9liorer l&#8217;\u00e9quilibre entre la vie professionnelle et la vie priv\u00e9e des prestataires gr\u00e2ce \u00e0 des scribes m\u00e9dicaux \u00e0 distance<\/li>\n<\/ul>\n\n\n      \n    <\/div>\n  <\/div>\n\n    \n  <div class=\"wtabs__img-side\">\n    <img decoding=\"async\" loading=\"lazy\" src=\"https:\/\/www.scribecanada.com\/wp-content\/uploads\/2019\/06\/frozen_tundra.jpg\" alt=\"\">\n  <\/div>\n\n\n<\/div>\n\n<div class=\"wtabs__item js-tabs-item \" data-index=\"2\">\n\n  <div class=\"wtabs__text-side\">\n    <div class=\"wtabs__text-side-inner\">\n              <h3 class=\"title\">Notre processus garantit que les scribes sont pr\u00eats pour l&#8217;environnement le plus ininterrompu.<\/h3>\n            \n      \n\n<ul class=\"wp-block-list\">\n<li>\u00c9tape 1 : Exiger une formation en classe<\/li>\n\n\n\n<li>\u00c9tape 2 : Formation en \u00e9quipe avec des scribes de haut niveau<\/li>\n\n\n\n<li>\u00c9tape 3 : R\u00e9\u00e9valuation continue et r\u00e9guli\u00e8re<\/li>\n<\/ul>\n\n\n      \n    <\/div>\n  <\/div>\n\n    \n  <div class=\"wtabs__img-side\">\n    <img decoding=\"async\" loading=\"lazy\" src=\"https:\/\/www.scribecanada.com\/wp-content\/uploads\/2019\/06\/recruit.jpg\" alt=\"\">\n  <\/div>\n\n\n<\/div>\n<\/section>\n  <\/div>\n<\/section><section class=\"wp-block-sa-blocks-steps-card\">\n  <div class=\"card-content\">\n    \n\n<h2 class=\"wp-block-heading\">Le programme de formation avanc\u00e9e des scribes<\/h2>\n\n\n\n<p>Environ 120 heures par scribe<\/p>\n\n\n<div class=\"wp-block-sa-blocks-steps\">\n  \n<article class=\"wp-block-sa-blocks-step\">\n  <p class=\"step-number\">1<\/p>\n<h3 class=\"step-title\">Orientation<\/h3>\n<p class=\"step-description\">2 semaines<\/p>\n<div class=\"steps\">\n  \n\n<ul class=\"wp-block-list\">\n<li>Terminologie m\u00e9dicale<\/li>\n\n\n\n<li>Vid\u00e9os sur les syst\u00e8mes<\/li>\n\n\n\n<li>Exercices audio<\/li>\n\n\n\n<li>Formation \u00e0 la conformit\u00e9<\/li>\n\n\n\n<li>Documentation pour la facturation et la responsabilit\u00e9 m\u00e9dico-l\u00e9gale<\/li>\n\n\n\n<li>Apparence professionnelle<\/li>\n\n\n\n<li>Pr\u00e9sentations de cas<\/li>\n\n\n\n<li>Examen final<\/li>\n<\/ul>\n\n\n<\/div><\/article>\n\n<article class=\"wp-block-sa-blocks-step\">\n  <p class=\"step-number\">2<\/p>\n<h3 class=\"step-title\">P\u00e9riode de surveillance<\/h3>\n<p class=\"step-description\">minimum 6 jours<\/p>\n<div class=\"steps\">\n  \n\n<ul class=\"wp-block-list\">\n<li>Formation clinique individuelle<\/li>\n\n\n\n<li>Examen des dossiers en temps r\u00e9el et retour d&#8217;information correctif<\/li>\n\n\n\n<li>Formation avanc\u00e9e sur l&#8217;efficacit\u00e9 et le suivi des patients<\/li>\n\n\n\n<li>Mesures de base et documentation PQRI<\/li>\n\n\n\n<li>\u00c9valuation finale de la performance clinique<\/li>\n<\/ul>\n\n\n<\/div><\/article>\n\n<article class=\"wp-block-sa-blocks-step\">\n  <p class=\"step-number\">3<\/p>\n<h3 class=\"step-title\">R\u00e9\u00e9valuation p\u00e9riodique<\/h3>\n<p class=\"step-description\">&nbsp;<\/p>\n<div class=\"steps\">\n  \n\n<ul class=\"wp-block-list\">\n<li>Programme d&#8217;assurance qualit\u00e9 et formation continue des scribes<\/li>\n\n\n\n<li>\u00c9valuations mensuelles et \u00e9valuations des performances<\/li>\n\n\n\n<li>Rapport mensuel sur la satisfaction des fournisseurs de services<\/li>\n\n\n\n<li>Examen des dossiers et registre des d\u00e9ficiences<\/li>\n<\/ul>\n\n\n<\/div><\/article>\n<\/div>\n  <\/div>\n<\/section>","protected":false},"excerpt":{"rendered":"","protected":false},"author":3,"featured_media":0,"parent":0,"menu_order":0,"comment_status":"closed","ping_status":"closed","template":"templates\/template-gutenberg.php","meta":{"content-type":"","inline_featured_image":false,"footnotes":""},"tags":[],"class_list":["post-990","page","type-page","status-publish","hentry"],"yoast_head":"<!-- This site is optimized with the Yoast SEO plugin v27.3 - https:\/\/yoast.com\/product\/yoast-seo-wordpress\/ -->\n<title>TeleScribes - ScribeCanada<\/title>\n<meta name=\"robots\" content=\"index, follow, max-snippet:-1, max-image-preview:large, max-video-preview:-1\" \/>\n<link rel=\"canonical\" href=\"https:\/\/www.scribecanada.com\/fr\/telescribes\/\" \/>\n<meta property=\"og:locale\" content=\"fr_FR\" \/>\n<meta property=\"og:type\" content=\"article\" \/>\n<meta property=\"og:title\" content=\"TeleScribes - ScribeCanada\" \/>\n<meta property=\"og:url\" content=\"https:\/\/www.scribecanada.com\/fr\/telescribes\/\" \/>\n<meta property=\"og:site_name\" content=\"ScribeCanada\" \/>\n<meta property=\"article:modified_time\" content=\"2024-04-04T23:52:02+00:00\" \/>\n<meta name=\"twitter:card\" content=\"summary_large_image\" \/>\n<meta name=\"twitter:label1\" content=\"Est. reading time\" \/>\n\t<meta name=\"twitter:data1\" content=\"4 minutes\" \/>\n<script type=\"application\/ld+json\" class=\"yoast-schema-graph\">{\"@context\":\"https:\\\/\\\/schema.org\",\"@graph\":[{\"@type\":\"WebPage\",\"@id\":\"https:\\\/\\\/www.scribecanada.com\\\/fr\\\/telescribes\\\/\",\"url\":\"https:\\\/\\\/www.scribecanada.com\\\/fr\\\/telescribes\\\/\",\"name\":\"TeleScribes - ScribeCanada\",\"isPartOf\":{\"@id\":\"https:\\\/\\\/www.scribecanada.com\\\/fr\\\/#website\"},\"datePublished\":\"2019-07-02T21:54:10+00:00\",\"dateModified\":\"2024-04-04T23:52:02+00:00\",\"breadcrumb\":{\"@id\":\"https:\\\/\\\/www.scribecanada.com\\\/fr\\\/telescribes\\\/#breadcrumb\"},\"inLanguage\":\"fr-FR\",\"potentialAction\":[{\"@type\":\"ReadAction\",\"target\":[\"https:\\\/\\\/www.scribecanada.com\\\/fr\\\/telescribes\\\/\"]}]},{\"@type\":\"BreadcrumbList\",\"@id\":\"https:\\\/\\\/www.scribecanada.com\\\/fr\\\/telescribes\\\/#breadcrumb\",\"itemListElement\":[{\"@type\":\"ListItem\",\"position\":1,\"name\":\"Home\",\"item\":\"https:\\\/\\\/www.scribecanada.com\\\/fr\\\/\"},{\"@type\":\"ListItem\",\"position\":2,\"name\":\"TeleScribes\"}]},{\"@type\":\"WebSite\",\"@id\":\"https:\\\/\\\/www.scribecanada.com\\\/fr\\\/#website\",\"url\":\"https:\\\/\\\/www.scribecanada.com\\\/fr\\\/\",\"name\":\"ScribeCanada\",\"description\":\"\",\"publisher\":{\"@id\":\"https:\\\/\\\/www.scribecanada.com\\\/fr\\\/#organization\"},\"potentialAction\":[{\"@type\":\"SearchAction\",\"target\":{\"@type\":\"EntryPoint\",\"urlTemplate\":\"https:\\\/\\\/www.scribecanada.com\\\/fr\\\/?s={search_term_string}\"},\"query-input\":{\"@type\":\"PropertyValueSpecification\",\"valueRequired\":true,\"valueName\":\"search_term_string\"}}],\"inLanguage\":\"fr-FR\"},{\"@type\":\"Organization\",\"@id\":\"https:\\\/\\\/www.scribecanada.com\\\/fr\\\/#organization\",\"name\":\"ScribeCanada Healthcare\",\"url\":\"https:\\\/\\\/www.scribecanada.com\\\/fr\\\/\",\"logo\":{\"@type\":\"ImageObject\",\"inLanguage\":\"fr-FR\",\"@id\":\"https:\\\/\\\/www.scribecanada.com\\\/fr\\\/#\\\/schema\\\/logo\\\/image\\\/\",\"url\":\"https:\\\/\\\/www.scribecanada.com\\\/wp-content\\\/uploads\\\/2020\\\/02\\\/scan_logo.png\",\"contentUrl\":\"https:\\\/\\\/www.scribecanada.com\\\/wp-content\\\/uploads\\\/2020\\\/02\\\/scan_logo.png\",\"width\":512,\"height\":149,\"caption\":\"ScribeCanada Healthcare\"},\"image\":{\"@id\":\"https:\\\/\\\/www.scribecanada.com\\\/fr\\\/#\\\/schema\\\/logo\\\/image\\\/\"}}]}<\/script>\n<!-- \/ Yoast SEO plugin. -->","yoast_head_json":{"title":"TeleScribes - ScribeCanada","robots":{"index":"index","follow":"follow","max-snippet":"max-snippet:-1","max-image-preview":"max-image-preview:large","max-video-preview":"max-video-preview:-1"},"canonical":"https:\/\/www.scribecanada.com\/fr\/telescribes\/","og_locale":"fr_FR","og_type":"article","og_title":"TeleScribes - ScribeCanada","og_url":"https:\/\/www.scribecanada.com\/fr\/telescribes\/","og_site_name":"ScribeCanada","article_modified_time":"2024-04-04T23:52:02+00:00","twitter_card":"summary_large_image","twitter_misc":{"Est. reading time":"4 minutes"},"schema":{"@context":"https:\/\/schema.org","@graph":[{"@type":"WebPage","@id":"https:\/\/www.scribecanada.com\/fr\/telescribes\/","url":"https:\/\/www.scribecanada.com\/fr\/telescribes\/","name":"TeleScribes - ScribeCanada","isPartOf":{"@id":"https:\/\/www.scribecanada.com\/fr\/#website"},"datePublished":"2019-07-02T21:54:10+00:00","dateModified":"2024-04-04T23:52:02+00:00","breadcrumb":{"@id":"https:\/\/www.scribecanada.com\/fr\/telescribes\/#breadcrumb"},"inLanguage":"fr-FR","potentialAction":[{"@type":"ReadAction","target":["https:\/\/www.scribecanada.com\/fr\/telescribes\/"]}]},{"@type":"BreadcrumbList","@id":"https:\/\/www.scribecanada.com\/fr\/telescribes\/#breadcrumb","itemListElement":[{"@type":"ListItem","position":1,"name":"Home","item":"https:\/\/www.scribecanada.com\/fr\/"},{"@type":"ListItem","position":2,"name":"TeleScribes"}]},{"@type":"WebSite","@id":"https:\/\/www.scribecanada.com\/fr\/#website","url":"https:\/\/www.scribecanada.com\/fr\/","name":"ScribeCanada","description":"","publisher":{"@id":"https:\/\/www.scribecanada.com\/fr\/#organization"},"potentialAction":[{"@type":"SearchAction","target":{"@type":"EntryPoint","urlTemplate":"https:\/\/www.scribecanada.com\/fr\/?s={search_term_string}"},"query-input":{"@type":"PropertyValueSpecification","valueRequired":true,"valueName":"search_term_string"}}],"inLanguage":"fr-FR"},{"@type":"Organization","@id":"https:\/\/www.scribecanada.com\/fr\/#organization","name":"ScribeCanada Healthcare","url":"https:\/\/www.scribecanada.com\/fr\/","logo":{"@type":"ImageObject","inLanguage":"fr-FR","@id":"https:\/\/www.scribecanada.com\/fr\/#\/schema\/logo\/image\/","url":"https:\/\/www.scribecanada.com\/wp-content\/uploads\/2020\/02\/scan_logo.png","contentUrl":"https:\/\/www.scribecanada.com\/wp-content\/uploads\/2020\/02\/scan_logo.png","width":512,"height":149,"caption":"ScribeCanada Healthcare"},"image":{"@id":"https:\/\/www.scribecanada.com\/fr\/#\/schema\/logo\/image\/"}}]}},"_links":{"self":[{"href":"https:\/\/www.scribecanada.com\/fr\/wp-json\/wp\/v2\/pages\/990","targetHints":{"allow":["GET"]}}],"collection":[{"href":"https:\/\/www.scribecanada.com\/fr\/wp-json\/wp\/v2\/pages"}],"about":[{"href":"https:\/\/www.scribecanada.com\/fr\/wp-json\/wp\/v2\/types\/page"}],"author":[{"embeddable":true,"href":"https:\/\/www.scribecanada.com\/fr\/wp-json\/wp\/v2\/users\/3"}],"replies":[{"embeddable":true,"href":"https:\/\/www.scribecanada.com\/fr\/wp-json\/wp\/v2\/comments?post=990"}],"version-history":[{"count":3,"href":"https:\/\/www.scribecanada.com\/fr\/wp-json\/wp\/v2\/pages\/990\/revisions"}],"predecessor-version":[{"id":1044,"href":"https:\/\/www.scribecanada.com\/fr\/wp-json\/wp\/v2\/pages\/990\/revisions\/1044"}],"wp:attachment":[{"href":"https:\/\/www.scribecanada.com\/fr\/wp-json\/wp\/v2\/media?parent=990"}],"wp:term":[{"taxonomy":"post_tag","embeddable":true,"href":"https:\/\/www.scribecanada.com\/fr\/wp-json\/wp\/v2\/tags?post=990"}],"curies":[{"name":"wp","href":"https:\/\/api.w.org\/{rel}","templated":true}]}}