{"id":991,"date":"2019-06-18T22:20:46","date_gmt":"2019-06-19T02:20:46","guid":{"rendered":"https:\/\/dev.scribecanada.com\/pourquoi-scribecanada\/"},"modified":"2024-04-04T19:52:34","modified_gmt":"2024-04-04T23:52:34","slug":"pourquoi-scribecanada","status":"publish","type":"page","link":"https:\/\/www.scribecanada.com\/fr\/pourquoi-scribecanada\/","title":{"rendered":"Pourquoi ScribeCanada ?"},"content":{"rendered":"<section class=\"wp-block-sa-blocks-article-layout\">\n  <div class=\"copy-wrapper\">\n    \n\n<h1 class=\"wp-block-heading\">L&#8217;avenir des soins de sant\u00e9 exige des strat\u00e9gies agiles pour r\u00e9ussir<\/h1>\n\n\n\n<hr class=\"wp-block-separator has-alpha-channel-opacity\"\/>\n\n\n\n<p>L&#8217;\u00e9puisement professionnel des soignants perturbe de plus en plus le travail des \u00e9quipes de soins et a des r\u00e9percussions n\u00e9gatives sur la sant\u00e9 des patients. Le nombre croissant de prestataires de soins faisant \u00e9tat d&#8217;un \u00e9puisement professionnel appelle une solution strat\u00e9gique pour r\u00e9pondre \u00e0 la demande de soutien de l&#8217;\u00e9quipe de soins. Notre mod\u00e8le \u00e9prouv\u00e9 et personnalis\u00e9 de programmes de scribe m\u00e9dical s&#8217;\u00e9tend \u00e0 l&#8217;ensemble des provinces et territoires canadiens, avec une pr\u00e9sence fiable depuis notre si\u00e8ge \u00e0 Toronto. En partenariat avec ScribeAmerica, ScribeCanada utilise les solutions et l&#8217;expertise d&#8217;une soci\u00e9t\u00e9 de scribe m\u00e9dicale de premier plan qui compte plus de 15 ans d&#8217;exp\u00e9rience dans l&#8217;industrie des soins de sant\u00e9.<\/p>\n\n\n\n<p>En tant que partenaire strat\u00e9gique, nos clients sont mieux \u00e0 m\u00eame de r\u00e9pondre \u00e0 la demande d&#8217;une approche individualis\u00e9e et personnelle pour fournir des soins de sant\u00e9 de qualit\u00e9. Chez ScribeCanada, nous embauchons et formons des scribes m\u00e9dicaux \u00e0 l&#8217;importance d&#8217;une documentation pr\u00e9cise. Nos dirigeants suivent les progr\u00e8s et am\u00e9liorent le retour sur investissement au cours de la premi\u00e8re ann\u00e9e de partenariat. En soutenant les fonctions cl\u00e9s de la m\u00e9decine d&#8217;urgence, des services aux patients hospitalis\u00e9s, des services aux patients externes et des services post-aigu\u00ebs, les scribes m\u00e9dicaux de ScribeCanada am\u00e9liorent le flux de travail et augmentent les r\u00e9sultats de votre organisation de soins de sant\u00e9.<\/p>\n\n  <\/div>\n<\/section><section class=\"why-scribe__plate why-scribe wp-block-sa-blocks-cards-w-modal\">\n    <script defer src='\/wp-content\/themes\/healthchannels\/assets\/js\/perfect-scrollbar.min.js'><\/script>\n  <link rel='stylesheet' href='\/wp-content\/themes\/healthchannels\/assets\/css\/perfect-scrollbar.css' type='text\/css' media='all' \/>\n  <link rel=\"preload\" as=\"font\" href=\"\/wp-content\/themes\/healthchannels\/assets\/fonts\/iconFont.ttf\" type=\"font\/woff2\" crossorigin=\"anonymous\">\n  \n  <div class=\"wrap\">\n    <div class=\"press-news js-mmodal-list why-class\">\n      \n<div class=\"news-item\">\n  <div class=\"news-item__inner\">\n    \n\n<figure class=\"wp-block-image size-large\"><img decoding=\"async\" src=\"https:\/\/www.scribecanada.com\/wp-content\/uploads\/2023\/08\/female-nurse-gray.svg\" alt=\"\" class=\"wp-image-672\"\/><\/figure>\n\n\n\n<h3 class=\"wp-block-heading\">Fournisseur<\/h3>\n\n\n\n<p>&#8220;Avant de travailler avec ScribeCanada, je ne savais pas si le soutien d&#8217;un scribe m\u00e9dical convenait \u00e0 mon cabinet. Je suis heureuse d&#8217;avoir fait l&#8217;appel et d&#8217;avoir parl\u00e9 \u00e0 un strat\u00e8ge. J&#8217;ai appris que les programmes de scribes sont personnalis\u00e9s pour r\u00e9pondre aux besoins de notre \u00e9quipe de soins. Aujourd&#8217;hui, nous voyons plus de patients en moins de temps.<\/p>\n\n\n    <button class=\"js-mmodal-link\">\n      <div class=\"affiliation__modal-text article article--xs js-scroll-wrapper\">\n        Chez ScribeCanada, le r\u00f4le du scribe m\u00e9dical a \u00e9volu\u00e9 pour inclure des t\u00e2ches auxiliaires ainsi que la documentation au point de service. Avec l&#8217;aide des scribes pour les t\u00e2ches non cliniques, les prestataires sont libres de travailler au maximum de leurs comp\u00e9tences.\n      <\/div>\n    <\/button>\n  <\/div>\n<\/div>\n\n<div class=\"news-item\">\n  <div class=\"news-item__inner\">\n    \n\n<figure class=\"wp-block-image size-large\"><img decoding=\"async\" src=\"https:\/\/www.scribecanada.com\/wp-content\/uploads\/2023\/08\/male-admin-gray.svg\" alt=\"\" class=\"wp-image-677\"\/><\/figure>\n\n\n\n<h3 class=\"wp-block-heading\">Administrateur<\/h3>\n\n\n\n<p>&#8220;Je suis toujours impressionn\u00e9 par le niveau de contr\u00f4le de la qualit\u00e9 et l&#8217;analyse du retour sur investissement de chaque rapport. Le fait de disposer d&#8217;outils permettant d&#8217;examiner facilement les mesures et de voir l&#8217;efficacit\u00e9 de notre programme de scribe rationalise notre processus d&#8217;examen du programme de scribe sur une base mensuelle.&#8221;<\/p>\n\n\n    <button class=\"js-mmodal-link\">\n      <div class=\"affiliation__modal-text article article--xs js-scroll-wrapper\">\n        Notre \u00e9quipe de gestion r\u00e9gionale fournit un soutien personnalis\u00e9 et cr\u00e9e des plans d&#8217;assurance qualit\u00e9 pour v\u00e9rifier que les interactions entre les scribes m\u00e9dicaux et les prestataires de soins sont conformes aux param\u00e8tres qui comptent pour votre cabinet. Nous examinons tous les aspects de votre programme de scribe m\u00e9dical sur une base hebdomadaire afin d&#8217;y apporter rapidement des ajustements sans temps d&#8217;arr\u00eat ou de vacations manqu\u00e9es.\n      <\/div>\n    <\/button>\n  <\/div>\n<\/div>\n\n<div class=\"news-item\">\n  <div class=\"news-item__inner\">\n    \n\n<figure class=\"wp-block-image size-large\"><img decoding=\"async\" src=\"https:\/\/www.scribecanada.com\/wp-content\/uploads\/2023\/08\/male-patient-gray.svg\" alt=\"\" class=\"wp-image-678\"\/><\/figure>\n\n\n\n<h3 class=\"wp-block-heading\">Patient<\/h3>\n\n\n\n<p>&#8220;Mon m\u00e9decin a r\u00e9cemment embauch\u00e9 un scribe m\u00e9dical dans son cabinet et je peux dire que le personnel et les infirmi\u00e8res sont convaincus que les scribes leur facilitent la vie. J&#8217;ai toujours eu l&#8217;impression qu&#8217;ils avaient besoin de quelques bras suppl\u00e9mentaires. Je suis heureuse qu&#8217;un scribe assiste mon m\u00e9decin et qu&#8217;il n&#8217;ait pas \u00e0 s&#8217;asseoir derri\u00e8re l&#8217;ordinateur.&#8221;<\/p>\n\n\n    <button class=\"js-mmodal-link\">\n      <div class=\"affiliation__modal-text article article--xs js-scroll-wrapper\">\n        L&#8217;engagement des patients a une incidence sur les r\u00e9sultats globaux en mati\u00e8re de sant\u00e9 et sur la qualit\u00e9 des soins. Nos partenaires transforment les \u00e9quipes de soins surcharg\u00e9es, regagnent du temps et de l&#8217;agilit\u00e9 pour accomplir plus de choses tout au long de la journ\u00e9e.\n      <\/div>\n    <\/button>\n  <\/div>\n<\/div>\n    <\/div>\n  <\/div>\n  <div class=\"mmodal js-mmodal\">\n      <div class=\"mmodal__overlay js-mmodal-overlay\"><\/div>\n      <div class=\"mmodal__content js-mmodal-content\">\n          <button class=\"mmodal__prev btn-prev js-mmodal-prev\"><\/button>\n          <button class=\"mmodal__next btn-next js-mmodal-next\"><\/button>\n          <button class=\"mmodal__close js-mmodal-close\">\n              <svg version=\"1.1\" xmlns=\"http:\/\/www.w3.org\/2000\/svg\" xmlns:xlink=\"http:\/\/www.w3.org\/1999\/xlink\" x=\"0px\" y=\"0px\" viewBox=\"0 0 28 28\" style=\"enable-background:new 0 0 28 28;\" xml:space=\"preserve\">\n                  <path fill=\"#58595b\" d=\"M28,2.8L25.2,0L14,11.2L2.8,0L0,2.8L11.2,14L0,25.2L2.8,28L14,16.8L25.2,28l2.8-2.8L16.8,14L28,2.8z\"><\/path>\n              <\/svg>\n          <\/button>\n          <div class=\"mmodal__inner js-mmodal-inner\"><\/div>\n      <\/div>\n  <\/div>\n<\/section>\n<section class=\"is-style-classic wp-block-sa-blocks-heading-w-paragraph\">\n  <div class=\"copy-wrapper\">\n    \n\n<h2 class=\"wp-block-heading\">Une solution compl\u00e8te adapt\u00e9e \u00e0 vos besoins.<\/h2>\n\n\n\n<hr class=\"wp-block-separator has-alpha-channel-opacity\"\/>\n\n\n\n<p>En tant qu&#8217;\u00e9diteur du premier manuel de scribe m\u00e9dical, notre formation sp\u00e9cifique \u00e0 une sp\u00e9cialit\u00e9 reste la norme dans le secteur. Nos scribes m\u00e9dicaux talentueux sont ax\u00e9s sur les soins de sant\u00e9 et poursuivent une carri\u00e8re dans la m\u00e9decine. Qu&#8217;il s&#8217;agisse de nos solutions en personne ou de nos t\u00e9l\u00e9scripteurs virtuels, les partenaires du monde entier font confiance \u00e0 ScribeCanada Healthcare pour mettre en \u0153uvre des programmes de scribe m\u00e9dical. Gr\u00e2ce \u00e0 notre exp\u00e9rience dans de nombreuses sous-sp\u00e9cialit\u00e9s, nous adaptons nos solutions de scribe aux besoins de votre cabinet. Que ce soit en personne ou virtuellement, ScribeCanada est le chef de file en mati\u00e8re de solutions de scribe m\u00e9dical.<\/p>\n\n  <\/div>\n<\/section><section class=\" is-style-classic wp-block-sa-blocks-text-and-image\">\n\n<div class=\"content-wrapper text-and-image-inner\">\n  <div class='copy'>\n    \n\n<h2 class=\"wp-block-heading\">Une expertise d\u00e9di\u00e9e<\/h2>\n\n\n\n<p>Nous disposons d&#8217;une \u00e9quipe d&#8217;experts d\u00e9vou\u00e9s &#8211; notre \u00e9quipe de d\u00e9veloppement commercial &#8211; qui travaille aux c\u00f4t\u00e9s de nos partenaires pour concevoir un programme qui r\u00e9ponde \u00e0 leurs besoins sp\u00e9cifiques. Laissez-nous vous montrer la diff\u00e9rence ScribeCanada.<a href=\"https:\/\/www.scribecanada.com\/contact-us\/\"><\/a><\/p>\n\n\n\n<div class=\"wp-block-buttons is-layout-flex wp-block-buttons-is-layout-flex\">\n<div class=\"wp-block-button\"><a class=\"wp-block-button__link wp-element-button\" href=\"https:\/\/www.scribecanada.com\/fr\/nous-contacter\/\">En savoir plus<\/a><\/div>\n<\/div>\n\n\n  <\/div>\n\n  <div class='image'>\n\n    \n      <img loading=\"lazy\" decoding=\"async\" width=\"640\" height=\"480\" src=\"https:\/\/www.scribecanada.com\/wp-content\/uploads\/2019\/06\/img_4430_reduced.jpg\" alt=\"\" \/>\n\n    \n  <\/div>\n<\/div><\/section>","protected":false},"excerpt":{"rendered":"","protected":false},"author":3,"featured_media":0,"parent":0,"menu_order":0,"comment_status":"closed","ping_status":"closed","template":"templates\/template-gutenberg.php","meta":{"content-type":"","inline_featured_image":false,"footnotes":""},"tags":[],"class_list":["post-991","page","type-page","status-publish","hentry"],"yoast_head":"<!-- This site is optimized with the Yoast SEO plugin v27.3 - https:\/\/yoast.com\/product\/yoast-seo-wordpress\/ -->\n<title>Pourquoi ScribeCanada Healthcare - ScribeCanada ?<\/title>\n<meta name=\"robots\" content=\"index, follow, max-snippet:-1, max-image-preview:large, max-video-preview:-1\" \/>\n<link rel=\"canonical\" href=\"https:\/\/www.scribecanada.com\/fr\/pourquoi-scribecanada\/\" \/>\n<meta property=\"og:locale\" content=\"fr_FR\" \/>\n<meta property=\"og:type\" content=\"article\" \/>\n<meta property=\"og:title\" content=\"Pourquoi ScribeCanada Healthcare - ScribeCanada ?\" \/>\n<meta property=\"og:url\" content=\"https:\/\/www.scribecanada.com\/fr\/pourquoi-scribecanada\/\" \/>\n<meta property=\"og:site_name\" content=\"ScribeCanada\" \/>\n<meta property=\"article:modified_time\" content=\"2024-04-04T23:52:34+00:00\" \/>\n<meta property=\"og:image\" content=\"https:\/\/www.scribecanada.com\/wp-content\/uploads\/2023\/08\/female-nurse-gray.svg\" \/>\n<meta name=\"twitter:card\" content=\"summary_large_image\" \/>\n<meta name=\"twitter:label1\" content=\"Est. reading time\" \/>\n\t<meta name=\"twitter:data1\" content=\"3 minutes\" \/>\n<script type=\"application\/ld+json\" class=\"yoast-schema-graph\">{\"@context\":\"https:\\\/\\\/schema.org\",\"@graph\":[{\"@type\":\"WebPage\",\"@id\":\"https:\\\/\\\/www.scribecanada.com\\\/fr\\\/pourquoi-scribecanada\\\/\",\"url\":\"https:\\\/\\\/www.scribecanada.com\\\/fr\\\/pourquoi-scribecanada\\\/\",\"name\":\"Pourquoi ScribeCanada Healthcare - ScribeCanada ?\",\"isPartOf\":{\"@id\":\"https:\\\/\\\/www.scribecanada.com\\\/fr\\\/#website\"},\"primaryImageOfPage\":{\"@id\":\"https:\\\/\\\/www.scribecanada.com\\\/fr\\\/pourquoi-scribecanada\\\/#primaryimage\"},\"image\":{\"@id\":\"https:\\\/\\\/www.scribecanada.com\\\/fr\\\/pourquoi-scribecanada\\\/#primaryimage\"},\"thumbnailUrl\":\"https:\\\/\\\/www.scribecanada.com\\\/wp-content\\\/uploads\\\/2023\\\/08\\\/female-nurse-gray.svg\",\"datePublished\":\"2019-06-19T02:20:46+00:00\",\"dateModified\":\"2024-04-04T23:52:34+00:00\",\"breadcrumb\":{\"@id\":\"https:\\\/\\\/www.scribecanada.com\\\/fr\\\/pourquoi-scribecanada\\\/#breadcrumb\"},\"inLanguage\":\"fr-FR\",\"potentialAction\":[{\"@type\":\"ReadAction\",\"target\":[\"https:\\\/\\\/www.scribecanada.com\\\/fr\\\/pourquoi-scribecanada\\\/\"]}]},{\"@type\":\"ImageObject\",\"inLanguage\":\"fr-FR\",\"@id\":\"https:\\\/\\\/www.scribecanada.com\\\/fr\\\/pourquoi-scribecanada\\\/#primaryimage\",\"url\":\"https:\\\/\\\/www.scribecanada.com\\\/wp-content\\\/uploads\\\/2023\\\/08\\\/female-nurse-gray.svg\",\"contentUrl\":\"https:\\\/\\\/www.scribecanada.com\\\/wp-content\\\/uploads\\\/2023\\\/08\\\/female-nurse-gray.svg\"},{\"@type\":\"BreadcrumbList\",\"@id\":\"https:\\\/\\\/www.scribecanada.com\\\/fr\\\/pourquoi-scribecanada\\\/#breadcrumb\",\"itemListElement\":[{\"@type\":\"ListItem\",\"position\":1,\"name\":\"Home\",\"item\":\"https:\\\/\\\/www.scribecanada.com\\\/fr\\\/\"},{\"@type\":\"ListItem\",\"position\":2,\"name\":\"Pourquoi ScribeCanada ?\"}]},{\"@type\":\"WebSite\",\"@id\":\"https:\\\/\\\/www.scribecanada.com\\\/fr\\\/#website\",\"url\":\"https:\\\/\\\/www.scribecanada.com\\\/fr\\\/\",\"name\":\"ScribeCanada\",\"description\":\"\",\"publisher\":{\"@id\":\"https:\\\/\\\/www.scribecanada.com\\\/fr\\\/#organization\"},\"potentialAction\":[{\"@type\":\"SearchAction\",\"target\":{\"@type\":\"EntryPoint\",\"urlTemplate\":\"https:\\\/\\\/www.scribecanada.com\\\/fr\\\/?s={search_term_string}\"},\"query-input\":{\"@type\":\"PropertyValueSpecification\",\"valueRequired\":true,\"valueName\":\"search_term_string\"}}],\"inLanguage\":\"fr-FR\"},{\"@type\":\"Organization\",\"@id\":\"https:\\\/\\\/www.scribecanada.com\\\/fr\\\/#organization\",\"name\":\"ScribeCanada Healthcare\",\"url\":\"https:\\\/\\\/www.scribecanada.com\\\/fr\\\/\",\"logo\":{\"@type\":\"ImageObject\",\"inLanguage\":\"fr-FR\",\"@id\":\"https:\\\/\\\/www.scribecanada.com\\\/fr\\\/#\\\/schema\\\/logo\\\/image\\\/\",\"url\":\"https:\\\/\\\/www.scribecanada.com\\\/wp-content\\\/uploads\\\/2020\\\/02\\\/scan_logo.png\",\"contentUrl\":\"https:\\\/\\\/www.scribecanada.com\\\/wp-content\\\/uploads\\\/2020\\\/02\\\/scan_logo.png\",\"width\":512,\"height\":149,\"caption\":\"ScribeCanada Healthcare\"},\"image\":{\"@id\":\"https:\\\/\\\/www.scribecanada.com\\\/fr\\\/#\\\/schema\\\/logo\\\/image\\\/\"}}]}<\/script>\n<!-- \/ Yoast SEO plugin. -->","yoast_head_json":{"title":"Pourquoi ScribeCanada Healthcare - ScribeCanada ?","robots":{"index":"index","follow":"follow","max-snippet":"max-snippet:-1","max-image-preview":"max-image-preview:large","max-video-preview":"max-video-preview:-1"},"canonical":"https:\/\/www.scribecanada.com\/fr\/pourquoi-scribecanada\/","og_locale":"fr_FR","og_type":"article","og_title":"Pourquoi ScribeCanada Healthcare - ScribeCanada ?","og_url":"https:\/\/www.scribecanada.com\/fr\/pourquoi-scribecanada\/","og_site_name":"ScribeCanada","article_modified_time":"2024-04-04T23:52:34+00:00","og_image":[{"url":"https:\/\/www.scribecanada.com\/wp-content\/uploads\/2023\/08\/female-nurse-gray.svg","type":"","width":"","height":""}],"twitter_card":"summary_large_image","twitter_misc":{"Est. reading time":"3 minutes"},"schema":{"@context":"https:\/\/schema.org","@graph":[{"@type":"WebPage","@id":"https:\/\/www.scribecanada.com\/fr\/pourquoi-scribecanada\/","url":"https:\/\/www.scribecanada.com\/fr\/pourquoi-scribecanada\/","name":"Pourquoi ScribeCanada Healthcare - ScribeCanada ?","isPartOf":{"@id":"https:\/\/www.scribecanada.com\/fr\/#website"},"primaryImageOfPage":{"@id":"https:\/\/www.scribecanada.com\/fr\/pourquoi-scribecanada\/#primaryimage"},"image":{"@id":"https:\/\/www.scribecanada.com\/fr\/pourquoi-scribecanada\/#primaryimage"},"thumbnailUrl":"https:\/\/www.scribecanada.com\/wp-content\/uploads\/2023\/08\/female-nurse-gray.svg","datePublished":"2019-06-19T02:20:46+00:00","dateModified":"2024-04-04T23:52:34+00:00","breadcrumb":{"@id":"https:\/\/www.scribecanada.com\/fr\/pourquoi-scribecanada\/#breadcrumb"},"inLanguage":"fr-FR","potentialAction":[{"@type":"ReadAction","target":["https:\/\/www.scribecanada.com\/fr\/pourquoi-scribecanada\/"]}]},{"@type":"ImageObject","inLanguage":"fr-FR","@id":"https:\/\/www.scribecanada.com\/fr\/pourquoi-scribecanada\/#primaryimage","url":"https:\/\/www.scribecanada.com\/wp-content\/uploads\/2023\/08\/female-nurse-gray.svg","contentUrl":"https:\/\/www.scribecanada.com\/wp-content\/uploads\/2023\/08\/female-nurse-gray.svg"},{"@type":"BreadcrumbList","@id":"https:\/\/www.scribecanada.com\/fr\/pourquoi-scribecanada\/#breadcrumb","itemListElement":[{"@type":"ListItem","position":1,"name":"Home","item":"https:\/\/www.scribecanada.com\/fr\/"},{"@type":"ListItem","position":2,"name":"Pourquoi ScribeCanada ?"}]},{"@type":"WebSite","@id":"https:\/\/www.scribecanada.com\/fr\/#website","url":"https:\/\/www.scribecanada.com\/fr\/","name":"ScribeCanada","description":"","publisher":{"@id":"https:\/\/www.scribecanada.com\/fr\/#organization"},"potentialAction":[{"@type":"SearchAction","target":{"@type":"EntryPoint","urlTemplate":"https:\/\/www.scribecanada.com\/fr\/?s={search_term_string}"},"query-input":{"@type":"PropertyValueSpecification","valueRequired":true,"valueName":"search_term_string"}}],"inLanguage":"fr-FR"},{"@type":"Organization","@id":"https:\/\/www.scribecanada.com\/fr\/#organization","name":"ScribeCanada Healthcare","url":"https:\/\/www.scribecanada.com\/fr\/","logo":{"@type":"ImageObject","inLanguage":"fr-FR","@id":"https:\/\/www.scribecanada.com\/fr\/#\/schema\/logo\/image\/","url":"https:\/\/www.scribecanada.com\/wp-content\/uploads\/2020\/02\/scan_logo.png","contentUrl":"https:\/\/www.scribecanada.com\/wp-content\/uploads\/2020\/02\/scan_logo.png","width":512,"height":149,"caption":"ScribeCanada Healthcare"},"image":{"@id":"https:\/\/www.scribecanada.com\/fr\/#\/schema\/logo\/image\/"}}]}},"_links":{"self":[{"href":"https:\/\/www.scribecanada.com\/fr\/wp-json\/wp\/v2\/pages\/991","targetHints":{"allow":["GET"]}}],"collection":[{"href":"https:\/\/www.scribecanada.com\/fr\/wp-json\/wp\/v2\/pages"}],"about":[{"href":"https:\/\/www.scribecanada.com\/fr\/wp-json\/wp\/v2\/types\/page"}],"author":[{"embeddable":true,"href":"https:\/\/www.scribecanada.com\/fr\/wp-json\/wp\/v2\/users\/3"}],"replies":[{"embeddable":true,"href":"https:\/\/www.scribecanada.com\/fr\/wp-json\/wp\/v2\/comments?post=991"}],"version-history":[{"count":6,"href":"https:\/\/www.scribecanada.com\/fr\/wp-json\/wp\/v2\/pages\/991\/revisions"}],"predecessor-version":[{"id":1056,"href":"https:\/\/www.scribecanada.com\/fr\/wp-json\/wp\/v2\/pages\/991\/revisions\/1056"}],"wp:attachment":[{"href":"https:\/\/www.scribecanada.com\/fr\/wp-json\/wp\/v2\/media?parent=991"}],"wp:term":[{"taxonomy":"post_tag","embeddable":true,"href":"https:\/\/www.scribecanada.com\/fr\/wp-json\/wp\/v2\/tags?post=991"}],"curies":[{"name":"wp","href":"https:\/\/api.w.org\/{rel}","templated":true}]}}