{"id":992,"date":"2019-06-20T16:43:27","date_gmt":"2019-06-20T20:43:27","guid":{"rendered":"https:\/\/dev.scribecanada.com\/les-gens-de-scribecanada\/"},"modified":"2024-05-03T15:24:53","modified_gmt":"2024-05-03T19:24:53","slug":"direction","status":"publish","type":"page","link":"https:\/\/www.scribecanada.com\/fr\/direction\/","title":{"rendered":"Direction"},"content":{"rendered":"<link rel='stylesheet' id='perfect-scrollbar-css-css' href='https:\/\/www.scribecanada.com\/wp-content\/themes\/healthchannels\/assets\/css\/perfect-scrollbar.css?ver=6.4.3' type='text\/css' media='all' \/>\n<script defer src=\"https:\/\/www.scribecanada.com\/wp-content\/themes\/healthchannels\/assets\/js\/perfect-scrollbar.min.js?ver=1691188770\" id=\"perfect-scrollbar-js-js\"><\/script>\n\n<section class=\"people-sa\">\n  <div class=\"tabs tabs--mob-fixed-nav js-tabs\">\n\n    \n<div class=\"tabs__nav tabs__nav--mob-scroll js-tab-nav\">\n  <div class=\"tabs__nav-inner\">\n    \n  <\/div>\n<\/div>\n\n<div class=\"tabs__content js-tabs-content\">\n  <div class=\"tabs__item js-tabs-item is-active\" data-index=\"0\">\n    <div class=\"people-sa__hero people-sa__hero--mob\">\n      <div class=\"wrap\">\n        <div class=\"people-sa__hero-inner\">\n          <h2 class=\"title-big\">Direction g\u00e9n\u00e9rale<\/h2>\n          <p class=\"people-sa__sub-title\">\u00e0 ScribeCanada<\/p>\n        <\/div>\n      <\/div>\t\t\t\t\t\t\t\n    <\/div>\t\t\t\t\t\t\t\t\t\t\t\t\t\t\n    <div class=\"wrap\">\n      <div class=\"person-list js-mmodal-list\">\n        \n\n<a class=\"person-item js-mmodal-link wp-block-sa-blocks-leader\" href=\"\">\n  \n  <div class=\"person-item__img\">\n    <img loading=\"lazy\" decoding=\"async\" width=\"706\" height=\"705\" src=\"https:\/\/www.scribecanada.com\/wp-content\/uploads\/2021\/11\/DaveKing_Outdoor_cropped.jpg\" srcset=\"https:\/\/www.scribecanada.com\/wp-content\/uploads\/2021\/11\/DaveKing_Outdoor_cropped.jpg 706w, https:\/\/www.scribecanada.com\/wp-content\/uploads\/2021\/11\/DaveKing_Outdoor_cropped-300x300.jpg 300w, https:\/\/www.scribecanada.com\/wp-content\/uploads\/2021\/11\/DaveKing_Outdoor_cropped-150x150.jpg 150w, https:\/\/www.scribecanada.com\/wp-content\/uploads\/2021\/11\/DaveKing_Outdoor_cropped-650x650.jpg 650w, https:\/\/www.scribecanada.com\/wp-content\/uploads\/2021\/11\/DaveKing_Outdoor_cropped-340x340.jpg 340w, https:\/\/www.scribecanada.com\/wp-content\/uploads\/2021\/11\/DaveKing_Outdoor_cropped-680x680.jpg 680w, https:\/\/www.scribecanada.com\/wp-content\/uploads\/2021\/11\/DaveKing_Outdoor_cropped-95x95.jpg 95w, https:\/\/www.scribecanada.com\/wp-content\/uploads\/2021\/11\/DaveKing_Outdoor_cropped-190x190.jpg 190w, https:\/\/www.scribecanada.com\/wp-content\/uploads\/2021\/11\/DaveKing_Outdoor_cropped-375x375.jpg 375w, https:\/\/www.scribecanada.com\/wp-content\/uploads\/2021\/11\/DaveKing_Outdoor_cropped-125x125.jpg 125w, https:\/\/www.scribecanada.com\/wp-content\/uploads\/2021\/11\/DaveKing_Outdoor_cropped-250x250.jpg 250w, https:\/\/www.scribecanada.com\/wp-content\/uploads\/2021\/11\/DaveKing_Outdoor_cropped-474x474.jpg 474w, https:\/\/www.scribecanada.com\/wp-content\/uploads\/2021\/11\/DaveKing_Outdoor_cropped-500x500.jpg 500w, https:\/\/www.scribecanada.com\/wp-content\/uploads\/2021\/11\/DaveKing_Outdoor_cropped-100x100.jpg 100w, https:\/\/www.scribecanada.com\/wp-content\/uploads\/2021\/11\/DaveKing_Outdoor_cropped-200x200.jpg 200w\" alt=\"\" sizes=\"auto, 351px\">\n  <\/div>\n\n\n<div class=\"person-item__inner js-scroll-wrapper\">\n  <p class=\"person-item__name\">Dave King<\/p>\n  <p class=\"person-item__position\">Pr\u00e9sident ex\u00e9cutif<\/p>\n  <div class=\"person-item__modal-info\">\n    <div class=\"article article--xs\">\n      \n\n<p>M. King est un haut responsable respect\u00e9 du secteur de la sant\u00e9, qui met l&#8217;accent sur une compr\u00e9hension approfondie de ce secteur, sur la planification strat\u00e9gique, sur le fait de &#8220;jouer le jeu \u00e0 long terme&#8221; et sur la n\u00e9cessit\u00e9 de rester \u00e0 l&#8217;avant-garde des tendances et des d\u00e9fis du secteur, qui \u00e9voluent rapidement. Il utilise les connaissances acquises au cours de sa carri\u00e8re de plus de 20 ans en tant que leader dans le domaine de la sant\u00e9 pour fournir des conseils strat\u00e9giques et op\u00e9rationnels \u00e0 un certain nombre d&#8217;acteurs du secteur.<\/p>\n\n\n\n<p>M. King \u00e9tait derni\u00e8rement pr\u00e9sident ex\u00e9cutif et PDG de Laboratory Corporation of America Holdings (Labcorp &#8211; NYSE : LH). Sous sa direction, Labcorp est pass\u00e9 d&#8217;un simple laboratoire d&#8217;analyses am\u00e9ricain \u00e0 une entreprise mondiale de premier plan dans le domaine des sciences de la vie, triplant sa taille gr\u00e2ce \u00e0 une combinaison de croissance organique et d&#8217;acquisitions strat\u00e9giques, entrant dans le classement Fortune 500 et figurant sur la liste des entreprises les plus admir\u00e9es au monde \u00e9tablie par Fortune. Elle est aujourd&#8217;hui le plus grand laboratoire clinique du monde et la deuxi\u00e8me entreprise de d\u00e9veloppement de m\u00e9dicaments. En 2019, Forbes a inscrit M. King sur sa liste des leaders am\u00e9ricains les plus innovants. Avant de rejoindre Labcorp, M. King \u00e9tait associ\u00e9 chez Hogan &amp; Hartson LLP (aujourd&#8217;hui Hogan Lovells), o\u00f9 il \u00e9tait l&#8217;un des principaux responsables de la pratique de fraude et d&#8217;abus dans le domaine de la sant\u00e9, repr\u00e9sentant des entreprises nationales de soins de sant\u00e9 dans le cadre d&#8217;enqu\u00eates et de litiges. M. King a \u00e9galement \u00e9t\u00e9 procureur adjoint des \u00c9tats-Unis pour le district du Maryland.<\/p>\n\n\n\n<p>M. King est pr\u00e9sident ex\u00e9cutif de ScribeAmerica, un fournisseur de premier plan de solutions pour le personnel de sant\u00e9 ; il est pr\u00e9sident non ex\u00e9cutif de Privia Health (NASDAQ : PRVA) ; il si\u00e8ge \u00e9galement aux conseils d&#8217;administration de ZimVie (NASDAQ : ZIMV), binx health et VaxCare. L&#8217;engagement consid\u00e9rable de M. King au service de la communaut\u00e9 comprend \u00e9galement les fonctions de pr\u00e9sident du conseil d&#8217;administration de PATH, une organisation mondiale de sant\u00e9 \u00e0 but non lucratif ; de membre du conseil d&#8217;administration de Novant Health, un syst\u00e8me de sant\u00e9 int\u00e9gr\u00e9 dans plusieurs \u00c9tats ; de membre du conseil consultatif et du comit\u00e9 ex\u00e9cutif du Robert J. Margolis, MD, Center for Health Policy de l&#8217;universit\u00e9 Duke ; et de membre du conseil d&#8217;administration du Emily K Center, un centre de pr\u00e9paration \u00e0 l&#8217;universit\u00e9 fond\u00e9 par l&#8217;entra\u00eeneur de Duke, Mike Krzyzewski. M. King a pr\u00e9c\u00e9demment si\u00e9g\u00e9 au conseil d&#8217;administration de Cardinal Health (NYSE : CAH), une entreprise de soins de sant\u00e9 figurant au classement Fortune 20, et de l&#8217;American Clinical Laboratory Association, dont il a \u00e9t\u00e9 le pr\u00e9sident du conseil d&#8217;administration de 2010 \u00e0 2014.<\/p>\n\n\n\n<p>M. King est titulaire d&#8217;une licence, avec mention, de l&#8217;universit\u00e9 de Princeton et d&#8217;un doctorat en droit, avec mention, de la facult\u00e9 de droit de l&#8217;universit\u00e9 de Pennsylvanie.<\/p>\n\n\n    <\/div>\n  <\/div>\n<\/div><\/a>\n\n\n<a class=\"person-item js-mmodal-link wp-block-sa-blocks-leader\" href=\"\">\n  \n  <div class=\"person-item__img\">\n    <img loading=\"lazy\" decoding=\"async\" width=\"375\" height=\"375\" src=\"https:\/\/www.scribecanada.com\/wp-content\/uploads\/2019\/06\/coo_dr_tony_andrulonis.jpg\" srcset=\"https:\/\/www.scribecanada.com\/wp-content\/uploads\/2019\/06\/coo_dr_tony_andrulonis.jpg 375w, https:\/\/www.scribecanada.com\/wp-content\/uploads\/2019\/06\/coo_dr_tony_andrulonis-300x300.jpg 300w, https:\/\/www.scribecanada.com\/wp-content\/uploads\/2019\/06\/coo_dr_tony_andrulonis-150x150.jpg 150w\" alt=\"\" sizes=\"auto, 351px\">\n  <\/div>\n\n\n<div class=\"person-item__inner js-scroll-wrapper\">\n  <p class=\"person-item__name\">Tony Andrulonis, M.D.<\/p>\n  <p class=\"person-item__position\">Pr\u00e9sident<\/p>\n  <div class=\"person-item__modal-info\">\n    <div class=\"article article--xs\">\n      \n\n<p>Tony Andrulonis dirige les op\u00e9rations de la famille de solutions ScribeAmerica, y compris ScribeCanada. \u00c0 ce titre, il collabore de mani\u00e8re transversale avec la direction, les cadres sup\u00e9rieurs et les responsables locaux afin de d\u00e9finir des objectifs de performance cl\u00e9s et d&#8217;\u00e9laborer des strat\u00e9gies visant \u00e0 relever les d\u00e9fis de la prestation de soins de sant\u00e9.<\/p>\n\n\n\n<p>En tant que m\u00e9decin urgentiste, le Dr Andrulonis a obtenu des r\u00e9sultats r\u00e9volutionnaires en mati\u00e8re de soins cliniques et d&#8217;efficacit\u00e9 administrative au cours de sa carri\u00e8re. Expert en am\u00e9lioration de la qualit\u00e9 de vie des patients et des prestataires de soins, il guide les syst\u00e8mes de sant\u00e9 dans la transition vers des soins fond\u00e9s sur la valeur.<\/p>\n\n\n\n<p>Avant de rejoindre ScribeAmerica, le Dr Andrulonis a \u00e9t\u00e9 pr\u00e9sident de la m\u00e9decine d&#8217;urgence \u00e0 Envision Health et chef du d\u00e9partement de m\u00e9decine d&#8217;urgence \u00e0 Baptist Health \u00e0 Miami, en Floride. En tant que membre de la Task Force de l&#8217;Agence f\u00e9d\u00e9rale de gestion des urgences (FEMA), le Dr Andrulonis a contribu\u00e9 \u00e0 l&#8217;intervention d&#8217;urgence lors des attentats du 11 septembre et de l&#8217;ouragan Katrina. Il est un conf\u00e9rencier recherch\u00e9 et a \u00e9t\u00e9 reconnu par l&#8217;American College of Emergency Physicians (ACEP) comme un &#8220;h\u00e9ros de la m\u00e9decine d&#8217;urgence&#8221; lors de la c\u00e9l\u00e9bration de son 40e anniversaire.<\/p>\n\n\n\n<p>Le docteur Andrulonis est dipl\u00f4m\u00e9 de l&#8217;\u00e9cole de m\u00e9decine de l&#8217;universit\u00e9 de Pittsburgh et a effectu\u00e9 une r\u00e9sidence \u00e0 l&#8217;universit\u00e9 de Pennsylvanie. Il est titulaire d&#8217;un MBA de la Northwestern, Kellogg School of Management, et a \u00e9t\u00e9 professeur adjoint de m\u00e9decine d&#8217;urgence \u00e0 l&#8217;universit\u00e9 de Pennsylvanie.<\/p>\n\n\n    <\/div>\n  <\/div>\n<\/div><\/a>\n\n\n<a class=\"person-item js-mmodal-link wp-block-sa-blocks-leader\" href=\"\">\n  \n  <div class=\"person-item__img\">\n    <img loading=\"lazy\" decoding=\"async\" width=\"375\" height=\"375\" src=\"https:\/\/www.scribecanada.com\/wp-content\/uploads\/2019\/09\/svpop_amanda_ford.jpg\" srcset=\"https:\/\/www.scribecanada.com\/wp-content\/uploads\/2019\/09\/svpop_amanda_ford.jpg 375w, https:\/\/www.scribecanada.com\/wp-content\/uploads\/2019\/09\/svpop_amanda_ford-300x300.jpg 300w, https:\/\/www.scribecanada.com\/wp-content\/uploads\/2019\/09\/svpop_amanda_ford-150x150.jpg 150w\" alt=\"\" sizes=\"auto, 351px\">\n  <\/div>\n\n\n<div class=\"person-item__inner js-scroll-wrapper\">\n  <p class=\"person-item__name\">Amanda Ford<\/p>\n  <p class=\"person-item__position\">Vice-pr\u00e9sident ex\u00e9cutif des op\u00e9rations<\/p>\n  <div class=\"person-item__modal-info\">\n    <div class=\"article article--xs\">\n      \n\n<p>Amanda travaille en \u00e9troite collaboration avec des partenaires hospitaliers et des groupes de recrutement dans tout le pays afin de fournir des solutions de soins de sant\u00e9 personnalis\u00e9es sur le lieu de soins. Elle travaille dans le secteur de la scribe m\u00e9dicale depuis 2002 et a commenc\u00e9 sa carri\u00e8re en tant que chef de scribe et responsable de la mise en \u0153uvre. Son travail a contribu\u00e9 \u00e0 fa\u00e7onner l&#8217;industrie moderne des scribes m\u00e9dicaux d&#8217;aujourd&#8217;hui.<\/p>\n\n\n\n<p>Amanda a exerc\u00e9 des fonctions de d\u00e9veloppement commercial en \u00e9laborant des strat\u00e9gies avec des partenaires et en supervisant des \u00e9quipes op\u00e9rationnelles ax\u00e9es sur la normalisation et l&#8217;ex\u00e9cution. Elle a dirig\u00e9 des \u00e9quipes nationales pendant des p\u00e9riodes de changement dynamique, y compris des expansions et des acquisitions. L&#8217;exp\u00e9rience et l&#8217;expertise d&#8217;Amanda dans le secteur de la sant\u00e9, associ\u00e9es \u00e0 sa formation juridique, lui permettent de travailler avec nos partenaires pour fournir des solutions innovantes et conformes dans le cadre du continuum de soins.<\/p>\n\n\n\n<p>Amanda est dipl\u00f4m\u00e9e de l&#8217;universit\u00e9 chr\u00e9tienne du Texas en biologie et a obtenu un doctorat en droit \u00e0 la Texas A &amp; M Law School, o\u00f9 elle a obtenu la mention Magna Cum Laude. Elle r\u00e9side dans la r\u00e9gion de Dallas\/Fort Worth avec son mari, ses deux fils et ses deux belles-filles.<\/p>\n\n\n    <\/div>\n  <\/div>\n<\/div><\/a>\n\t\t\t\n      <\/div>\t\t\t\t\t\t\t\t\t\t\t\t\t\t\t\n    <\/div>\t\t\t\t\t\t\n  <\/div>\n<\/div>\n\n    \n  <\/div>\n\n  <div class=\"mmodal js-mmodal\">\n\n    <div class=\"mmodal__overlay js-mmodal-overlay\"><\/div>\n\n    <div class=\"mmodal__content js-mmodal-content\">\n\n      <button class=\"mmodal__prev btn-prev js-mmodal-prev\"><\/button>\n\n      <button class=\"mmodal__next btn-next js-mmodal-next\"><\/button>\n\n      <button class=\"mmodal__close js-mmodal-close\">\n        <!--?xml version=\"1.0\" encoding=\"utf-8\"?-->\n        <svg version=\"1.1\" xmlns=\"http:\/\/www.w3.org\/2000\/svg\" xmlns:xlink=\"http:\/\/www.w3.org\/1999\/xlink\" x=\"0px\" y=\"0px\" viewBox=\"0 0 28 28\" style=\"enable-background:new 0 0 28 28;\" xml:space=\"preserve\">\n          <path class=\"st0\" d=\"M28,2.8L25.2,0L14,11.2L2.8,0L0,2.8L11.2,14L0,25.2L2.8,28L14,16.8L25.2,28l2.8-2.8L16.8,14L28,2.8z\"><\/path>\n        <\/svg>\n\n      <\/button>\n\n      <div class=\"mmodal__inner js-mmodal-inner\"><\/div>\n\n    <\/div>\n\n  <\/div>\n<\/section>","protected":false},"excerpt":{"rendered":"","protected":false},"author":3,"featured_media":0,"parent":0,"menu_order":0,"comment_status":"closed","ping_status":"closed","template":"templates\/template-gutenberg.php","meta":{"content-type":"","inline_featured_image":false,"footnotes":""},"tags":[],"class_list":["post-992","page","type-page","status-publish","hentry"],"yoast_head":"<!-- This site is optimized with the Yoast SEO plugin v27.3 - https:\/\/yoast.com\/product\/yoast-seo-wordpress\/ -->\n<title>Direction - ScribeCanada<\/title>\n<meta name=\"robots\" content=\"index, follow, max-snippet:-1, max-image-preview:large, max-video-preview:-1\" \/>\n<link rel=\"canonical\" href=\"https:\/\/www.scribecanada.com\/fr\/direction\/\" \/>\n<meta property=\"og:locale\" content=\"fr_FR\" \/>\n<meta property=\"og:type\" content=\"article\" \/>\n<meta property=\"og:title\" content=\"Direction - ScribeCanada\" \/>\n<meta property=\"og:url\" content=\"https:\/\/www.scribecanada.com\/fr\/direction\/\" \/>\n<meta property=\"og:site_name\" content=\"ScribeCanada\" \/>\n<meta property=\"article:modified_time\" content=\"2024-05-03T19:24:53+00:00\" \/>\n<meta name=\"twitter:card\" content=\"summary_large_image\" \/>\n<meta name=\"twitter:label1\" content=\"Est. reading time\" \/>\n\t<meta name=\"twitter:data1\" content=\"5 minutes\" \/>\n<script type=\"application\/ld+json\" class=\"yoast-schema-graph\">{\"@context\":\"https:\\\/\\\/schema.org\",\"@graph\":[{\"@type\":\"WebPage\",\"@id\":\"https:\\\/\\\/www.scribecanada.com\\\/fr\\\/direction\\\/\",\"url\":\"https:\\\/\\\/www.scribecanada.com\\\/fr\\\/direction\\\/\",\"name\":\"Direction - ScribeCanada\",\"isPartOf\":{\"@id\":\"https:\\\/\\\/www.scribecanada.com\\\/fr\\\/#website\"},\"datePublished\":\"2019-06-20T20:43:27+00:00\",\"dateModified\":\"2024-05-03T19:24:53+00:00\",\"breadcrumb\":{\"@id\":\"https:\\\/\\\/www.scribecanada.com\\\/fr\\\/direction\\\/#breadcrumb\"},\"inLanguage\":\"fr-FR\",\"potentialAction\":[{\"@type\":\"ReadAction\",\"target\":[\"https:\\\/\\\/www.scribecanada.com\\\/fr\\\/direction\\\/\"]}]},{\"@type\":\"BreadcrumbList\",\"@id\":\"https:\\\/\\\/www.scribecanada.com\\\/fr\\\/direction\\\/#breadcrumb\",\"itemListElement\":[{\"@type\":\"ListItem\",\"position\":1,\"name\":\"Home\",\"item\":\"https:\\\/\\\/www.scribecanada.com\\\/fr\\\/\"},{\"@type\":\"ListItem\",\"position\":2,\"name\":\"Direction\"}]},{\"@type\":\"WebSite\",\"@id\":\"https:\\\/\\\/www.scribecanada.com\\\/fr\\\/#website\",\"url\":\"https:\\\/\\\/www.scribecanada.com\\\/fr\\\/\",\"name\":\"ScribeCanada\",\"description\":\"\",\"publisher\":{\"@id\":\"https:\\\/\\\/www.scribecanada.com\\\/fr\\\/#organization\"},\"potentialAction\":[{\"@type\":\"SearchAction\",\"target\":{\"@type\":\"EntryPoint\",\"urlTemplate\":\"https:\\\/\\\/www.scribecanada.com\\\/fr\\\/?s={search_term_string}\"},\"query-input\":{\"@type\":\"PropertyValueSpecification\",\"valueRequired\":true,\"valueName\":\"search_term_string\"}}],\"inLanguage\":\"fr-FR\"},{\"@type\":\"Organization\",\"@id\":\"https:\\\/\\\/www.scribecanada.com\\\/fr\\\/#organization\",\"name\":\"ScribeCanada Healthcare\",\"url\":\"https:\\\/\\\/www.scribecanada.com\\\/fr\\\/\",\"logo\":{\"@type\":\"ImageObject\",\"inLanguage\":\"fr-FR\",\"@id\":\"https:\\\/\\\/www.scribecanada.com\\\/fr\\\/#\\\/schema\\\/logo\\\/image\\\/\",\"url\":\"https:\\\/\\\/www.scribecanada.com\\\/wp-content\\\/uploads\\\/2020\\\/02\\\/scan_logo.png\",\"contentUrl\":\"https:\\\/\\\/www.scribecanada.com\\\/wp-content\\\/uploads\\\/2020\\\/02\\\/scan_logo.png\",\"width\":512,\"height\":149,\"caption\":\"ScribeCanada Healthcare\"},\"image\":{\"@id\":\"https:\\\/\\\/www.scribecanada.com\\\/fr\\\/#\\\/schema\\\/logo\\\/image\\\/\"}}]}<\/script>\n<!-- \/ Yoast SEO plugin. -->","yoast_head_json":{"title":"Direction - ScribeCanada","robots":{"index":"index","follow":"follow","max-snippet":"max-snippet:-1","max-image-preview":"max-image-preview:large","max-video-preview":"max-video-preview:-1"},"canonical":"https:\/\/www.scribecanada.com\/fr\/direction\/","og_locale":"fr_FR","og_type":"article","og_title":"Direction - ScribeCanada","og_url":"https:\/\/www.scribecanada.com\/fr\/direction\/","og_site_name":"ScribeCanada","article_modified_time":"2024-05-03T19:24:53+00:00","twitter_card":"summary_large_image","twitter_misc":{"Est. reading time":"5 minutes"},"schema":{"@context":"https:\/\/schema.org","@graph":[{"@type":"WebPage","@id":"https:\/\/www.scribecanada.com\/fr\/direction\/","url":"https:\/\/www.scribecanada.com\/fr\/direction\/","name":"Direction - ScribeCanada","isPartOf":{"@id":"https:\/\/www.scribecanada.com\/fr\/#website"},"datePublished":"2019-06-20T20:43:27+00:00","dateModified":"2024-05-03T19:24:53+00:00","breadcrumb":{"@id":"https:\/\/www.scribecanada.com\/fr\/direction\/#breadcrumb"},"inLanguage":"fr-FR","potentialAction":[{"@type":"ReadAction","target":["https:\/\/www.scribecanada.com\/fr\/direction\/"]}]},{"@type":"BreadcrumbList","@id":"https:\/\/www.scribecanada.com\/fr\/direction\/#breadcrumb","itemListElement":[{"@type":"ListItem","position":1,"name":"Home","item":"https:\/\/www.scribecanada.com\/fr\/"},{"@type":"ListItem","position":2,"name":"Direction"}]},{"@type":"WebSite","@id":"https:\/\/www.scribecanada.com\/fr\/#website","url":"https:\/\/www.scribecanada.com\/fr\/","name":"ScribeCanada","description":"","publisher":{"@id":"https:\/\/www.scribecanada.com\/fr\/#organization"},"potentialAction":[{"@type":"SearchAction","target":{"@type":"EntryPoint","urlTemplate":"https:\/\/www.scribecanada.com\/fr\/?s={search_term_string}"},"query-input":{"@type":"PropertyValueSpecification","valueRequired":true,"valueName":"search_term_string"}}],"inLanguage":"fr-FR"},{"@type":"Organization","@id":"https:\/\/www.scribecanada.com\/fr\/#organization","name":"ScribeCanada Healthcare","url":"https:\/\/www.scribecanada.com\/fr\/","logo":{"@type":"ImageObject","inLanguage":"fr-FR","@id":"https:\/\/www.scribecanada.com\/fr\/#\/schema\/logo\/image\/","url":"https:\/\/www.scribecanada.com\/wp-content\/uploads\/2020\/02\/scan_logo.png","contentUrl":"https:\/\/www.scribecanada.com\/wp-content\/uploads\/2020\/02\/scan_logo.png","width":512,"height":149,"caption":"ScribeCanada Healthcare"},"image":{"@id":"https:\/\/www.scribecanada.com\/fr\/#\/schema\/logo\/image\/"}}]}},"_links":{"self":[{"href":"https:\/\/www.scribecanada.com\/fr\/wp-json\/wp\/v2\/pages\/992","targetHints":{"allow":["GET"]}}],"collection":[{"href":"https:\/\/www.scribecanada.com\/fr\/wp-json\/wp\/v2\/pages"}],"about":[{"href":"https:\/\/www.scribecanada.com\/fr\/wp-json\/wp\/v2\/types\/page"}],"author":[{"embeddable":true,"href":"https:\/\/www.scribecanada.com\/fr\/wp-json\/wp\/v2\/users\/3"}],"replies":[{"embeddable":true,"href":"https:\/\/www.scribecanada.com\/fr\/wp-json\/wp\/v2\/comments?post=992"}],"version-history":[{"count":9,"href":"https:\/\/www.scribecanada.com\/fr\/wp-json\/wp\/v2\/pages\/992\/revisions"}],"predecessor-version":[{"id":1083,"href":"https:\/\/www.scribecanada.com\/fr\/wp-json\/wp\/v2\/pages\/992\/revisions\/1083"}],"wp:attachment":[{"href":"https:\/\/www.scribecanada.com\/fr\/wp-json\/wp\/v2\/media?parent=992"}],"wp:term":[{"taxonomy":"post_tag","embeddable":true,"href":"https:\/\/www.scribecanada.com\/fr\/wp-json\/wp\/v2\/tags?post=992"}],"curies":[{"name":"wp","href":"https:\/\/api.w.org\/{rel}","templated":true}]}}