{"id":998,"date":"2019-06-19T21:14:51","date_gmt":"2019-06-20T01:14:51","guid":{"rendered":"https:\/\/dev.scribecanada.com\/scribes-medicaux\/"},"modified":"2024-04-04T19:50:46","modified_gmt":"2024-04-04T23:50:46","slug":"scribes-medicaux","status":"publish","type":"page","link":"https:\/\/www.scribecanada.com\/fr\/scribes-medicaux\/","title":{"rendered":"Scribes m\u00e9dicaux"},"content":{"rendered":"<section class=\"wp-block-sa-blocks-pat-champ\">\n\n<div class=\"content-wrapper\">\n\n  \n    <div class='image-wrapper'>\n      <div class=\"image\">\n        <img loading=\"lazy\" decoding=\"async\" width=\"640\" height=\"480\" src=\"https:\/\/www.scribecanada.com\/wp-content\/uploads\/2019\/06\/male_scribe.jpg\" srcset=\"https:\/\/www.scribecanada.com\/wp-content\/uploads\/2019\/06\/male_scribe.jpg 640w, https:\/\/www.scribecanada.com\/wp-content\/uploads\/2019\/06\/male_scribe-300x225.jpg 300w\" sizes=\"auto, (max-width: 960px) 300px, (max-width: 1100px) 400px, 450px\" alt=\"\" \/>\n      <\/div>\n    <\/div>\n\n  \n  <div class='copy-wrapper'>\n\n    \n\n<h1 class=\"wp-block-heading\">Scribes m\u00e9dicaux<\/h1>\n\n\n\n<p>Le r\u00f4le du scribe m\u00e9dical traditionnel a \u00e9volu\u00e9, passant d&#8217;assistant de documentation \u00e0 partenaire de productivit\u00e9. Bien qu&#8217;ils s&#8217;attachent principalement \u00e0 r\u00e9duire la charge de travail des dossiers m\u00e9dicaux \u00e9lectroniques (DME), les scribes m\u00e9dicaux d&#8217;aujourd&#8217;hui am\u00e9liorent l&#8217;efficacit\u00e9 de l&#8217;ensemble des \u00e9quipes de soins. Alors que l&#8217;\u00e9puisement professionnel atteint des proportions \u00e9pid\u00e9miques, les scribes m\u00e9dicaux accomplissent des t\u00e2ches auxiliaires essentielles, permettant ainsi aux \u00e9quipes soignantes de travailler dans les meilleures conditions.<\/p>\n\n\n\n  <\/div>\n\n<\/div><\/section><div class=\"benefits\" data-scroll=\"benefits\">\n  <div class=\"wrap\">\n\t\t<div class=\"benefits__decor\"><\/div>\n    <div class=\"benefits__inner\">\n      \n<div class=\"benefits__text-side wp-block-sa-blocks-benefits-copy\">\n  \n\n<h2 class=\"wp-block-heading\">Qu&#8217;est-ce qu&#8217;un scribe m\u00e9dical ?<\/h2>\n\n\n\n<p>Les scribes m\u00e9dicaux travaillent aux c\u00f4t\u00e9s des prestataires de soins de sant\u00e9 pour am\u00e9liorer la prestation des soins, r\u00e9duire la charge administrative et am\u00e9liorer le flux de travail de l&#8217;\u00e9quipe soignante. Depuis pr\u00e8s de vingt ans, l&#8217;\u00e9quipe d&#8217;experts de ScribeAmerica a servi de partenaire r\u00e9fl\u00e9chi aux principaux syst\u00e8mes de sant\u00e9 visant \u00e0 renforcer l&#8217;efficacit\u00e9 et \u00e0 am\u00e9liorer l&#8217;exp\u00e9rience des patients.<\/p>\n\n<\/div>\n\n\n<div class=\"wp-block-sa-blocks-benefits-cards\">\n  <div class=\"benefits__slider-side\">\n    <div class=\"bslider-wrapper js-bslider-wrapper\">\n\t\t\t<div class=\"benefits__decor-mob\"><\/div>\n      <div class=\"bslider simple-slider-dots js-bslider\">\n\n        \n   <div class=\"bslider__slide js-bslider-slide\">\n    <div class=\"benef-card-pate\">\n\n      <div class=\"benef-card\" data-number=\"1\">\n        <span class=\"benef-card__number\">1<\/span>\n        <div class=\"benef-card__inner\">\n          <div class=\"benef-card__text\">\n            \n\n<p>Augmenter la satisfaction des prestataires en r\u00e9duisant le temps pass\u00e9 derri\u00e8re un ordinateur \u00e0 mettre \u00e0 jour les dossiers.<\/p>\n\n\n          <\/div>\n        <\/div>\n      <\/div>\n\n\n\n\n      <div class=\"benef-card\" data-number=\"2\">\n        <span class=\"benef-card__number\">2<\/span>\n        <div class=\"benef-card__inner\">\n          <div class=\"benef-card__text\">\n            \n\n<p>Les scribes m\u00e9dicaux rassemblent des informations importantes sur les patients pour les prestataires avant les rencontres cliniques afin de rendre les visites plus productives.<\/p>\n\n\n          <\/div>\n        <\/div>\n      <\/div>\n\n\n\n\n      <div class=\"benef-card\" data-number=\"3\">\n        <span class=\"benef-card__number\">3<\/span>\n        <div class=\"benef-card__inner\">\n          <div class=\"benef-card__text\">\n            \n\n<p>Des \u00e9quipes de soins bien dimensionn\u00e9es avec un soutien auxiliaire hautement qualifi\u00e9. Nos scribes m\u00e9dicaux sont souvent des \u00e9tudiants en m\u00e9decine d\u00e9sireux d&#8217;acqu\u00e9rir de l&#8217;exp\u00e9rience dans le domaine des soins de sant\u00e9 et passionn\u00e9s par la prestation de soins de qualit\u00e9.<\/p>\n\n\n          <\/div>\n        <\/div>\n      <\/div>\n\n\n\n\n      <div class=\"benef-card\" data-number=\"4\">\n        <span class=\"benef-card__number\">4<\/span>\n        <div class=\"benef-card__inner\">\n          <div class=\"benef-card__text\">\n            \n\n<p>Am\u00e9liorer l&#8217;exp\u00e9rience des patients en lib\u00e9rant les prestataires pour qu&#8217;ils soient au chevet des patients et non derri\u00e8re un ordinateur.<\/p>\n\n\n          <\/div>\n        <\/div>\n      <\/div>\n\n     <\/div>\n  <\/div>\n\n\n   <div class=\"bslider__slide js-bslider-slide\">\n    <div class=\"benef-card-pate\">\n\n      <div class=\"benef-card\" data-number=\"5\">\n        <span class=\"benef-card__number\">5<\/span>\n        <div class=\"benef-card__inner\">\n          <div class=\"benef-card__text\">\n            \n\n<p>Obtenir des r\u00e9sultats positifs en mati\u00e8re de sant\u00e9 gr\u00e2ce \u00e0 des prestataires qui se concentrent sur les patients afin d&#8217;\u00e9couter toute l&#8217;histoire du patient sans se laisser distraire, tandis que les scribes documentent directement dans le DME.<\/p>\n\n\n          <\/div>\n        <\/div>\n      <\/div>\n\n\n\n\n      <div class=\"benef-card\" data-number=\"6\">\n        <span class=\"benef-card__number\">6<\/span>\n        <div class=\"benef-card__inner\">\n          <div class=\"benef-card__text\">\n            \n\n<p>Renforcer les efforts de recrutement des prestataires et acqu\u00e9rir un avantage concurrentiel en proposant des scribes m\u00e9dicaux.<\/p>\n\n\n          <\/div>\n        <\/div>\n      <\/div>\n\n\n\n\n      <div class=\"benef-card\" data-number=\"7\">\n        <span class=\"benef-card__number\">7<\/span>\n        <div class=\"benef-card__inner\">\n          <div class=\"benef-card__text\">\n            \n\n<p>Atteindre les objectifs de sant\u00e9 de la population avec un soutien auxiliaire.<\/p>\n\n\n          <\/div>\n        <\/div>\n      <\/div>\n\n\n\n\n      <div class=\"benef-card\" data-number=\"8\">\n        <span class=\"benef-card__number\">8<\/span>\n        <div class=\"benef-card__inner\">\n          <div class=\"benef-card__text\">\n            \n\n<p>Faire progresser l&#8217;inscription \u00e0 la gestion des soins chroniques et am\u00e9liorer les scores RAF\/HCC.<\/p>\n\n\n          <\/div>\n        <\/div>\n      <\/div>\n\n     <\/div>\n  <\/div>\n\n\n   <div class=\"bslider__slide js-bslider-slide\">\n    <div class=\"benef-card-pate\">\n\n      <div class=\"benef-card\" data-number=\"9\">\n        <span class=\"benef-card__number\">9<\/span>\n        <div class=\"benef-card__inner\">\n          <div class=\"benef-card__text\">\n            \n\n<p>R\u00e9duire l&#8217;\u00e9puisement professionnel des soignants et des infirmi\u00e8res gr\u00e2ce au soutien d&#8217;un scribe m\u00e9dical.<\/p>\n\n\n          <\/div>\n        <\/div>\n      <\/div>\n\n\n\n\n      <div class=\"benef-card\" data-number=\"10\">\n        <span class=\"benef-card__number\">10<\/span>\n        <div class=\"benef-card__inner\">\n          <div class=\"benef-card__text\">\n            \n\n<p>Travaillant en parall\u00e8le avec les prestataires, les scribes m\u00e9dicaux mettent \u00e0 jour les notes du dossier pour montrer l&#8217;utilisation significative, alertent les prestataires sur la documentation inefficace et pr\u00e9parent les documents de sortie pour les patients.<\/p>\n\n\n          <\/div>\n        <\/div>\n      <\/div>\n\n\n<\/div><\/div>      <\/div>\n    <\/div>\n  <\/div>\n<\/div> <!-- close benefits -->\n\n    <\/div>\n  <\/div>\n<\/div>\n<section class=\"is-style-classic wp-block-sa-blocks-heading-w-paragraph\">\n  <div class=\"copy-wrapper\">\n    \n\n<h2 class=\"wp-block-heading\">Fournir le plus haut niveau de soins possible gr\u00e2ce aux scribes m\u00e9dicaux<\/h2>\n\n\n\n<hr class=\"wp-block-separator has-alpha-channel-opacity\"\/>\n\n\n\n<p>Des solutions cl\u00e9s en main pour la nouvelle \u00e8re des soins de sant\u00e9.<\/p>\n\n  <\/div>\n<\/section><section class=\"how-work__inner is-style-cards wp-block-sa-blocks-how-it-works\">\n  <div class=\"wtabs js-tabs\">\n    \n<section class=\"wtabs__nav js-tab-nav wp-block-sa-blocks-how-it-works-tabs\">\n  \n<a href=\"#\" class = \"wtabs-nav-item js-tab-nav-link is-active\" data-index=\"0\">\n      \n    <div class=\"wtabs-nav-item__img\">\n        <img decoding=\"async\" loading=\"lazy\" src=\"https:\/\/www.scribecanada.com\/wp-content\/uploads\/2023\/08\/medical-record-gray.svg\" alt=\"\">\n    <\/div>\n  \n  <span class=\"wtabs-nav-item__text\">\u00c9valuation qualitative et quantitative<\/span>\n<\/a>\n\n<a href=\"#\" class = \"wtabs-nav-item js-tab-nav-link \" data-index=\"1\">\n      \n    <div class=\"wtabs-nav-item__img\">\n        <img decoding=\"async\" loading=\"lazy\" src=\"https:\/\/www.scribecanada.com\/wp-content\/uploads\/2023\/08\/warning-gray.svg\" alt=\"\">\n    <\/div>\n  \n  <span class=\"wtabs-nav-item__text\">Gestion du programme Scribe<\/span>\n<\/a>\n\n<a href=\"#\" class = \"wtabs-nav-item js-tab-nav-link \" data-index=\"2\">\n      \n    <div class=\"wtabs-nav-item__img\">\n        <img decoding=\"async\" loading=\"lazy\" src=\"https:\/\/www.scribecanada.com\/wp-content\/uploads\/2023\/08\/document-check-gray.svg\" alt=\"\">\n    <\/div>\n  \n  <span class=\"wtabs-nav-item__text\">Rapports mensuels d&#8217;assurance qualit\u00e9<\/span>\n<\/a>\n<\/section>\n\n<section class=\"wtabs__content js-tabs-content wp-block-sa-blocks-how-it-works-cards\">\n  \n<div class=\"wtabs__item js-tabs-item is-active\" data-index=\"0\">\n\n  <div class=\"wtabs__text-side\">\n    <div class=\"wtabs__text-side-inner\">\n              <h3 class=\"title\">D\u00e9terminez les indicateurs qui sont importants pour vous.<\/h3>\n            \n      \n\n<ul class=\"wp-block-list\">\n<li>Examiner et d\u00e9finir les indicateurs cl\u00e9s de performance et les crit\u00e8res de r\u00e9f\u00e9rence.<\/li>\n\n\n\n<li>R\u00e9aliser des collectes de donn\u00e9es et des enqu\u00eates sur les prescriptions.<\/li>\n\n\n\n<li>Respecter les indicateurs de retour sur investissement et d&#8217;\u00e9tablissement de rapports.<\/li>\n<\/ul>\n\n\n      \n    <\/div>\n  <\/div>\n\n\n<\/div>\n\n<div class=\"wtabs__item js-tabs-item \" data-index=\"1\">\n\n  <div class=\"wtabs__text-side\">\n    <div class=\"wtabs__text-side-inner\">\n              <h3 class=\"title\">Pour les cabinets \u00e0 fort volume et les sp\u00e9cialit\u00e9s \u00e0 rythme soutenu.<\/h3>\n            \n      \n\n<ul class=\"wp-block-list\">\n<li>Recruter et embaucher pour r\u00e9pondre \u00e0 des volumes de patients sp\u00e9cifiques.<\/li>\n\n\n\n<li>Fournir une formation de pointe dans toutes les sp\u00e9cialit\u00e9s.<\/li>\n\n\n\n<li>D\u00e9finir les t\u00e2ches auxiliaires pour adapter le flux de travail de l&#8217;\u00e9quipe de soins.<\/li>\n<\/ul>\n\n\n      \n    <\/div>\n  <\/div>\n\n\n<\/div>\n\n<div class=\"wtabs__item js-tabs-item \" data-index=\"2\">\n\n  <div class=\"wtabs__text-side\">\n    <div class=\"wtabs__text-side-inner\">\n              <h3 class=\"title\">Le plus haut niveau de soutien aux scribes m\u00e9dicaux.<\/h3>\n            \n      \n\n<ul class=\"wp-block-list\">\n<li>Recevoir des rapports mensuels et des mises \u00e0 jour sur les graphiques.<\/li>\n\n\n\n<li>Diriger des \u00e9valuations \u00e0 90 jours pour suivre le succ\u00e8s.<\/li>\n\n\n\n<li>Mener des enqu\u00eates de satisfaction aupr\u00e8s des prestataires de soins apr\u00e8s la prescription.<\/li>\n<\/ul>\n\n\n      \n    <\/div>\n  <\/div>\n\n\n<\/div>\n<\/section>\n  <\/div>\n<\/section>","protected":false},"excerpt":{"rendered":"","protected":false},"author":3,"featured_media":801,"parent":0,"menu_order":0,"comment_status":"closed","ping_status":"closed","template":"templates\/template-gutenberg.php","meta":{"content-type":"","inline_featured_image":false,"footnotes":""},"tags":[],"class_list":["post-998","page","type-page","status-publish","has-post-thumbnail","hentry"],"yoast_head":"<!-- This site is optimized with the Yoast SEO plugin v27.3 - https:\/\/yoast.com\/product\/yoast-seo-wordpress\/ -->\n<title>Services de scribe m\u00e9dical pour les prestataires de soins de sant\u00e9 - %.<\/title>\n<meta name=\"robots\" content=\"index, follow, max-snippet:-1, max-image-preview:large, max-video-preview:-1\" \/>\n<link rel=\"canonical\" href=\"https:\/\/www.scribecanada.com\/fr\/scribes-medicaux\/\" \/>\n<meta property=\"og:locale\" content=\"fr_FR\" \/>\n<meta property=\"og:type\" content=\"article\" \/>\n<meta property=\"og:title\" content=\"Services de scribe m\u00e9dical pour les prestataires de soins de sant\u00e9 - %.\" \/>\n<meta property=\"og:url\" content=\"https:\/\/www.scribecanada.com\/fr\/scribes-medicaux\/\" \/>\n<meta property=\"og:site_name\" content=\"ScribeCanada\" \/>\n<meta property=\"article:modified_time\" content=\"2024-04-04T23:50:46+00:00\" \/>\n<meta property=\"og:image\" content=\"https:\/\/www.scribecanada.com\/wp-content\/uploads\/2019\/06\/male_scribe.jpg\" \/>\n\t<meta property=\"og:image:width\" content=\"640\" \/>\n\t<meta property=\"og:image:height\" content=\"480\" \/>\n\t<meta property=\"og:image:type\" content=\"image\/jpeg\" \/>\n<meta name=\"twitter:card\" content=\"summary_large_image\" \/>\n<meta name=\"twitter:label1\" content=\"Est. reading time\" \/>\n\t<meta name=\"twitter:data1\" content=\"3 minutes\" \/>\n<script type=\"application\/ld+json\" class=\"yoast-schema-graph\">{\"@context\":\"https:\\\/\\\/schema.org\",\"@graph\":[{\"@type\":\"WebPage\",\"@id\":\"https:\\\/\\\/www.scribecanada.com\\\/fr\\\/scribes-medicaux\\\/\",\"url\":\"https:\\\/\\\/www.scribecanada.com\\\/fr\\\/scribes-medicaux\\\/\",\"name\":\"Services de scribe m\u00e9dical pour les prestataires de soins de sant\u00e9 - %.\",\"isPartOf\":{\"@id\":\"https:\\\/\\\/www.scribecanada.com\\\/fr\\\/#website\"},\"primaryImageOfPage\":{\"@id\":\"https:\\\/\\\/www.scribecanada.com\\\/fr\\\/scribes-medicaux\\\/#primaryimage\"},\"image\":{\"@id\":\"https:\\\/\\\/www.scribecanada.com\\\/fr\\\/scribes-medicaux\\\/#primaryimage\"},\"thumbnailUrl\":\"https:\\\/\\\/www.scribecanada.com\\\/wp-content\\\/uploads\\\/2019\\\/06\\\/male_scribe.jpg\",\"datePublished\":\"2019-06-20T01:14:51+00:00\",\"dateModified\":\"2024-04-04T23:50:46+00:00\",\"breadcrumb\":{\"@id\":\"https:\\\/\\\/www.scribecanada.com\\\/fr\\\/scribes-medicaux\\\/#breadcrumb\"},\"inLanguage\":\"fr-FR\",\"potentialAction\":[{\"@type\":\"ReadAction\",\"target\":[\"https:\\\/\\\/www.scribecanada.com\\\/fr\\\/scribes-medicaux\\\/\"]}]},{\"@type\":\"ImageObject\",\"inLanguage\":\"fr-FR\",\"@id\":\"https:\\\/\\\/www.scribecanada.com\\\/fr\\\/scribes-medicaux\\\/#primaryimage\",\"url\":\"https:\\\/\\\/www.scribecanada.com\\\/wp-content\\\/uploads\\\/2019\\\/06\\\/male_scribe.jpg\",\"contentUrl\":\"https:\\\/\\\/www.scribecanada.com\\\/wp-content\\\/uploads\\\/2019\\\/06\\\/male_scribe.jpg\",\"width\":640,\"height\":480},{\"@type\":\"BreadcrumbList\",\"@id\":\"https:\\\/\\\/www.scribecanada.com\\\/fr\\\/scribes-medicaux\\\/#breadcrumb\",\"itemListElement\":[{\"@type\":\"ListItem\",\"position\":1,\"name\":\"Home\",\"item\":\"https:\\\/\\\/www.scribecanada.com\\\/fr\\\/\"},{\"@type\":\"ListItem\",\"position\":2,\"name\":\"Scribes m\u00e9dicaux\"}]},{\"@type\":\"WebSite\",\"@id\":\"https:\\\/\\\/www.scribecanada.com\\\/fr\\\/#website\",\"url\":\"https:\\\/\\\/www.scribecanada.com\\\/fr\\\/\",\"name\":\"ScribeCanada\",\"description\":\"\",\"publisher\":{\"@id\":\"https:\\\/\\\/www.scribecanada.com\\\/fr\\\/#organization\"},\"potentialAction\":[{\"@type\":\"SearchAction\",\"target\":{\"@type\":\"EntryPoint\",\"urlTemplate\":\"https:\\\/\\\/www.scribecanada.com\\\/fr\\\/?s={search_term_string}\"},\"query-input\":{\"@type\":\"PropertyValueSpecification\",\"valueRequired\":true,\"valueName\":\"search_term_string\"}}],\"inLanguage\":\"fr-FR\"},{\"@type\":\"Organization\",\"@id\":\"https:\\\/\\\/www.scribecanada.com\\\/fr\\\/#organization\",\"name\":\"ScribeCanada Healthcare\",\"url\":\"https:\\\/\\\/www.scribecanada.com\\\/fr\\\/\",\"logo\":{\"@type\":\"ImageObject\",\"inLanguage\":\"fr-FR\",\"@id\":\"https:\\\/\\\/www.scribecanada.com\\\/fr\\\/#\\\/schema\\\/logo\\\/image\\\/\",\"url\":\"https:\\\/\\\/www.scribecanada.com\\\/wp-content\\\/uploads\\\/2020\\\/02\\\/scan_logo.png\",\"contentUrl\":\"https:\\\/\\\/www.scribecanada.com\\\/wp-content\\\/uploads\\\/2020\\\/02\\\/scan_logo.png\",\"width\":512,\"height\":149,\"caption\":\"ScribeCanada Healthcare\"},\"image\":{\"@id\":\"https:\\\/\\\/www.scribecanada.com\\\/fr\\\/#\\\/schema\\\/logo\\\/image\\\/\"}}]}<\/script>\n<!-- \/ Yoast SEO plugin. -->","yoast_head_json":{"title":"Services de scribe m\u00e9dical pour les prestataires de soins de sant\u00e9 - %.","robots":{"index":"index","follow":"follow","max-snippet":"max-snippet:-1","max-image-preview":"max-image-preview:large","max-video-preview":"max-video-preview:-1"},"canonical":"https:\/\/www.scribecanada.com\/fr\/scribes-medicaux\/","og_locale":"fr_FR","og_type":"article","og_title":"Services de scribe m\u00e9dical pour les prestataires de soins de sant\u00e9 - %.","og_url":"https:\/\/www.scribecanada.com\/fr\/scribes-medicaux\/","og_site_name":"ScribeCanada","article_modified_time":"2024-04-04T23:50:46+00:00","og_image":[{"width":640,"height":480,"url":"https:\/\/www.scribecanada.com\/wp-content\/uploads\/2019\/06\/male_scribe.jpg","type":"image\/jpeg"}],"twitter_card":"summary_large_image","twitter_misc":{"Est. reading time":"3 minutes"},"schema":{"@context":"https:\/\/schema.org","@graph":[{"@type":"WebPage","@id":"https:\/\/www.scribecanada.com\/fr\/scribes-medicaux\/","url":"https:\/\/www.scribecanada.com\/fr\/scribes-medicaux\/","name":"Services de scribe m\u00e9dical pour les prestataires de soins de sant\u00e9 - %.","isPartOf":{"@id":"https:\/\/www.scribecanada.com\/fr\/#website"},"primaryImageOfPage":{"@id":"https:\/\/www.scribecanada.com\/fr\/scribes-medicaux\/#primaryimage"},"image":{"@id":"https:\/\/www.scribecanada.com\/fr\/scribes-medicaux\/#primaryimage"},"thumbnailUrl":"https:\/\/www.scribecanada.com\/wp-content\/uploads\/2019\/06\/male_scribe.jpg","datePublished":"2019-06-20T01:14:51+00:00","dateModified":"2024-04-04T23:50:46+00:00","breadcrumb":{"@id":"https:\/\/www.scribecanada.com\/fr\/scribes-medicaux\/#breadcrumb"},"inLanguage":"fr-FR","potentialAction":[{"@type":"ReadAction","target":["https:\/\/www.scribecanada.com\/fr\/scribes-medicaux\/"]}]},{"@type":"ImageObject","inLanguage":"fr-FR","@id":"https:\/\/www.scribecanada.com\/fr\/scribes-medicaux\/#primaryimage","url":"https:\/\/www.scribecanada.com\/wp-content\/uploads\/2019\/06\/male_scribe.jpg","contentUrl":"https:\/\/www.scribecanada.com\/wp-content\/uploads\/2019\/06\/male_scribe.jpg","width":640,"height":480},{"@type":"BreadcrumbList","@id":"https:\/\/www.scribecanada.com\/fr\/scribes-medicaux\/#breadcrumb","itemListElement":[{"@type":"ListItem","position":1,"name":"Home","item":"https:\/\/www.scribecanada.com\/fr\/"},{"@type":"ListItem","position":2,"name":"Scribes m\u00e9dicaux"}]},{"@type":"WebSite","@id":"https:\/\/www.scribecanada.com\/fr\/#website","url":"https:\/\/www.scribecanada.com\/fr\/","name":"ScribeCanada","description":"","publisher":{"@id":"https:\/\/www.scribecanada.com\/fr\/#organization"},"potentialAction":[{"@type":"SearchAction","target":{"@type":"EntryPoint","urlTemplate":"https:\/\/www.scribecanada.com\/fr\/?s={search_term_string}"},"query-input":{"@type":"PropertyValueSpecification","valueRequired":true,"valueName":"search_term_string"}}],"inLanguage":"fr-FR"},{"@type":"Organization","@id":"https:\/\/www.scribecanada.com\/fr\/#organization","name":"ScribeCanada Healthcare","url":"https:\/\/www.scribecanada.com\/fr\/","logo":{"@type":"ImageObject","inLanguage":"fr-FR","@id":"https:\/\/www.scribecanada.com\/fr\/#\/schema\/logo\/image\/","url":"https:\/\/www.scribecanada.com\/wp-content\/uploads\/2020\/02\/scan_logo.png","contentUrl":"https:\/\/www.scribecanada.com\/wp-content\/uploads\/2020\/02\/scan_logo.png","width":512,"height":149,"caption":"ScribeCanada Healthcare"},"image":{"@id":"https:\/\/www.scribecanada.com\/fr\/#\/schema\/logo\/image\/"}}]}},"_links":{"self":[{"href":"https:\/\/www.scribecanada.com\/fr\/wp-json\/wp\/v2\/pages\/998","targetHints":{"allow":["GET"]}}],"collection":[{"href":"https:\/\/www.scribecanada.com\/fr\/wp-json\/wp\/v2\/pages"}],"about":[{"href":"https:\/\/www.scribecanada.com\/fr\/wp-json\/wp\/v2\/types\/page"}],"author":[{"embeddable":true,"href":"https:\/\/www.scribecanada.com\/fr\/wp-json\/wp\/v2\/users\/3"}],"replies":[{"embeddable":true,"href":"https:\/\/www.scribecanada.com\/fr\/wp-json\/wp\/v2\/comments?post=998"}],"version-history":[{"count":4,"href":"https:\/\/www.scribecanada.com\/fr\/wp-json\/wp\/v2\/pages\/998\/revisions"}],"predecessor-version":[{"id":1039,"href":"https:\/\/www.scribecanada.com\/fr\/wp-json\/wp\/v2\/pages\/998\/revisions\/1039"}],"wp:featuredmedia":[{"embeddable":true,"href":"https:\/\/www.scribecanada.com\/fr\/wp-json\/wp\/v2\/media\/801"}],"wp:attachment":[{"href":"https:\/\/www.scribecanada.com\/fr\/wp-json\/wp\/v2\/media?parent=998"}],"wp:term":[{"taxonomy":"post_tag","embeddable":true,"href":"https:\/\/www.scribecanada.com\/fr\/wp-json\/wp\/v2\/tags?post=998"}],"curies":[{"name":"wp","href":"https:\/\/api.w.org\/{rel}","templated":true}]}}